{"id":96157,"date":"2021-09-30T08:15:25","date_gmt":"2021-09-30T08:15:25","guid":{"rendered":"https:\/\/precitronics.com\/hp-pour-porte-outils-rotatifs-star-discontinue-sv-12-20-sv32jii\/"},"modified":"2022-09-26T09:16:03","modified_gmt":"2022-09-26T09:16:03","slug":"hp-pour-porte-outils-rotatifs-star-discontinue-sv-12-20-sv32jii","status":"publish","type":"page","link":"https:\/\/precitronics.com\/fr\/hp-pour-porte-outils-rotatifs-star-discontinue-sv-12-20-sv32jii\/","title":{"rendered":"HP pour Porte-outils rotatifs | Star &#8211; Discontinu\u00e9 SV-12\/20, SV32JII"},"content":{"rendered":"<div class=\"wpb-content-wrapper\"><p>[vc_row row_height_percent=\u00a0\u00bb0&Prime; override_padding=\u00a0\u00bbyes\u00a0\u00bb h_padding=\u00a0\u00bb0&Prime; top_padding=\u00a0\u00bb2&Prime; bottom_padding=\u00a0\u00bb0&Prime; overlay_alpha=\u00a0\u00bb50&Prime; gutter_size=\u00a0\u00bb2&Prime; column_width_percent=\u00a0\u00bb100&Prime; shift_y=\u00a0\u00bb0&Prime; z_index=\u00a0\u00bb0&Prime; top_divider=\u00a0\u00bbstep\u00a0\u00bb bottom_divider=\u00a0\u00bbgradient\u00a0\u00bb][vc_column column_width_percent=\u00a0\u00bb100&Prime; align_horizontal=\u00a0\u00bbalign_right\u00a0\u00bb gutter_size=\u00a0\u00bb2&Prime; style=\u00a0\u00bblight\u00a0\u00bb font_family=\u00a0\u00bbfont-329340&Prime; overlay_alpha=\u00a0\u00bb50&Prime; shift_x=\u00a0\u00bb0&Prime; shift_y=\u00a0\u00bb0&Prime; shift_y_down=\u00a0\u00bb0&Prime; z_index=\u00a0\u00bb0&Prime; medium_width=\u00a0\u00bb0&Prime; mobile_width=\u00a0\u00bb0&Prime; width=\u00a0\u00bb1\/4&Prime;][\/vc_column][vc_column column_width_percent=\u00a0\u00bb100&Prime; gutter_size=\u00a0\u00bb3&Prime; font_family=\u00a0\u00bbfont-329340&Prime; overlay_alpha=\u00a0\u00bb50&Prime; shift_x=\u00a0\u00bb0&Prime; shift_y=\u00a0\u00bb0&Prime; shift_y_down=\u00a0\u00bb0&Prime; z_index=\u00a0\u00bb0&Prime; medium_width=\u00a0\u00bb0&Prime; mobile_width=\u00a0\u00bb0&Prime; width=\u00a0\u00bb3\/4&Prime;][vc_column_text]<a href=\"#c20gangtooling\"><u>SV-12\/20, SV32JII <\/u><\/a><u><a href=\"#c20gangtooling\">Porte-outils pour contre-op\u00e9ration<\/a><\/u>\u00a0\/\/ <a href=\"#backendtooling\"><u>SV-12\/20, SV32JII <\/u><\/a><u><a href=\"#c20gangtooling\">Porte-outils pour tourelle<\/a><\/u>[\/vc_column_text][\/vc_column][\/vc_row][vc_row row_height_percent=\u00a0\u00bb0&Prime; override_padding=\u00a0\u00bbyes\u00a0\u00bb h_padding=\u00a0\u00bb0&Prime; top_padding=\u00a0\u00bb1&Prime; bottom_padding=\u00a0\u00bb3&Prime; overlay_alpha=\u00a0\u00bb50&Prime; gutter_size=\u00a0\u00bb2&Prime; column_width_percent=\u00a0\u00bb100&Prime; shift_y=\u00a0\u00bb0&Prime; z_index=\u00a0\u00bb0&Prime; top_divider=\u00a0\u00bbstep\u00a0\u00bb bottom_divider=\u00a0\u00bbgradient\u00a0\u00bb row_name=\u00a0\u00bbc20gangtooling\u00a0\u00bb][vc_column column_width_percent=\u00a0\u00bb100&Prime; gutter_size=\u00a0\u00bb2&Prime; style=\u00a0\u00bblight\u00a0\u00bb font_family=\u00a0\u00bbfont-329340&Prime; overlay_alpha=\u00a0\u00bb50&Prime; shift_x=\u00a0\u00bb0&Prime; shift_y=\u00a0\u00bb0&Prime; shift_y_down=\u00a0\u00bb0&Prime; z_index=\u00a0\u00bb0&Prime; medium_width=\u00a0\u00bb0&Prime; mobile_width=\u00a0\u00bb0&Prime; width=\u00a0\u00bb1\/4&Prime;][vc_single_image media=\u00a0\u00bb84222&Prime; media_width_percent=\u00a0\u00bb30&Prime;][vc_custom_heading heading_semantic=\u00a0\u00bbh3&Prime; text_font=\u00a0\u00bbfont-329340&Prime; text_size=\u00a0\u00bbh3&Prime; text_weight=\u00a0\u00bb300&Prime; text_space=\u00a0\u00bbfontspace-781688&Prime; text_color=\u00a0\u00bbcolor-742106&Prime; sub_lead=\u00a0\u00bbyes\u00a0\u00bb sub_reduced=\u00a0\u00bbyes\u00a0\u00bb]STAR DISCONTINU\u00c9<br \/>\n<strong>SV-12\/20, SV32JII &gt;<\/strong>[\/vc_custom_heading][vc_empty_space empty_h=\u00a0\u00bb1&Prime;][vc_accordion active_tab=\u00a0\u00bb0&Prime;][vc_accordion_tab gutter_size=\u00a0\u00bb2&Prime; column_padding=\u00a0\u00bb2&Prime; title=\u00a0\u00bbMOD\u00c8LES ACTUELS\u00a0\u00bb tab_id=\u00a0\u00bb1615307991-1-591615364598934&Prime;][quadmenu_vc menu=\u00a0\u00bb145&Prime; theme=\u00a0\u00bbcustom_theme_1&Prime;][\/vc_accordion_tab][vc_accordion_tab gutter_size=\u00a0\u00bb2&Prime; column_padding=\u00a0\u00bb2&Prime; title=\u00a0\u00bbMOD\u00c8LES DISCONTINU\u00c9S\u00a0\u00bb tab_id=\u00a0\u00bb1615307991-2-261615364598934&Prime;][quadmenu_vc menu=\u00a0\u00bb187&Prime; theme=\u00a0\u00bbcustom_theme_1&Prime;][\/vc_accordion_tab][\/vc_accordion][vc_separator sep_color=\u00a0\u00bbcolor-742106&Prime; el_height=\u00a0\u00bb3px\u00a0\u00bb][\/vc_column][vc_column column_width_percent=\u00a0\u00bb100&Prime; gutter_size=\u00a0\u00bb1&Prime; overlay_alpha=\u00a0\u00bb50&Prime; shift_x=\u00a0\u00bb0&Prime; shift_y=\u00a0\u00bb0&Prime; shift_y_down=\u00a0\u00bb0&Prime; z_index=\u00a0\u00bb0&Prime; medium_width=\u00a0\u00bb0&Prime; mobile_width=\u00a0\u00bb0&Prime; width=\u00a0\u00bb3\/4&Prime;][vc_empty_space empty_h=\u00a0\u00bb2&Prime;][vc_separator sep_color=\u00a0\u00bbcolor-210407&Prime;][vc_custom_heading heading_semantic=\u00a0\u00bbh3&Prime; text_font=\u00a0\u00bbfont-329340&Prime; text_size=\u00a0\u00bbh4&Prime; text_weight=\u00a0\u00bb600&Prime; text_space=\u00a0\u00bbfontspace-781688&Prime; text_color=\u00a0\u00bbcolor-210407&Prime; sub_lead=\u00a0\u00bbyes\u00a0\u00bb sub_reduced=\u00a0\u00bbyes\u00a0\u00bb]Porte-outils pour contre-op\u00e9ration[\/vc_custom_heading][vc_empty_space empty_h=\u00a0\u00bb2&Prime;][uncode_index el_id=\u00a0\u00bbindex-438794534&Prime; isotope_mode=\u00a0\u00bbfitRows\u00a0\u00bb loop=\u00a0\u00bbsize:50|order_by:date|order:ASC|post_type:hp-live-tooling|tax_query:178|taxonomy_count:10&Prime; gutter_size=\u00a0\u00bb2&Prime; post_items=\u00a0\u00bbmedia|featured|onpost|poster,date,title,text|excerpt|140,spacer|one,sep-one|extra,spacer_two|one,author|md_size|hide_qualification\u00a0\u00bb hp-live-tooling_items=\u00a0\u00bbmedia|featured|onpost|original,title,text|excerpt,type\u00a0\u00bb screen_lg=\u00a0\u00bb2000&Prime; screen_md=\u00a0\u00bb600&Prime; screen_sm=\u00a0\u00bb480&Prime; single_width=\u00a0\u00bb2&Prime; single_shape=\u00a0\u00bbround\u00a0\u00bb single_overlay_color=\u00a0\u00bbaccent\u00a0\u00bb single_overlay_opacity=\u00a0\u00bb10&Prime; single_overlay_visible=\u00a0\u00bbyes\u00a0\u00bb single_text_visible=\u00a0\u00bbyes\u00a0\u00bb single_padding=\u00a0\u00bb1&Prime; single_text_reduced=\u00a0\u00bbyes\u00a0\u00bb single_title_dimension=\u00a0\u00bbh4&Prime; single_title_weight=\u00a0\u00bb600&Prime; single_border=\u00a0\u00bbyes\u00a0\u00bb][\/vc_column][\/vc_row][vc_row row_height_percent=\u00a0\u00bb0&Prime; override_padding=\u00a0\u00bbyes\u00a0\u00bb h_padding=\u00a0\u00bb0&Prime; top_padding=\u00a0\u00bb1&Prime; bottom_padding=\u00a0\u00bb3&Prime; overlay_alpha=\u00a0\u00bb50&Prime; gutter_size=\u00a0\u00bb2&Prime; column_width_percent=\u00a0\u00bb100&Prime; shift_y=\u00a0\u00bb0&Prime; z_index=\u00a0\u00bb0&Prime; top_divider=\u00a0\u00bbstep\u00a0\u00bb bottom_divider=\u00a0\u00bbgradient\u00a0\u00bb row_name=\u00a0\u00bbbackendtooling\u00a0\u00bb][vc_column column_width_percent=\u00a0\u00bb100&Prime; gutter_size=\u00a0\u00bb2&Prime; style=\u00a0\u00bblight\u00a0\u00bb font_family=\u00a0\u00bbfont-329340&Prime; overlay_alpha=\u00a0\u00bb50&Prime; shift_x=\u00a0\u00bb0&Prime; shift_y=\u00a0\u00bb0&Prime; shift_y_down=\u00a0\u00bb0&Prime; z_index=\u00a0\u00bb0&Prime; medium_width=\u00a0\u00bb0&Prime; mobile_width=\u00a0\u00bb0&Prime; width=\u00a0\u00bb1\/4&Prime;][\/vc_column][vc_column column_width_percent=\u00a0\u00bb100&Prime; gutter_size=\u00a0\u00bb1&Prime; overlay_alpha=\u00a0\u00bb50&Prime; shift_x=\u00a0\u00bb0&Prime; shift_y=\u00a0\u00bb0&Prime; shift_y_down=\u00a0\u00bb0&Prime; z_index=\u00a0\u00bb0&Prime; medium_width=\u00a0\u00bb0&Prime; mobile_width=\u00a0\u00bb0&Prime; width=\u00a0\u00bb3\/4&Prime;][vc_empty_space empty_h=\u00a0\u00bb2&Prime;][vc_separator sep_color=\u00a0\u00bbcolor-210407&Prime;][vc_custom_heading heading_semantic=\u00a0\u00bbh3&Prime; text_font=\u00a0\u00bbfont-329340&Prime; text_size=\u00a0\u00bbh4&Prime; text_weight=\u00a0\u00bb600&Prime; text_space=\u00a0\u00bbfontspace-781688&Prime; text_color=\u00a0\u00bbcolor-210407&Prime; sub_lead=\u00a0\u00bbyes\u00a0\u00bb sub_reduced=\u00a0\u00bbyes\u00a0\u00bb]Porte-outils pour tourelle[\/vc_custom_heading][vc_empty_space empty_h=\u00a0\u00bb2&Prime;][uncode_index el_id=\u00a0\u00bbindex-438794534&Prime; isotope_mode=\u00a0\u00bbfitRows\u00a0\u00bb loop=\u00a0\u00bbsize:50|order_by:date|order:ASC|post_type:hp-live-tooling|tax_query:184|taxonomy_count:10&Prime; gutter_size=\u00a0\u00bb2&Prime; post_items=\u00a0\u00bbmedia|featured|onpost|poster,date,title,text|excerpt|140,spacer|one,sep-one|extra,spacer_two|one,author|md_size|hide_qualification\u00a0\u00bb hp-live-tooling_items=\u00a0\u00bbmedia|featured|onpost|original,title,text|excerpt,type\u00a0\u00bb screen_lg=\u00a0\u00bb2000&Prime; screen_md=\u00a0\u00bb600&Prime; screen_sm=\u00a0\u00bb480&Prime; single_width=\u00a0\u00bb2&Prime; single_shape=\u00a0\u00bbround\u00a0\u00bb single_overlay_color=\u00a0\u00bbaccent\u00a0\u00bb single_overlay_opacity=\u00a0\u00bb10&Prime; single_overlay_visible=\u00a0\u00bbyes\u00a0\u00bb single_text_visible=\u00a0\u00bbyes\u00a0\u00bb single_padding=\u00a0\u00bb1&Prime; single_text_reduced=\u00a0\u00bbyes\u00a0\u00bb single_title_dimension=\u00a0\u00bbh4&Prime; single_title_weight=\u00a0\u00bb600&Prime; single_border=\u00a0\u00bbyes\u00a0\u00bb][\/vc_column][\/vc_row]<\/p>\n<\/div>","protected":false},"excerpt":{"rendered":"<p>[vc_row row_height_percent=\u00a0\u00bb0&Prime; override_padding=\u00a0\u00bbyes\u00a0\u00bb h_padding=\u00a0\u00bb0&Prime; top_padding=\u00a0\u00bb2&Prime; bottom_padding=\u00a0\u00bb0&Prime; overlay_alpha=\u00a0\u00bb50&Prime; gutter_size=\u00a0\u00bb2&Prime; column_width_percent=\u00a0\u00bb100&Prime; shift_y=\u00a0\u00bb0&Prime; z_index=\u00a0\u00bb0&Prime; top_divider=\u00a0\u00bbstep\u00a0\u00bb bottom_divider=\u00a0\u00bbgradient\u00a0\u00bb][vc_column column_width_percent=\u00a0\u00bb100&Prime; align_horizontal=\u00a0\u00bbalign_right\u00a0\u00bb gutter_size=\u00a0\u00bb2&Prime; style=\u00a0\u00bblight\u00a0\u00bb font_family=\u00a0\u00bbfont-329340&Prime; overlay_alpha=\u00a0\u00bb50&Prime; shift_x=\u00a0\u00bb0&Prime; [&hellip;]<\/p>\n","protected":false},"author":1,"featured_media":0,"parent":0,"menu_order":0,"comment_status":"closed","ping_status":"closed","template":"","meta":{"_acf_changed":false,"footnotes":""},"class_list":["post-96157","page","type-page","status-publish","hentry","page_category-hp-star-modeles-discontinues"],"acf":[],"yoast_head":"<!-- This site is optimized with the Yoast SEO plugin v25.6 - https:\/\/yoast.com\/wordpress\/plugins\/seo\/ -->\n<title>PRECITRONICS | HP pour Porte-outils rotatifs | Star - Discontinu\u00e9 SV-12\/20, SV32JII<\/title>\n<meta name=\"description\" content=\"Porte-outils motoris\u00e9s pour machines Star avec arrosage interne \u00e0 haute pression, jusqu&#039;\u00e0 150 bar. Con\u00e7u pour conserver la longueur de l&#039;outil d&#039;origine.\" \/>\n<meta name=\"robots\" content=\"index, follow, max-snippet:-1, max-image-preview:large, max-video-preview:-1\" \/>\n<link rel=\"canonical\" href=\"https:\/\/precitronics.com\/fr\/hp-pour-porte-outils-rotatifs-star-discontinue-sv-12-20-sv32jii\/\" \/>\n<meta property=\"og:locale\" content=\"fr_FR\" \/>\n<meta property=\"og:type\" content=\"article\" \/>\n<meta property=\"og:title\" content=\"PRECITRONICS | HP pour Porte-outils rotatifs | Star - Discontinu\u00e9 SV-12\/20, SV32JII\" \/>\n<meta property=\"og:description\" content=\"Porte-outils motoris\u00e9s pour machines Star avec arrosage interne \u00e0 haute pression, jusqu&#039;\u00e0 150 bar. Con\u00e7u pour conserver la longueur de l&#039;outil d&#039;origine.\" \/>\n<meta property=\"og:url\" content=\"https:\/\/precitronics.com\/fr\/hp-pour-porte-outils-rotatifs-star-discontinue-sv-12-20-sv32jii\/\" \/>\n<meta property=\"og:site_name\" content=\"PRECITRONICS\" \/>\n<meta property=\"article:modified_time\" content=\"2022-09-26T09:16:03+00:00\" \/>\n<meta name=\"twitter:card\" content=\"summary_large_image\" \/>\n<meta name=\"twitter:label1\" content=\"Dur\u00e9e de lecture estim\u00e9e\" \/>\n\t<meta name=\"twitter:data1\" content=\"3 minutes\" \/>\n<script type=\"application\/ld+json\" class=\"yoast-schema-graph\">{\"@context\":\"https:\/\/schema.org\",\"@graph\":[{\"@type\":\"WebPage\",\"@id\":\"https:\/\/precitronics.com\/fr\/hp-pour-porte-outils-rotatifs-star-discontinue-sv-12-20-sv32jii\/\",\"url\":\"https:\/\/precitronics.com\/fr\/hp-pour-porte-outils-rotatifs-star-discontinue-sv-12-20-sv32jii\/\",\"name\":\"PRECITRONICS | HP pour Porte-outils rotatifs | Star - Discontinu\u00e9 SV-12\/20, SV32JII\",\"isPartOf\":{\"@id\":\"https:\/\/precitronics.com\/fr\/#website\"},\"datePublished\":\"2021-09-30T08:15:25+00:00\",\"dateModified\":\"2022-09-26T09:16:03+00:00\",\"description\":\"Porte-outils motoris\u00e9s pour machines Star avec arrosage interne \u00e0 haute pression, jusqu'\u00e0 150 bar. Con\u00e7u pour conserver la longueur de l'outil d'origine.\",\"breadcrumb\":{\"@id\":\"https:\/\/precitronics.com\/fr\/hp-pour-porte-outils-rotatifs-star-discontinue-sv-12-20-sv32jii\/#breadcrumb\"},\"inLanguage\":\"fr-FR\",\"potentialAction\":[{\"@type\":\"ReadAction\",\"target\":[\"https:\/\/precitronics.com\/fr\/hp-pour-porte-outils-rotatifs-star-discontinue-sv-12-20-sv32jii\/\"]}]},{\"@type\":\"BreadcrumbList\",\"@id\":\"https:\/\/precitronics.com\/fr\/hp-pour-porte-outils-rotatifs-star-discontinue-sv-12-20-sv32jii\/#breadcrumb\",\"itemListElement\":[{\"@type\":\"ListItem\",\"position\":1,\"name\":\"Home\",\"item\":\"https:\/\/precitronics.com\/fr\/\"},{\"@type\":\"ListItem\",\"position\":2,\"name\":\"HP pour Porte-outils rotatifs | Star &#8211; Discontinu\u00e9 SV-12\/20, SV32JII\"}]},{\"@type\":\"WebSite\",\"@id\":\"https:\/\/precitronics.com\/fr\/#website\",\"url\":\"https:\/\/precitronics.com\/fr\/\",\"name\":\"PRECITRONICS\",\"description\":\"Swiss Type Technology\",\"publisher\":{\"@id\":\"https:\/\/precitronics.com\/fr\/#organization\"},\"potentialAction\":[{\"@type\":\"SearchAction\",\"target\":{\"@type\":\"EntryPoint\",\"urlTemplate\":\"https:\/\/precitronics.com\/fr\/?s={search_term_string}\"},\"query-input\":{\"@type\":\"PropertyValueSpecification\",\"valueRequired\":true,\"valueName\":\"search_term_string\"}}],\"inLanguage\":\"fr-FR\"},{\"@type\":\"Organization\",\"@id\":\"https:\/\/precitronics.com\/fr\/#organization\",\"name\":\"Precitronics\",\"url\":\"https:\/\/precitronics.com\/fr\/\",\"logo\":{\"@type\":\"ImageObject\",\"inLanguage\":\"fr-FR\",\"@id\":\"https:\/\/precitronics.com\/fr\/#\/schema\/logo\/image\/\",\"url\":\"https:\/\/precitronics.com\/wp-content\/uploads\/2020\/11\/precitronics-logo-light.svg\",\"contentUrl\":\"https:\/\/precitronics.com\/wp-content\/uploads\/2020\/11\/precitronics-logo-light.svg\",\"width\":1,\"height\":1,\"caption\":\"Precitronics\"},\"image\":{\"@id\":\"https:\/\/precitronics.com\/fr\/#\/schema\/logo\/image\/\"}}]}<\/script>\n<!-- \/ Yoast SEO plugin. -->","yoast_head_json":{"title":"PRECITRONICS | HP pour Porte-outils rotatifs | Star - Discontinu\u00e9 SV-12\/20, SV32JII","description":"Porte-outils motoris\u00e9s pour machines Star avec arrosage interne \u00e0 haute pression, jusqu'\u00e0 150 bar. Con\u00e7u pour conserver la longueur de l'outil d'origine.","robots":{"index":"index","follow":"follow","max-snippet":"max-snippet:-1","max-image-preview":"max-image-preview:large","max-video-preview":"max-video-preview:-1"},"canonical":"https:\/\/precitronics.com\/fr\/hp-pour-porte-outils-rotatifs-star-discontinue-sv-12-20-sv32jii\/","og_locale":"fr_FR","og_type":"article","og_title":"PRECITRONICS | HP pour Porte-outils rotatifs | Star - Discontinu\u00e9 SV-12\/20, SV32JII","og_description":"Porte-outils motoris\u00e9s pour machines Star avec arrosage interne \u00e0 haute pression, jusqu'\u00e0 150 bar. Con\u00e7u pour conserver la longueur de l'outil d'origine.","og_url":"https:\/\/precitronics.com\/fr\/hp-pour-porte-outils-rotatifs-star-discontinue-sv-12-20-sv32jii\/","og_site_name":"PRECITRONICS","article_modified_time":"2022-09-26T09:16:03+00:00","twitter_card":"summary_large_image","twitter_misc":{"Dur\u00e9e de lecture estim\u00e9e":"3 minutes"},"schema":{"@context":"https:\/\/schema.org","@graph":[{"@type":"WebPage","@id":"https:\/\/precitronics.com\/fr\/hp-pour-porte-outils-rotatifs-star-discontinue-sv-12-20-sv32jii\/","url":"https:\/\/precitronics.com\/fr\/hp-pour-porte-outils-rotatifs-star-discontinue-sv-12-20-sv32jii\/","name":"PRECITRONICS | HP pour Porte-outils rotatifs | Star - Discontinu\u00e9 SV-12\/20, SV32JII","isPartOf":{"@id":"https:\/\/precitronics.com\/fr\/#website"},"datePublished":"2021-09-30T08:15:25+00:00","dateModified":"2022-09-26T09:16:03+00:00","description":"Porte-outils motoris\u00e9s pour machines Star avec arrosage interne \u00e0 haute pression, jusqu'\u00e0 150 bar. Con\u00e7u pour conserver la longueur de l'outil d'origine.","breadcrumb":{"@id":"https:\/\/precitronics.com\/fr\/hp-pour-porte-outils-rotatifs-star-discontinue-sv-12-20-sv32jii\/#breadcrumb"},"inLanguage":"fr-FR","potentialAction":[{"@type":"ReadAction","target":["https:\/\/precitronics.com\/fr\/hp-pour-porte-outils-rotatifs-star-discontinue-sv-12-20-sv32jii\/"]}]},{"@type":"BreadcrumbList","@id":"https:\/\/precitronics.com\/fr\/hp-pour-porte-outils-rotatifs-star-discontinue-sv-12-20-sv32jii\/#breadcrumb","itemListElement":[{"@type":"ListItem","position":1,"name":"Home","item":"https:\/\/precitronics.com\/fr\/"},{"@type":"ListItem","position":2,"name":"HP pour Porte-outils rotatifs | Star &#8211; Discontinu\u00e9 SV-12\/20, SV32JII"}]},{"@type":"WebSite","@id":"https:\/\/precitronics.com\/fr\/#website","url":"https:\/\/precitronics.com\/fr\/","name":"PRECITRONICS","description":"Swiss Type Technology","publisher":{"@id":"https:\/\/precitronics.com\/fr\/#organization"},"potentialAction":[{"@type":"SearchAction","target":{"@type":"EntryPoint","urlTemplate":"https:\/\/precitronics.com\/fr\/?s={search_term_string}"},"query-input":{"@type":"PropertyValueSpecification","valueRequired":true,"valueName":"search_term_string"}}],"inLanguage":"fr-FR"},{"@type":"Organization","@id":"https:\/\/precitronics.com\/fr\/#organization","name":"Precitronics","url":"https:\/\/precitronics.com\/fr\/","logo":{"@type":"ImageObject","inLanguage":"fr-FR","@id":"https:\/\/precitronics.com\/fr\/#\/schema\/logo\/image\/","url":"https:\/\/precitronics.com\/wp-content\/uploads\/2020\/11\/precitronics-logo-light.svg","contentUrl":"https:\/\/precitronics.com\/wp-content\/uploads\/2020\/11\/precitronics-logo-light.svg","width":1,"height":1,"caption":"Precitronics"},"image":{"@id":"https:\/\/precitronics.com\/fr\/#\/schema\/logo\/image\/"}}]}},"_links":{"self":[{"href":"https:\/\/precitronics.com\/fr\/wp-json\/wp\/v2\/pages\/96157"}],"collection":[{"href":"https:\/\/precitronics.com\/fr\/wp-json\/wp\/v2\/pages"}],"about":[{"href":"https:\/\/precitronics.com\/fr\/wp-json\/wp\/v2\/types\/page"}],"author":[{"embeddable":true,"href":"https:\/\/precitronics.com\/fr\/wp-json\/wp\/v2\/users\/1"}],"replies":[{"embeddable":true,"href":"https:\/\/precitronics.com\/fr\/wp-json\/wp\/v2\/comments?post=96157"}],"version-history":[{"count":5,"href":"https:\/\/precitronics.com\/fr\/wp-json\/wp\/v2\/pages\/96157\/revisions"}],"predecessor-version":[{"id":98706,"href":"https:\/\/precitronics.com\/fr\/wp-json\/wp\/v2\/pages\/96157\/revisions\/98706"}],"wp:attachment":[{"href":"https:\/\/precitronics.com\/fr\/wp-json\/wp\/v2\/media?parent=96157"}],"curies":[{"name":"wp","href":"https:\/\/api.w.org\/{rel}","templated":true}]}}