{"id":95842,"date":"2021-09-30T06:09:01","date_gmt":"2021-09-30T06:09:01","guid":{"rendered":"https:\/\/precitronics.com\/telechargements\/"},"modified":"2022-09-26T08:47:04","modified_gmt":"2022-09-26T08:47:04","slug":"telechargements","status":"publish","type":"page","link":"https:\/\/precitronics.com\/fr\/telechargements\/","title":{"rendered":"T\u00e9l\u00e9chargements"},"content":{"rendered":"<div class=\"wpb-content-wrapper\"><p>[vc_row unlock_row_content=\u00a0\u00bbyes\u00a0\u00bb row_height_percent=\u00a0\u00bb70&Prime; override_padding=\u00a0\u00bbyes\u00a0\u00bb h_padding=\u00a0\u00bb2&Prime; top_padding=\u00a0\u00bb1&Prime; bottom_padding=\u00a0\u00bb2&Prime; overlay_alpha=\u00a0\u00bb50&Prime; gutter_size=\u00a0\u00bb4&Prime; column_width_use_pixel=\u00a0\u00bbyes\u00a0\u00bb shift_y=\u00a0\u00bb0&Prime; z_index=\u00a0\u00bb0&Prime; top_divider=\u00a0\u00bbstep\u00a0\u00bb el_class=\u00a0\u00bbinverted-device-order\u00a0\u00bb column_width_pixel=\u00a0\u00bb1600&Prime;][vc_column column_width_percent=\u00a0\u00bb100&Prime; gutter_size=\u00a0\u00bb3&Prime; override_padding=\u00a0\u00bbyes\u00a0\u00bb column_padding=\u00a0\u00bb2&Prime; font_family=\u00a0\u00bbfont-329340&Prime; overlay_alpha=\u00a0\u00bb50&Prime; shift_x=\u00a0\u00bb0&Prime; shift_y=\u00a0\u00bb0&Prime; shift_y_down=\u00a0\u00bb0&Prime; z_index=\u00a0\u00bb0&Prime; medium_width=\u00a0\u00bb0&Prime; mobile_width=\u00a0\u00bb0&Prime; sticky=\u00a0\u00bbyes\u00a0\u00bb width=\u00a0\u00bb1\/3&Prime;][vc_custom_heading heading_semantic=\u00a0\u00bbh3&Prime; text_font=\u00a0\u00bbfont-329340&Prime; text_size=\u00a0\u00bbh1&Prime; text_weight=\u00a0\u00bb200&Prime; text_height=\u00a0\u00bbfontheight-179065&Prime; text_space=\u00a0\u00bbfontspace-781688&Prime;]<span style=\"color: #a6192e;\">T\u00e9l\u00e9charger<\/span><br \/>\nCentre[\/vc_custom_heading][vc_column_text text_lead=\u00a0\u00bbyes\u00a0\u00bb]Vous souhaitez <strong>des informations compl\u00e8tes sur nos gammes et nos diff\u00e9rents produits<\/strong>, ou vous recherchez un article en particulier? <strong>T\u00e9l\u00e9chargez nos informations actuelles<\/strong> sous forme de fichiers PDF.[\/vc_column_text][\/vc_column][vc_column column_width_percent=\u00a0\u00bb100&Prime; gutter_size=\u00a0\u00bb3&Prime; override_padding=\u00a0\u00bbyes\u00a0\u00bb column_padding=\u00a0\u00bb2&Prime; style=\u00a0\u00bblight\u00a0\u00bb font_family=\u00a0\u00bbfont-329340&Prime; back_color=\u00a0\u00bbcolor-lxmt\u00a0\u00bb overlay_alpha=\u00a0\u00bb50&Prime; shift_x=\u00a0\u00bb0&Prime; shift_y=\u00a0\u00bb0&Prime; shift_y_down=\u00a0\u00bb0&Prime; z_index=\u00a0\u00bb0&Prime; medium_width=\u00a0\u00bb0&Prime; mobile_width=\u00a0\u00bb0&Prime; width=\u00a0\u00bb2\/3&Prime;][vc_row_inner][vc_column_inner width=\u00a0\u00bb1\/1&Prime;][vc_separator sep_color=\u00a0\u00bbcolor-210407&Prime;][vc_custom_heading heading_semantic=\u00a0\u00bbh3&Prime; text_font=\u00a0\u00bbfont-329340&Prime; text_size=\u00a0\u00bbh3&Prime; text_weight=\u00a0\u00bb300&Prime; text_space=\u00a0\u00bbfontspace-781688&Prime; text_color=\u00a0\u00bbcolor-742106&Prime; sub_lead=\u00a0\u00bbyes\u00a0\u00bb sub_reduced=\u00a0\u00bbyes\u00a0\u00bb]<strong>Broches \u00e0 haute fr\u00e9quence<\/strong> famillies &gt;[\/vc_custom_heading][\/vc_column_inner][\/vc_row_inner][vc_row_inner][vc_column_inner width=\u00a0\u00bb1\/1&Prime;][vc_icon display=\u00a0\u00bbinline\u00a0\u00bb icon_image=\u00a0\u00bb84990&Prime; media_size=\u00a0\u00bb220&Prime; heading_semantic=\u00a0\u00bbh4&Prime; text_size=\u00a0\u00bbh4&Prime; linked_title=\u00a0\u00bbyes\u00a0\u00bb text_reduced=\u00a0\u00bbyes\u00a0\u00bb title=\u00a0\u00bbBroches \u00e0 haute fr\u00e9quence\u00a0\u00bb link=\u00a0\u00bburl:http%3A%2F%2Fprecitronics.com%2Fwp-content%2Fuploads%2F2021%2F02%2FHIGH-FREQUENCY-SPINDLES-FOR-SWISS-TYPE-LATHES.pdf|target:_blank\u00a0\u00bb]Pour tours \u00e0<br \/>\npoup\u00e9e mobile[\/vc_icon][vc_icon display=\u00a0\u00bbinline\u00a0\u00bb icon_image=\u00a0\u00bb88253&Prime; media_size=\u00a0\u00bb220&Prime; heading_semantic=\u00a0\u00bbh4&Prime; text_size=\u00a0\u00bbh4&Prime; linked_title=\u00a0\u00bbyes\u00a0\u00bb text_reduced=\u00a0\u00bbyes\u00a0\u00bb title=\u00a0\u00bbAS Series\u00a0\u00bb link=\u00a0\u00bburl:http%3A%2F%2Fprecitronics.com%2Fwp-content%2Fuploads%2F2021%2F07%2FAS-Series.pdf|target:_blank\u00a0\u00bb]ATC Changeable<br \/>\nBroches \u00e0 haute fr\u00e9quence[\/vc_icon][\/vc_column_inner][\/vc_row_inner][vc_row_inner][vc_column_inner width=\u00a0\u00bb1\/1&Prime;][vc_separator sep_color=\u00a0\u00bbcolor-210407&Prime;][vc_custom_heading heading_semantic=\u00a0\u00bbh3&Prime; text_font=\u00a0\u00bbfont-329340&Prime; text_size=\u00a0\u00bbh3&Prime; text_weight=\u00a0\u00bb300&Prime; text_space=\u00a0\u00bbfontspace-781688&Prime; text_color=\u00a0\u00bbcolor-742106&Prime; sub_lead=\u00a0\u00bbyes\u00a0\u00bb sub_reduced=\u00a0\u00bbyes\u00a0\u00bb]<strong>TOHP<\/strong> familles &gt;[\/vc_custom_heading][\/vc_column_inner][\/vc_row_inner][vc_row_inner][vc_column_inner column_width_percent=\u00a0\u00bb100&Prime; gutter_size=\u00a0\u00bb3&Prime; expand_height=\u00a0\u00bbyes\u00a0\u00bb overlay_alpha=\u00a0\u00bb50&Prime; shift_x=\u00a0\u00bb0&Prime; shift_y=\u00a0\u00bb0&Prime; shift_y_down=\u00a0\u00bb0&Prime; z_index=\u00a0\u00bb0&Prime; medium_width=\u00a0\u00bb0&Prime; mobile_width=\u00a0\u00bb0&Prime; width=\u00a0\u00bb1\/1&Prime;][vc_icon display=\u00a0\u00bbinline\u00a0\u00bb icon_image=\u00a0\u00bb88256&Prime; media_size=\u00a0\u00bb220&Prime; heading_semantic=\u00a0\u00bbh4&Prime; text_size=\u00a0\u00bbh4&Prime; linked_title=\u00a0\u00bbyes\u00a0\u00bb text_reduced=\u00a0\u00bbyes\u00a0\u00bb title=\u00a0\u00bbTOHP Porteoutils tournants\u00a0\u00bb link=\u00a0\u00bburl:http%3A%2F%2Fprecitronics.com%2Fwp-content%2Fuploads%2F2021%2F07%2FTOHP-Live-tools_EN.pdf|target:_blank\u00a0\u00bb]Citizen, Star, Tornos,<br \/>\nTsugami &amp; autres[\/vc_icon][vc_icon display=\u00a0\u00bbinline\u00a0\u00bb icon_image=\u00a0\u00bb84996&Prime; media_size=\u00a0\u00bb220&Prime; heading_semantic=\u00a0\u00bbh4&Prime; text_size=\u00a0\u00bbh4&Prime; linked_title=\u00a0\u00bbyes\u00a0\u00bb text_reduced=\u00a0\u00bbyes\u00a0\u00bb title=\u00a0\u00bbDS TOHP Projet\u00a0\u00bb link=\u00a0\u00bburl:http%3A%2F%2Fprecitronics.com%2Fwp-content%2Fuploads%2F2021%2F02%2FDS-TOHP_EN.pdf|target:_blank\u00a0\u00bb]Programme de porteoutils<br \/>\n\u00e0 tr\u00e8s haute pression[\/vc_icon][\/vc_column_inner][\/vc_row_inner][vc_row_inner][vc_column_inner width=\u00a0\u00bb1\/1&Prime;][vc_separator sep_color=\u00a0\u00bbcolor-210407&Prime;][vc_custom_heading heading_semantic=\u00a0\u00bbh3&Prime; text_font=\u00a0\u00bbfont-329340&Prime; text_size=\u00a0\u00bbh3&Prime; text_weight=\u00a0\u00bb300&Prime; text_space=\u00a0\u00bbfontspace-781688&Prime; text_color=\u00a0\u00bbcolor-742106&Prime; sub_lead=\u00a0\u00bbyes\u00a0\u00bb sub_reduced=\u00a0\u00bbyes\u00a0\u00bb]<strong>Pompes<\/strong>\u00a0&gt;[\/vc_custom_heading][\/vc_column_inner][\/vc_row_inner][vc_row_inner][vc_column_inner width=\u00a0\u00bb1\/1&Prime;][vc_icon display=\u00a0\u00bbinline\u00a0\u00bb icon_image=\u00a0\u00bb88259&Prime; media_size=\u00a0\u00bb220&Prime; heading_semantic=\u00a0\u00bbh4&Prime; text_size=\u00a0\u00bbh4&Prime; linked_title=\u00a0\u00bbyes\u00a0\u00bb text_reduced=\u00a0\u00bbyes\u00a0\u00bb title=\u00a0\u00bbPM High pressure pumps\u00a0\u00bb link=\u00a0\u00bburl:http%3A%2F%2Fprecitronics.com%2Fwp-content%2Fuploads%2F2021%2F07%2FPM-High-Pressure-Pumps_EN.pdf|target:_blank\u00a0\u00bb]De 70 \u00e0 135 Bar[\/vc_icon][vc_icon display=\u00a0\u00bbinline\u00a0\u00bb icon_image=\u00a0\u00bb88268&Prime; media_size=\u00a0\u00bb220&Prime; heading_semantic=\u00a0\u00bbh4&Prime; text_size=\u00a0\u00bbh4&Prime; linked_title=\u00a0\u00bbyes\u00a0\u00bb text_reduced=\u00a0\u00bbyes\u00a0\u00bb title=\u00a0\u00bbPM 9D-SBF\u00a0\u00bb link=\u00a0\u00bburl:http%3A%2F%2Fprecitronics.com%2Fwp-content%2Fuploads%2F2021%2F04%2FPM-9D-SBF-Technical-Specs_EN.pdf|target:_blank\u00a0\u00bb]Sp\u00e9cifications techniques[\/vc_icon][vc_icon display=\u00a0\u00bbinline\u00a0\u00bb icon_image=\u00a0\u00bb88269&Prime; media_size=\u00a0\u00bb220&Prime; heading_semantic=\u00a0\u00bbh4&Prime; text_size=\u00a0\u00bbh4&Prime; linked_title=\u00a0\u00bbyes\u00a0\u00bb text_reduced=\u00a0\u00bbyes\u00a0\u00bb title=\u00a0\u00bbPM 9D-SCE\u00a0\u00bb link=\u00a0\u00bburl:http%3A%2F%2Fprecitronics.com%2Fwp-content%2Fuploads%2F2021%2F04%2FPM-9D-SCE-Technical-Specs_EN.pdf|target:_blank\u00a0\u00bb]Sp\u00e9cifications techniques[\/vc_icon][\/vc_column_inner][\/vc_row_inner][vc_row_inner][vc_column_inner width=\u00a0\u00bb1\/1&Prime;][vc_icon display=\u00a0\u00bbinline\u00a0\u00bb icon_image=\u00a0\u00bb88270&Prime; media_size=\u00a0\u00bb220&Prime; heading_semantic=\u00a0\u00bbh4&Prime; text_size=\u00a0\u00bbh4&Prime; linked_title=\u00a0\u00bbyes\u00a0\u00bb text_reduced=\u00a0\u00bbyes\u00a0\u00bb title=\u00a0\u00bbPM 20C\u00a0\u00bb link=\u00a0\u00bburl:http%3A%2F%2Fprecitronics.com%2Fwp-content%2Fuploads%2F2021%2F04%2FPM-20C-Technical-Specs_EN.pdf|target:_blank\u00a0\u00bb]Sp\u00e9cifications techniques[\/vc_icon][vc_icon display=\u00a0\u00bbinline\u00a0\u00bb icon_image=\u00a0\u00bb88272&Prime; media_size=\u00a0\u00bb220&Prime; heading_semantic=\u00a0\u00bbh4&Prime; text_size=\u00a0\u00bbh4&Prime; linked_title=\u00a0\u00bbyes\u00a0\u00bb text_reduced=\u00a0\u00bbyes\u00a0\u00bb title=\u00a0\u00bbPM 50C-SBF\u00a0\u00bb link=\u00a0\u00bburl:http%3A%2F%2Fprecitronics.com%2Fwp-content%2Fuploads%2F2021%2F04%2FPM-50C-SBF-Technical-Specs_EN.pdf|target:_blank\u00a0\u00bb]Sp\u00e9cifications techniques[\/vc_icon][vc_icon display=\u00a0\u00bbinline\u00a0\u00bb icon_image=\u00a0\u00bb88271&Prime; media_size=\u00a0\u00bb220&Prime; heading_semantic=\u00a0\u00bbh4&Prime; text_size=\u00a0\u00bbh4&Prime; linked_title=\u00a0\u00bbyes\u00a0\u00bb text_reduced=\u00a0\u00bbyes\u00a0\u00bb title=\u00a0\u00bbPM 50C-SCE\u00a0\u00bb link=\u00a0\u00bburl:http%3A%2F%2Fprecitronics.com%2Fwp-content%2Fuploads%2F2021%2F04%2FPM-50C-SCE-Technical-Specs_EN.pdf|target:_blank\u00a0\u00bb]Sp\u00e9cifications techniques[\/vc_icon][\/vc_column_inner][\/vc_row_inner][vc_row_inner][vc_column_inner width=\u00a0\u00bb1\/1&Prime;][vc_icon display=\u00a0\u00bbinline\u00a0\u00bb icon_image=\u00a0\u00bb88273&Prime; media_size=\u00a0\u00bb220&Prime; heading_semantic=\u00a0\u00bbh4&Prime; text_size=\u00a0\u00bbh4&Prime; linked_title=\u00a0\u00bbyes\u00a0\u00bb text_reduced=\u00a0\u00bbyes\u00a0\u00bb title=\u00a0\u00bbPM 150M-SBF\u00a0\u00bb link=\u00a0\u00bburl:http%3A%2F%2Fprecitronics.com%2Fwp-content%2Fuploads%2F2021%2F04%2FPM-150M-SBF-Technical-Specs_EN.pdf|target:_blank\u00a0\u00bb]Sp\u00e9cifications techniques[\/vc_icon][vc_icon display=\u00a0\u00bbinline\u00a0\u00bb icon_image=\u00a0\u00bb88274&Prime; media_size=\u00a0\u00bb220&Prime; heading_semantic=\u00a0\u00bbh4&Prime; text_size=\u00a0\u00bbh4&Prime; linked_title=\u00a0\u00bbyes\u00a0\u00bb text_reduced=\u00a0\u00bbyes\u00a0\u00bb title=\u00a0\u00bbPM 150M-SCE\u00a0\u00bb link=\u00a0\u00bburl:http%3A%2F%2Fprecitronics.com%2Fwp-content%2Fuploads%2F2021%2F04%2FPM-150M-SCE-Technical-Specs_EN.pdf|target:_blank\u00a0\u00bb]Sp\u00e9cifications techniques[\/vc_icon][\/vc_column_inner][\/vc_row_inner][vc_row_inner][vc_column_inner width=\u00a0\u00bb1\/1&Prime;][vc_separator sep_color=\u00a0\u00bbcolor-210407&Prime;][vc_custom_heading heading_semantic=\u00a0\u00bbh3&Prime; text_font=\u00a0\u00bbfont-329340&Prime; text_size=\u00a0\u00bbh3&Prime; text_weight=\u00a0\u00bb300&Prime; text_space=\u00a0\u00bbfontspace-781688&Prime; text_color=\u00a0\u00bbcolor-742106&Prime; sub_lead=\u00a0\u00bbyes\u00a0\u00bb sub_reduced=\u00a0\u00bbyes\u00a0\u00bb]<strong>Accessoires<\/strong>\u00a0&gt;[\/vc_custom_heading][\/vc_column_inner][\/vc_row_inner][vc_row_inner][vc_column_inner width=\u00a0\u00bb1\/1&Prime;][vc_icon display=\u00a0\u00bbinline\u00a0\u00bb icon_image=\u00a0\u00bb85022&Prime; media_size=\u00a0\u00bb220&Prime; heading_semantic=\u00a0\u00bbh4&Prime; text_size=\u00a0\u00bbh4&Prime; linked_title=\u00a0\u00bbyes\u00a0\u00bb text_reduced=\u00a0\u00bbyes\u00a0\u00bb title=\u00a0\u00bbAccessoires\u00a0\u00bb link=\u00a0\u00bburl:http%3A%2F%2Fprecitronics.com%2Fwp-content%2Fuploads%2F2021%2F04%2FAccesories_EN.pdf|target:_blank\u00a0\u00bb]Am\u00e9lioration de la s\u00e9curit\u00e9 et<br \/>\nde la productivit\u00e9[\/vc_icon][\/vc_column_inner][\/vc_row_inner][vc_row_inner][vc_column_inner width=\u00a0\u00bb1\/1&Prime;][vc_separator sep_color=\u00a0\u00bbcolor-210407&Prime;][vc_custom_heading heading_semantic=\u00a0\u00bbh3&Prime; text_font=\u00a0\u00bbfont-329340&Prime; text_size=\u00a0\u00bbh3&Prime; text_weight=\u00a0\u00bb300&Prime; text_space=\u00a0\u00bbfontspace-781688&Prime; text_color=\u00a0\u00bbcolor-742106&Prime; sub_lead=\u00a0\u00bbyes\u00a0\u00bb sub_reduced=\u00a0\u00bbyes\u00a0\u00bb]<b>Colibri <\/b>&gt;[\/vc_custom_heading][\/vc_column_inner][\/vc_row_inner][vc_row_inner][vc_column_inner width=\u00a0\u00bb1\/1&Prime;][vc_icon display=\u00a0\u00bbinline\u00a0\u00bb icon_image=\u00a0\u00bb88505&Prime; media_size=\u00a0\u00bb220&Prime; heading_semantic=\u00a0\u00bbh4&Prime; text_size=\u00a0\u00bbh4&Prime; linked_title=\u00a0\u00bbyes\u00a0\u00bb text_reduced=\u00a0\u00bbyes\u00a0\u00bb title=\u00a0\u00bbColibri\u00a0\u00bb link=\u00a0\u00bburl:http%3A%2F%2Fprecitronics.com%2Fwp-content%2Fuploads%2F2021%2F07%2FColibri-Jet-Spindles_EN.pdf|target:_blank\u00a0\u00bb]Broches Jet[\/vc_icon][\/vc_column_inner][\/vc_row_inner][\/vc_column][\/vc_row]<\/p>\n<\/div>","protected":false},"excerpt":{"rendered":"<p>[vc_row unlock_row_content=\u00a0\u00bbyes\u00a0\u00bb row_height_percent=\u00a0\u00bb70&Prime; override_padding=\u00a0\u00bbyes\u00a0\u00bb h_padding=\u00a0\u00bb2&Prime; top_padding=\u00a0\u00bb1&Prime; bottom_padding=\u00a0\u00bb2&Prime; overlay_alpha=\u00a0\u00bb50&Prime; gutter_size=\u00a0\u00bb4&Prime; column_width_use_pixel=\u00a0\u00bbyes\u00a0\u00bb shift_y=\u00a0\u00bb0&Prime; z_index=\u00a0\u00bb0&Prime; top_divider=\u00a0\u00bbstep\u00a0\u00bb el_class=\u00a0\u00bbinverted-device-order\u00a0\u00bb column_width_pixel=\u00a0\u00bb1600&Prime;][vc_column column_width_percent=\u00a0\u00bb100&Prime; gutter_size=\u00a0\u00bb3&Prime; override_padding=\u00a0\u00bbyes\u00a0\u00bb column_padding=\u00a0\u00bb2&Prime; font_family=\u00a0\u00bbfont-329340&Prime; [&hellip;]<\/p>\n","protected":false},"author":1,"featured_media":0,"parent":0,"menu_order":0,"comment_status":"closed","ping_status":"closed","template":"","meta":{"_acf_changed":false,"footnotes":""},"class_list":["post-95842","page","type-page","status-publish","hentry"],"acf":[],"yoast_head":"<!-- This site is optimized with the Yoast SEO plugin v25.6 - https:\/\/yoast.com\/wordpress\/plugins\/seo\/ -->\n<title>PRECITRONICS | T\u00e9l\u00e9chargements | Catalogues et donn\u00e9es techniques<\/title>\n<meta name=\"description\" content=\"Dans la section suivante, tous les catalogues et donn\u00e9es techniques Precitronics peuvent \u00eatre t\u00e9l\u00e9charg\u00e9s au format PDF.\" \/>\n<meta name=\"robots\" content=\"index, follow, max-snippet:-1, max-image-preview:large, max-video-preview:-1\" \/>\n<link rel=\"canonical\" href=\"https:\/\/precitronics.com\/fr\/telechargements\/\" \/>\n<meta property=\"og:locale\" content=\"fr_FR\" \/>\n<meta property=\"og:type\" content=\"article\" \/>\n<meta property=\"og:title\" content=\"PRECITRONICS | T\u00e9l\u00e9chargements | Catalogues et donn\u00e9es techniques\" \/>\n<meta property=\"og:description\" content=\"Dans la section suivante, tous les catalogues et donn\u00e9es techniques Precitronics peuvent \u00eatre t\u00e9l\u00e9charg\u00e9s au format PDF.\" \/>\n<meta property=\"og:url\" content=\"https:\/\/precitronics.com\/fr\/telechargements\/\" \/>\n<meta property=\"og:site_name\" content=\"PRECITRONICS\" \/>\n<meta property=\"article:modified_time\" content=\"2022-09-26T08:47:04+00:00\" \/>\n<meta name=\"twitter:card\" content=\"summary_large_image\" \/>\n<meta name=\"twitter:label1\" content=\"Dur\u00e9e de lecture estim\u00e9e\" \/>\n\t<meta name=\"twitter:data1\" content=\"6 minutes\" \/>\n<script type=\"application\/ld+json\" class=\"yoast-schema-graph\">{\"@context\":\"https:\/\/schema.org\",\"@graph\":[{\"@type\":\"WebPage\",\"@id\":\"https:\/\/precitronics.com\/fr\/telechargements\/\",\"url\":\"https:\/\/precitronics.com\/fr\/telechargements\/\",\"name\":\"PRECITRONICS | T\u00e9l\u00e9chargements | Catalogues et donn\u00e9es techniques\",\"isPartOf\":{\"@id\":\"https:\/\/precitronics.com\/fr\/#website\"},\"datePublished\":\"2021-09-30T06:09:01+00:00\",\"dateModified\":\"2022-09-26T08:47:04+00:00\",\"description\":\"Dans la section suivante, tous les catalogues et donn\u00e9es techniques Precitronics peuvent \u00eatre t\u00e9l\u00e9charg\u00e9s au format PDF.\",\"breadcrumb\":{\"@id\":\"https:\/\/precitronics.com\/fr\/telechargements\/#breadcrumb\"},\"inLanguage\":\"fr-FR\",\"potentialAction\":[{\"@type\":\"ReadAction\",\"target\":[\"https:\/\/precitronics.com\/fr\/telechargements\/\"]}]},{\"@type\":\"BreadcrumbList\",\"@id\":\"https:\/\/precitronics.com\/fr\/telechargements\/#breadcrumb\",\"itemListElement\":[{\"@type\":\"ListItem\",\"position\":1,\"name\":\"Home\",\"item\":\"https:\/\/precitronics.com\/fr\/\"},{\"@type\":\"ListItem\",\"position\":2,\"name\":\"T\u00e9l\u00e9chargements\"}]},{\"@type\":\"WebSite\",\"@id\":\"https:\/\/precitronics.com\/fr\/#website\",\"url\":\"https:\/\/precitronics.com\/fr\/\",\"name\":\"PRECITRONICS\",\"description\":\"Swiss Type Technology\",\"publisher\":{\"@id\":\"https:\/\/precitronics.com\/fr\/#organization\"},\"potentialAction\":[{\"@type\":\"SearchAction\",\"target\":{\"@type\":\"EntryPoint\",\"urlTemplate\":\"https:\/\/precitronics.com\/fr\/?s={search_term_string}\"},\"query-input\":{\"@type\":\"PropertyValueSpecification\",\"valueRequired\":true,\"valueName\":\"search_term_string\"}}],\"inLanguage\":\"fr-FR\"},{\"@type\":\"Organization\",\"@id\":\"https:\/\/precitronics.com\/fr\/#organization\",\"name\":\"Precitronics\",\"url\":\"https:\/\/precitronics.com\/fr\/\",\"logo\":{\"@type\":\"ImageObject\",\"inLanguage\":\"fr-FR\",\"@id\":\"https:\/\/precitronics.com\/fr\/#\/schema\/logo\/image\/\",\"url\":\"https:\/\/precitronics.com\/wp-content\/uploads\/2020\/11\/precitronics-logo-light.svg\",\"contentUrl\":\"https:\/\/precitronics.com\/wp-content\/uploads\/2020\/11\/precitronics-logo-light.svg\",\"width\":1,\"height\":1,\"caption\":\"Precitronics\"},\"image\":{\"@id\":\"https:\/\/precitronics.com\/fr\/#\/schema\/logo\/image\/\"}}]}<\/script>\n<!-- \/ Yoast SEO plugin. -->","yoast_head_json":{"title":"PRECITRONICS | T\u00e9l\u00e9chargements | Catalogues et donn\u00e9es techniques","description":"Dans la section suivante, tous les catalogues et donn\u00e9es techniques Precitronics peuvent \u00eatre t\u00e9l\u00e9charg\u00e9s au format PDF.","robots":{"index":"index","follow":"follow","max-snippet":"max-snippet:-1","max-image-preview":"max-image-preview:large","max-video-preview":"max-video-preview:-1"},"canonical":"https:\/\/precitronics.com\/fr\/telechargements\/","og_locale":"fr_FR","og_type":"article","og_title":"PRECITRONICS | T\u00e9l\u00e9chargements | Catalogues et donn\u00e9es techniques","og_description":"Dans la section suivante, tous les catalogues et donn\u00e9es techniques Precitronics peuvent \u00eatre t\u00e9l\u00e9charg\u00e9s au format PDF.","og_url":"https:\/\/precitronics.com\/fr\/telechargements\/","og_site_name":"PRECITRONICS","article_modified_time":"2022-09-26T08:47:04+00:00","twitter_card":"summary_large_image","twitter_misc":{"Dur\u00e9e de lecture estim\u00e9e":"6 minutes"},"schema":{"@context":"https:\/\/schema.org","@graph":[{"@type":"WebPage","@id":"https:\/\/precitronics.com\/fr\/telechargements\/","url":"https:\/\/precitronics.com\/fr\/telechargements\/","name":"PRECITRONICS | T\u00e9l\u00e9chargements | Catalogues et donn\u00e9es techniques","isPartOf":{"@id":"https:\/\/precitronics.com\/fr\/#website"},"datePublished":"2021-09-30T06:09:01+00:00","dateModified":"2022-09-26T08:47:04+00:00","description":"Dans la section suivante, tous les catalogues et donn\u00e9es techniques Precitronics peuvent \u00eatre t\u00e9l\u00e9charg\u00e9s au format PDF.","breadcrumb":{"@id":"https:\/\/precitronics.com\/fr\/telechargements\/#breadcrumb"},"inLanguage":"fr-FR","potentialAction":[{"@type":"ReadAction","target":["https:\/\/precitronics.com\/fr\/telechargements\/"]}]},{"@type":"BreadcrumbList","@id":"https:\/\/precitronics.com\/fr\/telechargements\/#breadcrumb","itemListElement":[{"@type":"ListItem","position":1,"name":"Home","item":"https:\/\/precitronics.com\/fr\/"},{"@type":"ListItem","position":2,"name":"T\u00e9l\u00e9chargements"}]},{"@type":"WebSite","@id":"https:\/\/precitronics.com\/fr\/#website","url":"https:\/\/precitronics.com\/fr\/","name":"PRECITRONICS","description":"Swiss Type Technology","publisher":{"@id":"https:\/\/precitronics.com\/fr\/#organization"},"potentialAction":[{"@type":"SearchAction","target":{"@type":"EntryPoint","urlTemplate":"https:\/\/precitronics.com\/fr\/?s={search_term_string}"},"query-input":{"@type":"PropertyValueSpecification","valueRequired":true,"valueName":"search_term_string"}}],"inLanguage":"fr-FR"},{"@type":"Organization","@id":"https:\/\/precitronics.com\/fr\/#organization","name":"Precitronics","url":"https:\/\/precitronics.com\/fr\/","logo":{"@type":"ImageObject","inLanguage":"fr-FR","@id":"https:\/\/precitronics.com\/fr\/#\/schema\/logo\/image\/","url":"https:\/\/precitronics.com\/wp-content\/uploads\/2020\/11\/precitronics-logo-light.svg","contentUrl":"https:\/\/precitronics.com\/wp-content\/uploads\/2020\/11\/precitronics-logo-light.svg","width":1,"height":1,"caption":"Precitronics"},"image":{"@id":"https:\/\/precitronics.com\/fr\/#\/schema\/logo\/image\/"}}]}},"_links":{"self":[{"href":"https:\/\/precitronics.com\/fr\/wp-json\/wp\/v2\/pages\/95842"}],"collection":[{"href":"https:\/\/precitronics.com\/fr\/wp-json\/wp\/v2\/pages"}],"about":[{"href":"https:\/\/precitronics.com\/fr\/wp-json\/wp\/v2\/types\/page"}],"author":[{"embeddable":true,"href":"https:\/\/precitronics.com\/fr\/wp-json\/wp\/v2\/users\/1"}],"replies":[{"embeddable":true,"href":"https:\/\/precitronics.com\/fr\/wp-json\/wp\/v2\/comments?post=95842"}],"version-history":[{"count":5,"href":"https:\/\/precitronics.com\/fr\/wp-json\/wp\/v2\/pages\/95842\/revisions"}],"predecessor-version":[{"id":98626,"href":"https:\/\/precitronics.com\/fr\/wp-json\/wp\/v2\/pages\/95842\/revisions\/98626"}],"wp:attachment":[{"href":"https:\/\/precitronics.com\/fr\/wp-json\/wp\/v2\/media?parent=95842"}],"curies":[{"name":"wp","href":"https:\/\/api.w.org\/{rel}","templated":true}]}}