{"id":95838,"date":"2021-09-30T06:07:47","date_gmt":"2021-09-30T06:07:47","guid":{"rendered":"https:\/\/precitronics.com\/cookies\/"},"modified":"2022-09-28T10:59:02","modified_gmt":"2022-09-28T10:59:02","slug":"cookies","status":"publish","type":"page","link":"https:\/\/precitronics.com\/fr\/cookies\/","title":{"rendered":"Cookies"},"content":{"rendered":"<div class=\"wpb-content-wrapper\"><p>[vc_row][vc_column width=\u00a0\u00bb1\/1&Prime;][vc_row_inner][vc_column_inner column_width_percent=\u00a0\u00bb100&Prime; gutter_size=\u00a0\u00bb3&Prime; override_padding=\u00a0\u00bbyes\u00a0\u00bb column_padding=\u00a0\u00bb2&Prime; font_family=\u00a0\u00bbfont-329340&Prime; overlay_alpha=\u00a0\u00bb50&Prime; shift_x=\u00a0\u00bb0&Prime; shift_y=\u00a0\u00bb0&Prime; shift_y_down=\u00a0\u00bb0&Prime; z_index=\u00a0\u00bb0&Prime; medium_width=\u00a0\u00bb0&Prime; mobile_width=\u00a0\u00bb0&Prime; width=\u00a0\u00bb1\/1&Prime;][vc_column_text]<\/p>\n<h2>Cookies<\/h2>\n<p>Conform\u00e9ment aux dispositions de l&rsquo;article 22.2 de la loi 34\/2002 du 11 juillet sur les services de la soci\u00e9t\u00e9 de l&rsquo;information et du commerce \u00e9lectronique, ce site Web vous informe, dans cette section, <strong>de la politique de collecte et du traitement des cookies<\/strong><\/p>\n<p><strong>QUE SONT LES COOKIES?<\/strong><\/p>\n<p>Un cookie est un fichier qui est t\u00e9l\u00e9charg\u00e9 sur votre ordinateur lors de l&rsquo;acc\u00e8s \u00e0 certaines pages Web. Les cookies permettent, entre autres, \u00e0 une page Web de stocker et de r\u00e9cup\u00e9rer des informations sur les habitudes de navigation d&rsquo;un utilisateur ou de son \u00e9quipement et, en fonction des informations qu&rsquo;ils contiennent et de la mani\u00e8re dont ils utilisent leur \u00e9quipement, ils peuvent \u00eatre utilis\u00e9s pour reconna\u00eetre l&rsquo;utilisateur.<\/p>\n<p><strong>QUELS TYPES DE COOKIES CE SITE UTILISE-T-IL?<\/strong><\/p>\n<p>Ce site Web utilise les types de cookies suivants:<\/p>\n<p><strong>Cookies d&rsquo;analyse <\/strong>: Ce sont ceux qui, bien trait\u00e9s par nos soins ou par des tiers, nous permettent de quantifier le nombre d&rsquo;utilisateurs et ainsi effectuer des mesures statistiques et des analyses de l&rsquo;utilisation faite par les utilisateurs du service propos\u00e9. Pour cela, votre navigation sur notre site internet est analys\u00e9e afin d&rsquo;am\u00e9liorer l&rsquo;offre de produits ou services que nous vous proposons.<\/p>\n<p><strong>Cookies techniques <\/strong>: Ce sont ceux qui permettent \u00e0 l&rsquo;utilisateur de naviguer dans la zone restreinte et d&rsquo;utiliser ses diff\u00e9rentes fonctions, comme, par exemple, effectuer l&rsquo;achat d&rsquo;un article.<\/p>\n<p><strong>Cookies de personnalisation <\/strong>: Ce sont ceux qui permettent \u00e0 l&rsquo;utilisateur d&rsquo;acc\u00e9der au service avec certaines caract\u00e9ristiques g\u00e9n\u00e9rales pr\u00e9d\u00e9finies sur la base d&rsquo;une s\u00e9rie de crit\u00e8res dans le terminal de l&rsquo;utilisateur, tels que la langue ou le type de navigateur via lequel il se connecte au service.<\/p>\n<p><strong>Cookies publicitaires<\/strong> : Ce sont ceux qui, bien trait\u00e9s par ce site Web ou par des tiers, permettent de g\u00e9rer de la mani\u00e8re la plus efficace possible l&rsquo;offre des espaces publicitaires qui se trouvent sur le site Web, en adaptant le contenu de la publicit\u00e9 au contenu du service demand\u00e9 ou l&rsquo;utilisation que vous faites \u00e0 partir de notre site Web. Pour cela, nous pouvons analyser vos habitudes de navigation sur Internet et nous pouvons vous montrer des publicit\u00e9s li\u00e9es \u00e0 votre profil de navigation.<\/p>\n<p><strong>Cookies de publicit\u00e9 comportementale<\/strong> : Ce sont ceux qui permettent la gestion, de la mani\u00e8re la plus efficace possible, des espaces publicitaires que, le cas \u00e9ch\u00e9ant, l&rsquo;\u00e9diteur a inclus dans une page Web, une application ou une plate-forme \u00e0 partir de laquelle le service demand\u00e9 est fourni. Ces types de cookies stockent des informations sur le comportement des visiteurs obtenues gr\u00e2ce \u00e0 l&rsquo;observation continue de leurs habitudes de navigation, permettant de d\u00e9velopper un profil sp\u00e9cifique pour afficher des publicit\u00e9s bas\u00e9es sur celui-ci.<\/p>\n<p><strong>D\u00c9SACTIVEZ LES COOKIES.<\/strong><\/p>\n<p>Vous pouvez <strong>autoriser, bloquer ou supprimer<\/strong> <strong>les cookies<\/strong>install\u00e9s sur votre ordinateur en configurant les options du navigateur install\u00e9 sur votre ordinateur.<\/p>\n<p>Dans la plupart des navigateurs Web, la possibilit\u00e9 est offerte d&rsquo;autoriser, de bloquer ou de supprimer les cookies install\u00e9s sur votre ordinateur.<\/p>\n<p>Ci-dessous, vous pouvez acc\u00e9der \u00e0 la configuration des navigateurs Web les plus fr\u00e9quents pour accepter, installer ou d\u00e9sactiver les cookies:<\/p>\n<p><a href=\"https:\/\/translate.google.com\/translate?hl=ca&amp;prev=_t&amp;sl=es&amp;tl=en&amp;u=https:\/\/support.google.com\/chrome\/answer\/95647%3Fhl%3Des\"><u>D\u00e9finir des cookies dans<\/u> Google Chrome<\/a><\/p>\n<p><a href=\"https:\/\/translate.google.com\/translate?hl=ca&amp;prev=_t&amp;sl=es&amp;tl=en&amp;u=http:\/\/windows.microsoft.com\/es-es\/windows7\/how-to-manage-cookies-in-internet-explorer-9\"><u>D\u00e9finir des cookies dans <\/u> Microsoft Internet Explorer<\/a><\/p>\n<p><a href=\"https:\/\/translate.google.com\/translate?hl=ca&amp;prev=_t&amp;sl=es&amp;tl=en&amp;u=https:\/\/support.mozilla.org\/es\/kb\/habilitar-y-deshabilitar-cookies-sitios-web-rastrear-preferencias%3Fredirectlocale%3Des%26redirectslug%3Dhabilitar-y-deshabilitar-cookies-que-los-sitios-we\"><u>D\u00e9finir des cookies dans <\/u> Mozilla Firefox<\/a><\/p>\n<p><a href=\"https:\/\/translate.google.com\/translate?hl=ca&amp;prev=_t&amp;sl=es&amp;tl=en&amp;u=https:\/\/support.apple.com\/es-es\/HT201265\"><u>D\u00e9finir des cookies dans <\/u> Safari (Apple)<\/a><\/p>\n<p><strong>COOKIES DE TIERS.<\/strong><\/p>\n<p>Ce site Web utilise des services tiers pour collecter des informations \u00e0 des fins statistiques et d&rsquo;utilisation du Web. Les cookies DoubleClick sont utilis\u00e9s pour am\u00e9liorer la publicit\u00e9 incluse sur le site Web. Ils sont utilis\u00e9s pour cibler la publicit\u00e9 en fonction du contenu pertinent pour un utilisateur, am\u00e9liorant ainsi la qualit\u00e9 de l&rsquo;exp\u00e9rience d&rsquo;utilisation.<\/p>\n<p>Concr\u00e8tement, nous utilisons les services Google Adsense et Google Analytics pour nos statistiques et publicit\u00e9s. Certains cookies sont indispensables au fonctionnement du site, par exemple le moteur de recherche int\u00e9gr\u00e9.<\/p>\n<p>Notre site comprend d&rsquo;autres fonctionnalit\u00e9s fournies par des tiers. Vous pouvez facilement partager le contenu sur les r\u00e9seaux sociaux tels que Facebook, Twitter ou Google +, avec les boutons que nous avons inclus \u00e0 cet effet.<\/p>\n<p><strong>AVERTISSEMENT CONCERNANT LA SUPPRESSION DES COOKIES.\u00a0<\/strong><\/p>\n<p>Vous pouvez supprimer et bloquer tous les cookies sur ce site, mais une partie du site ne fonctionnera pas ou la qualit\u00e9 du site Web peut \u00eatre affect\u00e9e.<\/p>\n<p>Si vous avez des questions sur notre politique en mati\u00e8re de cookies, vous pouvez contacter ce site Web via nos canaux de contact.[\/vc_column_text][\/vc_column_inner][\/vc_row_inner][\/vc_column][\/vc_row]<\/p>\n<\/div>","protected":false},"excerpt":{"rendered":"<p>[vc_row][vc_column width=\u00a0\u00bb1\/1&Prime;][vc_row_inner][vc_column_inner column_width_percent=\u00a0\u00bb100&Prime; gutter_size=\u00a0\u00bb3&Prime; override_padding=\u00a0\u00bbyes\u00a0\u00bb column_padding=\u00a0\u00bb2&Prime; font_family=\u00a0\u00bbfont-329340&Prime; overlay_alpha=\u00a0\u00bb50&Prime; shift_x=\u00a0\u00bb0&Prime; shift_y=\u00a0\u00bb0&Prime; shift_y_down=\u00a0\u00bb0&Prime; z_index=\u00a0\u00bb0&Prime; medium_width=\u00a0\u00bb0&Prime; mobile_width=\u00a0\u00bb0&Prime; width=\u00a0\u00bb1\/1&Prime;][vc_column_text] Cookies Conform\u00e9ment aux dispositions de [&hellip;]<\/p>\n","protected":false},"author":1,"featured_media":0,"parent":0,"menu_order":0,"comment_status":"closed","ping_status":"closed","template":"","meta":{"_acf_changed":false,"footnotes":""},"class_list":["post-95838","page","type-page","status-publish","hentry"],"acf":[],"yoast_head":"<!-- This site is optimized with the Yoast SEO plugin v25.6 - https:\/\/yoast.com\/wordpress\/plugins\/seo\/ -->\n<title>PRECITRONICS | Cookies<\/title>\n<meta name=\"description\" content=\"Nous utilisons des cookies pour optimiser notre site Web pour vous et pour pouvoir l&#039;am\u00e9liorer continuellement.\" \/>\n<meta name=\"robots\" content=\"index, follow, max-snippet:-1, max-image-preview:large, max-video-preview:-1\" \/>\n<link rel=\"canonical\" href=\"https:\/\/precitronics.com\/fr\/cookies\/\" \/>\n<meta property=\"og:locale\" content=\"fr_FR\" \/>\n<meta property=\"og:type\" content=\"article\" \/>\n<meta property=\"og:title\" content=\"PRECITRONICS | Cookies\" \/>\n<meta property=\"og:description\" content=\"Nous utilisons des cookies pour optimiser notre site Web pour vous et pour pouvoir l&#039;am\u00e9liorer continuellement.\" \/>\n<meta property=\"og:url\" content=\"https:\/\/precitronics.com\/fr\/cookies\/\" \/>\n<meta property=\"og:site_name\" content=\"PRECITRONICS\" \/>\n<meta property=\"article:modified_time\" content=\"2022-09-28T10:59:02+00:00\" \/>\n<meta name=\"twitter:card\" content=\"summary_large_image\" \/>\n<meta name=\"twitter:label1\" content=\"Dur\u00e9e de lecture estim\u00e9e\" \/>\n\t<meta name=\"twitter:data1\" content=\"4 minutes\" \/>\n<script type=\"application\/ld+json\" class=\"yoast-schema-graph\">{\"@context\":\"https:\/\/schema.org\",\"@graph\":[{\"@type\":\"WebPage\",\"@id\":\"https:\/\/precitronics.com\/fr\/cookies\/\",\"url\":\"https:\/\/precitronics.com\/fr\/cookies\/\",\"name\":\"PRECITRONICS | Cookies\",\"isPartOf\":{\"@id\":\"https:\/\/precitronics.com\/fr\/#website\"},\"datePublished\":\"2021-09-30T06:07:47+00:00\",\"dateModified\":\"2022-09-28T10:59:02+00:00\",\"description\":\"Nous utilisons des cookies pour optimiser notre site Web pour vous et pour pouvoir l'am\u00e9liorer continuellement.\",\"breadcrumb\":{\"@id\":\"https:\/\/precitronics.com\/fr\/cookies\/#breadcrumb\"},\"inLanguage\":\"fr-FR\",\"potentialAction\":[{\"@type\":\"ReadAction\",\"target\":[\"https:\/\/precitronics.com\/fr\/cookies\/\"]}]},{\"@type\":\"BreadcrumbList\",\"@id\":\"https:\/\/precitronics.com\/fr\/cookies\/#breadcrumb\",\"itemListElement\":[{\"@type\":\"ListItem\",\"position\":1,\"name\":\"Home\",\"item\":\"https:\/\/precitronics.com\/fr\/\"},{\"@type\":\"ListItem\",\"position\":2,\"name\":\"Cookies\"}]},{\"@type\":\"WebSite\",\"@id\":\"https:\/\/precitronics.com\/fr\/#website\",\"url\":\"https:\/\/precitronics.com\/fr\/\",\"name\":\"PRECITRONICS\",\"description\":\"Swiss Type Technology\",\"publisher\":{\"@id\":\"https:\/\/precitronics.com\/fr\/#organization\"},\"potentialAction\":[{\"@type\":\"SearchAction\",\"target\":{\"@type\":\"EntryPoint\",\"urlTemplate\":\"https:\/\/precitronics.com\/fr\/?s={search_term_string}\"},\"query-input\":{\"@type\":\"PropertyValueSpecification\",\"valueRequired\":true,\"valueName\":\"search_term_string\"}}],\"inLanguage\":\"fr-FR\"},{\"@type\":\"Organization\",\"@id\":\"https:\/\/precitronics.com\/fr\/#organization\",\"name\":\"Precitronics\",\"url\":\"https:\/\/precitronics.com\/fr\/\",\"logo\":{\"@type\":\"ImageObject\",\"inLanguage\":\"fr-FR\",\"@id\":\"https:\/\/precitronics.com\/fr\/#\/schema\/logo\/image\/\",\"url\":\"https:\/\/precitronics.com\/wp-content\/uploads\/2020\/11\/precitronics-logo-light.svg\",\"contentUrl\":\"https:\/\/precitronics.com\/wp-content\/uploads\/2020\/11\/precitronics-logo-light.svg\",\"width\":1,\"height\":1,\"caption\":\"Precitronics\"},\"image\":{\"@id\":\"https:\/\/precitronics.com\/fr\/#\/schema\/logo\/image\/\"}}]}<\/script>\n<!-- \/ Yoast SEO plugin. -->","yoast_head_json":{"title":"PRECITRONICS | Cookies","description":"Nous utilisons des cookies pour optimiser notre site Web pour vous et pour pouvoir l'am\u00e9liorer continuellement.","robots":{"index":"index","follow":"follow","max-snippet":"max-snippet:-1","max-image-preview":"max-image-preview:large","max-video-preview":"max-video-preview:-1"},"canonical":"https:\/\/precitronics.com\/fr\/cookies\/","og_locale":"fr_FR","og_type":"article","og_title":"PRECITRONICS | Cookies","og_description":"Nous utilisons des cookies pour optimiser notre site Web pour vous et pour pouvoir l'am\u00e9liorer continuellement.","og_url":"https:\/\/precitronics.com\/fr\/cookies\/","og_site_name":"PRECITRONICS","article_modified_time":"2022-09-28T10:59:02+00:00","twitter_card":"summary_large_image","twitter_misc":{"Dur\u00e9e de lecture estim\u00e9e":"4 minutes"},"schema":{"@context":"https:\/\/schema.org","@graph":[{"@type":"WebPage","@id":"https:\/\/precitronics.com\/fr\/cookies\/","url":"https:\/\/precitronics.com\/fr\/cookies\/","name":"PRECITRONICS | Cookies","isPartOf":{"@id":"https:\/\/precitronics.com\/fr\/#website"},"datePublished":"2021-09-30T06:07:47+00:00","dateModified":"2022-09-28T10:59:02+00:00","description":"Nous utilisons des cookies pour optimiser notre site Web pour vous et pour pouvoir l'am\u00e9liorer continuellement.","breadcrumb":{"@id":"https:\/\/precitronics.com\/fr\/cookies\/#breadcrumb"},"inLanguage":"fr-FR","potentialAction":[{"@type":"ReadAction","target":["https:\/\/precitronics.com\/fr\/cookies\/"]}]},{"@type":"BreadcrumbList","@id":"https:\/\/precitronics.com\/fr\/cookies\/#breadcrumb","itemListElement":[{"@type":"ListItem","position":1,"name":"Home","item":"https:\/\/precitronics.com\/fr\/"},{"@type":"ListItem","position":2,"name":"Cookies"}]},{"@type":"WebSite","@id":"https:\/\/precitronics.com\/fr\/#website","url":"https:\/\/precitronics.com\/fr\/","name":"PRECITRONICS","description":"Swiss Type Technology","publisher":{"@id":"https:\/\/precitronics.com\/fr\/#organization"},"potentialAction":[{"@type":"SearchAction","target":{"@type":"EntryPoint","urlTemplate":"https:\/\/precitronics.com\/fr\/?s={search_term_string}"},"query-input":{"@type":"PropertyValueSpecification","valueRequired":true,"valueName":"search_term_string"}}],"inLanguage":"fr-FR"},{"@type":"Organization","@id":"https:\/\/precitronics.com\/fr\/#organization","name":"Precitronics","url":"https:\/\/precitronics.com\/fr\/","logo":{"@type":"ImageObject","inLanguage":"fr-FR","@id":"https:\/\/precitronics.com\/fr\/#\/schema\/logo\/image\/","url":"https:\/\/precitronics.com\/wp-content\/uploads\/2020\/11\/precitronics-logo-light.svg","contentUrl":"https:\/\/precitronics.com\/wp-content\/uploads\/2020\/11\/precitronics-logo-light.svg","width":1,"height":1,"caption":"Precitronics"},"image":{"@id":"https:\/\/precitronics.com\/fr\/#\/schema\/logo\/image\/"}}]}},"_links":{"self":[{"href":"https:\/\/precitronics.com\/fr\/wp-json\/wp\/v2\/pages\/95838"}],"collection":[{"href":"https:\/\/precitronics.com\/fr\/wp-json\/wp\/v2\/pages"}],"about":[{"href":"https:\/\/precitronics.com\/fr\/wp-json\/wp\/v2\/types\/page"}],"author":[{"embeddable":true,"href":"https:\/\/precitronics.com\/fr\/wp-json\/wp\/v2\/users\/1"}],"replies":[{"embeddable":true,"href":"https:\/\/precitronics.com\/fr\/wp-json\/wp\/v2\/comments?post=95838"}],"version-history":[{"count":5,"href":"https:\/\/precitronics.com\/fr\/wp-json\/wp\/v2\/pages\/95838\/revisions"}],"predecessor-version":[{"id":99005,"href":"https:\/\/precitronics.com\/fr\/wp-json\/wp\/v2\/pages\/95838\/revisions\/99005"}],"wp:attachment":[{"href":"https:\/\/precitronics.com\/fr\/wp-json\/wp\/v2\/media?parent=95838"}],"curies":[{"name":"wp","href":"https:\/\/api.w.org\/{rel}","templated":true}]}}