{"id":95734,"date":"2021-09-29T09:21:23","date_gmt":"2021-09-29T09:21:23","guid":{"rendered":"https:\/\/precitronics.com\/contact\/"},"modified":"2022-09-30T08:38:19","modified_gmt":"2022-09-30T08:38:19","slug":"contact","status":"publish","type":"page","link":"https:\/\/precitronics.com\/fr\/contact\/","title":{"rendered":"Contact"},"content":{"rendered":"<div class=\"wpb-content-wrapper\"><p>[vc_row row_height_percent=\u00a0\u00bb0&Prime; override_padding=\u00a0\u00bbyes\u00a0\u00bb h_padding=\u00a0\u00bb2&Prime; top_padding=\u00a0\u00bb0&Prime; bottom_padding=\u00a0\u00bb0&Prime; overlay_alpha=\u00a0\u00bb50&Prime; gutter_size=\u00a0\u00bb3&Prime; column_width_percent=\u00a0\u00bb100&Prime; shift_y=\u00a0\u00bb0&Prime; z_index=\u00a0\u00bb0&Prime;][vc_column column_width_percent=\u00a0\u00bb100&Prime; gutter_size=\u00a0\u00bb3&Prime; override_padding=\u00a0\u00bbyes\u00a0\u00bb column_padding=\u00a0\u00bb3&Prime; back_color=\u00a0\u00bbcolor-xsdn\u00a0\u00bb overlay_alpha=\u00a0\u00bb50&Prime; shift_x=\u00a0\u00bb0&Prime; shift_y=\u00a0\u00bb-4&Prime; shift_y_fixed=\u00a0\u00bbyes\u00a0\u00bb shift_y_down=\u00a0\u00bb0&Prime; z_index=\u00a0\u00bb0&Prime; medium_width=\u00a0\u00bb0&Prime; mobile_width=\u00a0\u00bb0&Prime; width=\u00a0\u00bb1\/1&Prime;][vc_row_inner row_inner_height_percent=\u00a0\u00bb0&Prime; overlay_alpha=\u00a0\u00bb50&Prime; equal_height=\u00a0\u00bbyes\u00a0\u00bb gutter_size=\u00a0\u00bb0&Prime; shift_y=\u00a0\u00bb0&Prime;][vc_column_inner column_width_percent=\u00a0\u00bb100&Prime; position_vertical=\u00a0\u00bbmiddle\u00a0\u00bb align_horizontal=\u00a0\u00bbalign_right\u00a0\u00bb gutter_size=\u00a0\u00bb3&Prime; override_padding=\u00a0\u00bbyes\u00a0\u00bb column_padding=\u00a0\u00bb2&Prime; overlay_alpha=\u00a0\u00bb50&Prime; border_color=\u00a0\u00bbcolor-gyho\u00a0\u00bb border_style=\u00a0\u00bbsolid\u00a0\u00bb shift_x=\u00a0\u00bb0&Prime; shift_y=\u00a0\u00bb0&Prime; shift_y_down=\u00a0\u00bb0&Prime; z_index=\u00a0\u00bb0&Prime; medium_width=\u00a0\u00bb2&Prime; align_mobile=\u00a0\u00bbalign_center_mobile\u00a0\u00bb mobile_width=\u00a0\u00bb0&Prime; width=\u00a0\u00bb3\/12&Prime; css=\u00a0\u00bb.vc_custom_1495102345881{border-right-width: 1px !important;}\u00a0\u00bb][vc_custom_heading heading_semantic=\u00a0\u00bbh3&Prime; text_size=\u00a0\u00bbh3&Prime; text_weight=\u00a0\u00bb200&Prime; text_transform=\u00a0\u00bbuppercase\u00a0\u00bb text_space=\u00a0\u00bbfontspace-781688&Prime; text_color=\u00a0\u00bbcolor-742106&Prime;]contacter[\/vc_custom_heading][\/vc_column_inner][vc_column_inner column_width_percent=\u00a0\u00bb100&Prime; position_vertical=\u00a0\u00bbmiddle\u00a0\u00bb gutter_size=\u00a0\u00bb3&Prime; override_padding=\u00a0\u00bbyes\u00a0\u00bb column_padding=\u00a0\u00bb2&Prime; overlay_alpha=\u00a0\u00bb50&Prime; shift_x=\u00a0\u00bb0&Prime; shift_y=\u00a0\u00bb0&Prime; shift_y_down=\u00a0\u00bb0&Prime; z_index=\u00a0\u00bb0&Prime; medium_width=\u00a0\u00bb6&Prime; align_mobile=\u00a0\u00bbalign_center_mobile\u00a0\u00bb mobile_width=\u00a0\u00bb0&Prime; width=\u00a0\u00bb9\/12&Prime;][vc_custom_heading text_size=\u00a0\u00bbfontsize-155944&Prime; text_weight=\u00a0\u00bb200&Prime; text_space=\u00a0\u00bbfontspace-781688&Prime;]Vous avez une question sur nos produits? Racontez-nous votre projet.[\/vc_custom_heading][\/vc_column_inner][\/vc_row_inner][\/vc_column][\/vc_row][vc_row row_height_percent=\u00a0\u00bb0&Prime; override_padding=\u00a0\u00bbyes\u00a0\u00bb h_padding=\u00a0\u00bb2&Prime; top_padding=\u00a0\u00bb0&Prime; bottom_padding=\u00a0\u00bb4&Prime; overlay_alpha=\u00a0\u00bb50&Prime; equal_height=\u00a0\u00bbyes\u00a0\u00bb gutter_size=\u00a0\u00bb0&Prime; column_width_percent=\u00a0\u00bb100&Prime; shift_y=\u00a0\u00bb0&Prime; z_index=\u00a0\u00bb0&Prime;][vc_column column_width_percent=\u00a0\u00bb100&Prime; align_horizontal=\u00a0\u00bbalign_center\u00a0\u00bb gutter_size=\u00a0\u00bb2&Prime; override_padding=\u00a0\u00bbyes\u00a0\u00bb column_padding=\u00a0\u00bb3&Prime; font_family=\u00a0\u00bbfont-202503&Prime; overlay_alpha=\u00a0\u00bb50&Prime; border_color=\u00a0\u00bbcolor-gyho\u00a0\u00bb border_style=\u00a0\u00bbsolid\u00a0\u00bb shift_x=\u00a0\u00bb0&Prime; shift_y=\u00a0\u00bb0&Prime; shift_y_down=\u00a0\u00bb0&Prime; z_index=\u00a0\u00bb0&Prime; medium_width=\u00a0\u00bb3&Prime; mobile_width=\u00a0\u00bb0&Prime; width=\u00a0\u00bb1\/1&Prime; css=\u00a0\u00bb.vc_custom_1495111950280{border-right-width: 1px !important;}\u00a0\u00bb][vc_icon icon=\u00a0\u00bbfa fa-desktop2&Prime; icon_color=\u00a0\u00bbcolor-742106&Prime; size=\u00a0\u00bbfa-3x\u00a0\u00bb text_size=\u00a0\u00bbh2&Prime; text_weight=\u00a0\u00bb400&Prime; text_space=\u00a0\u00bbfontspace-111509&Prime; text_lead=\u00a0\u00bbyes\u00a0\u00bb title=\u00a0\u00bbD\u00e9partement commerciale\u00a0\u00bb][\/vc_icon][vc_column_text text_lead=\u00a0\u00bbyes\u00a0\u00bb]<a href=\"&quot;mailto:commercial@precitronics.com\">commercial@precitronics.com<\/a>[\/vc_column_text][\/vc_column][\/vc_row][vc_row unlock_row=\u00a0\u00bb\u00a0\u00bb row_height_percent=\u00a0\u00bb50&Prime; override_padding=\u00a0\u00bbyes\u00a0\u00bb h_padding=\u00a0\u00bb0&Prime; top_padding=\u00a0\u00bb0&Prime; bottom_padding=\u00a0\u00bb4&Prime; overlay_alpha=\u00a0\u00bb100&Prime; gutter_size=\u00a0\u00bb100&Prime; column_width_percent=\u00a0\u00bb100&Prime; shift_y=\u00a0\u00bb0&Prime; z_index=\u00a0\u00bb0&Prime; row_height_use_pixel=\u00a0\u00bbyes\u00a0\u00bb style=\u00a0\u00bbinherited\u00a0\u00bb row_height_pixel=\u00a0\u00bb300&Prime;][vc_column column_width_percent=\u00a0\u00bb100&Prime; position_horizontal=\u00a0\u00bbleft\u00a0\u00bb expand_height=\u00a0\u00bbyes\u00a0\u00bb overlay_alpha=\u00a0\u00bb100&Prime; medium_width=\u00a0\u00bb0&Prime; width=\u00a0\u00bb1\/1&Prime; zoom_width=\u00a0\u00bb0&Prime; zoom_height=\u00a0\u00bb0&Prime;][vc_column_text text_lead=\u00a0\u00bbyes\u00a0\u00bb]<iframe style=\"border: 0;\" tabindex=\"0\" src=\"https:\/\/www.google.com\/maps\/embed?pb=!1m18!1m12!1m3!1d2986.87712989554!2d2.221313916151031!3d41.528602095190394!2m3!1f0!2f0!3f0!3m2!1i1024!2i768!4f13.1!3m3!1m2!1s0x12a4b95e749ddded%3A0xe67e3b3ec6293422!2sMadaula%2C%20S.A.!5e0!3m2!1sca!2ses!4v1611240929273!5m2!1sca!2ses\" width=\"100%\" height=\"400\" frameborder=\"0\" allowfullscreen=\"allowfullscreen\" aria-hidden=\"false\"><\/iframe>[\/vc_column_text][\/vc_column][\/vc_row][vc_row row_height_percent=\u00a0\u00bb0&Prime; override_padding=\u00a0\u00bbyes\u00a0\u00bb h_padding=\u00a0\u00bb0&Prime; top_padding=\u00a0\u00bb0&Prime; bottom_padding=\u00a0\u00bb4&Prime; overlay_alpha=\u00a0\u00bb50&Prime; gutter_size=\u00a0\u00bb3&Prime; column_width_percent=\u00a0\u00bb100&Prime; shift_y=\u00a0\u00bb0&Prime; z_index=\u00a0\u00bb0&Prime;][vc_column column_width_use_pixel=\u00a0\u00bbyes\u00a0\u00bb gutter_size=\u00a0\u00bb3&Prime; font_family=\u00a0\u00bbfont-329340&Prime; overlay_alpha=\u00a0\u00bb50&Prime; shift_x=\u00a0\u00bb0&Prime; shift_y=\u00a0\u00bb0&Prime; shift_y_down=\u00a0\u00bb0&Prime; z_index=\u00a0\u00bb0&Prime; medium_width=\u00a0\u00bb0&Prime; align_mobile=\u00a0\u00bbalign_center_mobile\u00a0\u00bb mobile_width=\u00a0\u00bb0&Prime; width=\u00a0\u00bb1\/1&Prime; column_width_pixel=\u00a0\u00bb800&Prime;][vc_row_inner][vc_column_inner column_width_percent=\u00a0\u00bb100&Prime; align_horizontal=\u00a0\u00bbalign_center\u00a0\u00bb gutter_size=\u00a0\u00bb2&Prime; overlay_alpha=\u00a0\u00bb50&Prime; shift_x=\u00a0\u00bb0&Prime; shift_y=\u00a0\u00bb0&Prime; shift_y_down=\u00a0\u00bb0&Prime; z_index=\u00a0\u00bb0&Prime; medium_width=\u00a0\u00bb0&Prime; mobile_width=\u00a0\u00bb0&Prime; width=\u00a0\u00bb1\/1&Prime;]\n<div class=\"wpcf7 no-js\" id=\"wpcf7-f99404-o1\" lang=\"fr-FR\" dir=\"ltr\" data-wpcf7-id=\"99404\">\n<div class=\"screen-reader-response\"><p role=\"status\" aria-live=\"polite\" aria-atomic=\"true\"><\/p> <ul><\/ul><\/div>\n<form action=\"\/fr\/wp-json\/wp\/v2\/pages\/95734#wpcf7-f99404-o1\" method=\"post\" class=\"wpcf7-form init input-background\" aria-label=\"Contact form\" novalidate=\"novalidate\" data-status=\"init\">\n<div style=\"display: none;\">\n<input type=\"hidden\" name=\"_wpcf7\" value=\"99404\" \/>\n<input type=\"hidden\" name=\"_wpcf7_version\" value=\"6.0.6\" \/>\n<input type=\"hidden\" name=\"_wpcf7_locale\" value=\"fr_FR\" \/>\n<input type=\"hidden\" name=\"_wpcf7_unit_tag\" value=\"wpcf7-f99404-o1\" \/>\n<input type=\"hidden\" name=\"_wpcf7_container_post\" value=\"0\" \/>\n<input type=\"hidden\" name=\"_wpcf7_posted_data_hash\" value=\"\" \/>\n<input type=\"hidden\" name=\"_wpcf7_recaptcha_response\" value=\"\" \/>\n<\/div>\n<p><span class=\"wpcf7-form-control-wrap\" data-name=\"your-fullname\"><input size=\"40\" maxlength=\"400\" class=\"wpcf7-form-control wpcf7-text wpcf7-validates-as-required form-fluid\" aria-required=\"true\" aria-invalid=\"false\" placeholder=\"Votre nom complet\" value=\"\" type=\"text\" name=\"your-fullname\" \/><\/span>\n<\/p>\n<div class=\"wpcf7-inline-wrapper\">\n\t<p class=\"wpcf7-inline-field\"><span class=\"wpcf7-form-control-wrap\" data-name=\"your-email\"><input size=\"40\" maxlength=\"400\" class=\"wpcf7-form-control wpcf7-email wpcf7-validates-as-required wpcf7-text wpcf7-validates-as-email\" aria-required=\"true\" aria-invalid=\"false\" placeholder=\"Email\" value=\"\" type=\"email\" name=\"your-email\" \/><\/span>\n\t<\/p>\n\t<p class=\"wpcf7-inline-field\"><span class=\"wpcf7-form-control-wrap\" data-name=\"your-telephone\"><input size=\"40\" maxlength=\"400\" class=\"wpcf7-form-control wpcf7-text wpcf7-validates-as-required form-fluid\" aria-required=\"true\" aria-invalid=\"false\" placeholder=\"T\u00e9l\u00e9phoner\" value=\"\" type=\"text\" name=\"your-telephone\" \/><\/span>\n\t<\/p>\n<\/div>\n<p><span class=\"wpcf7-form-control-wrap\" data-name=\"your-company\"><input size=\"40\" maxlength=\"400\" class=\"wpcf7-form-control wpcf7-text wpcf7-validates-as-required form-fluid\" aria-required=\"true\" aria-invalid=\"false\" placeholder=\"Entreprise\" value=\"\" type=\"text\" name=\"your-company\" \/><\/span>\n<\/p>\n<p><span class=\"wpcf7-form-control-wrap\" data-name=\"menu-640\"><select class=\"wpcf7-form-control wpcf7-select\" aria-invalid=\"false\" name=\"menu-640\"><option value=\"D\u00e9partement \u00e0 contacter &gt;\">D\u00e9partement \u00e0 contacter &gt;<\/option><option value=\"Commercial\">Commercial<\/option><option value=\"Ing\u00e9nierie\">Ing\u00e9nierie<\/option><option value=\"Service Technique\">Service Technique<\/option><option value=\"Administration\">Administration<\/option><option value=\"G\u00e9n\u00e9ral\">G\u00e9n\u00e9ral<\/option><\/select><\/span>\n<\/p>\n<p><span class=\"wpcf7-form-control-wrap\" data-name=\"your-subject\"><input size=\"40\" maxlength=\"400\" class=\"wpcf7-form-control wpcf7-text wpcf7-validates-as-required form-fluid\" aria-required=\"true\" aria-invalid=\"false\" placeholder=\"Subject\" value=\"\" type=\"text\" name=\"your-subject\" \/><\/span>\n<\/p>\n<p><span class=\"wpcf7-form-control-wrap\" data-name=\"your-message\"><textarea cols=\"40\" rows=\"8\" maxlength=\"2000\" class=\"wpcf7-form-control wpcf7-textarea\" aria-invalid=\"false\" placeholder=\"Message\" name=\"your-message\"><\/textarea><\/span>\n<\/p>\n<center>\n<span class=\"wpcf7-form-control-wrap recaptcha\" data-name=\"recaptcha\"><span data-sitekey=\"6Lc18dsaAAAAAHU5PU7zzNwFrtuMTnzVn0CgZ6Y_\" class=\"wpcf7-form-control wpcf7-recaptcha g-recaptcha\"><\/span>\r\n<noscript>\r\n\t<div class=\"grecaptcha-noscript\">\r\n\t\t<iframe src=\"https:\/\/www.google.com\/recaptcha\/api\/fallback?k=6Lc18dsaAAAAAHU5PU7zzNwFrtuMTnzVn0CgZ6Y_\" frameborder=\"0\" scrolling=\"no\" width=\"310\" height=\"430\">\r\n\t\t<\/iframe>\r\n\t\t<textarea name=\"g-recaptcha-response\" rows=\"3\" cols=\"40\" placeholder=\"reCaptcha Response Here\">\r\n\t\t<\/textarea>\r\n\t<\/div>\r\n<\/noscript>\r\n<\/span>\n<\/center>\n<p><span class=\"wpcf7-form-control-wrap\" data-name=\"accept-this-1\"><span class=\"wpcf7-form-control wpcf7-acceptance\"><span class=\"wpcf7-list-item\"><label><input type=\"checkbox\" name=\"accept-this-1\" value=\"1\" aria-invalid=\"false\" \/><span class=\"wpcf7-list-item-label\">J'ai lu et j'accepte le <a href=\"https:\/\/precitronics.com\/fr\/politique-de-confidentialite\/\">Politique de confidentialit\u00e9<\/a><\/span><\/label><\/span><\/span><\/span>\n<\/p>\n<p><input class=\"wpcf7-form-control wpcf7-submit has-spinner btn btn-accent\" type=\"submit\" value=\"Submit\" \/>\n<\/p><div class=\"wpcf7-response-output\" aria-hidden=\"true\"><\/div>\n<\/form>\n<\/div>\n[\/vc_column_inner][\/vc_row_inner][\/vc_column][\/vc_row]<\/p>\n<\/div>","protected":false},"excerpt":{"rendered":"<p>[vc_row row_height_percent=\u00a0\u00bb0&Prime; override_padding=\u00a0\u00bbyes\u00a0\u00bb h_padding=\u00a0\u00bb2&Prime; top_padding=\u00a0\u00bb0&Prime; bottom_padding=\u00a0\u00bb0&Prime; overlay_alpha=\u00a0\u00bb50&Prime; gutter_size=\u00a0\u00bb3&Prime; column_width_percent=\u00a0\u00bb100&Prime; shift_y=\u00a0\u00bb0&Prime; z_index=\u00a0\u00bb0&Prime;][vc_column column_width_percent=\u00a0\u00bb100&Prime; gutter_size=\u00a0\u00bb3&Prime; override_padding=\u00a0\u00bbyes\u00a0\u00bb column_padding=\u00a0\u00bb3&Prime; back_color=\u00a0\u00bbcolor-xsdn\u00a0\u00bb overlay_alpha=\u00a0\u00bb50&Prime; shift_x=\u00a0\u00bb0&Prime; shift_y=\u00a0\u00bb-4&Prime; shift_y_fixed=\u00a0\u00bbyes\u00a0\u00bb [&hellip;]<\/p>\n","protected":false},"author":1,"featured_media":84823,"parent":0,"menu_order":0,"comment_status":"closed","ping_status":"closed","template":"","meta":{"_acf_changed":false,"footnotes":""},"class_list":["post-95734","page","type-page","status-publish","has-post-thumbnail","hentry"],"acf":[],"yoast_head":"<!-- This site is optimized with the Yoast SEO plugin v25.6 - https:\/\/yoast.com\/wordpress\/plugins\/seo\/ -->\n<title>PRECITRONICS | Contact us | Demandes g\u00e9n\u00e9rales, t\u00e9l\u00e9phone et e-mail<\/title>\n<meta name=\"description\" content=\"Nous contacter. Carrer Rec del Mol\u00ed, 22. Sant Fost de Campsentalles, 08105 BCN - Spain. T\u00e9l\u00e9phone +34 935 445 593 E-mail: commercial@precitronics.com\" \/>\n<meta name=\"robots\" content=\"index, follow, max-snippet:-1, max-image-preview:large, max-video-preview:-1\" \/>\n<link rel=\"canonical\" href=\"https:\/\/precitronics.com\/fr\/contact\/\" \/>\n<meta property=\"og:locale\" content=\"fr_FR\" \/>\n<meta property=\"og:type\" content=\"article\" \/>\n<meta property=\"og:title\" content=\"PRECITRONICS | Contact us | Demandes g\u00e9n\u00e9rales, t\u00e9l\u00e9phone et e-mail\" \/>\n<meta property=\"og:description\" content=\"Nous contacter. Carrer Rec del Mol\u00ed, 22. Sant Fost de Campsentalles, 08105 BCN - Spain. T\u00e9l\u00e9phone +34 935 445 593 E-mail: commercial@precitronics.com\" \/>\n<meta property=\"og:url\" content=\"https:\/\/precitronics.com\/fr\/contact\/\" \/>\n<meta property=\"og:site_name\" content=\"PRECITRONICS\" \/>\n<meta property=\"article:modified_time\" content=\"2022-09-30T08:38:19+00:00\" \/>\n<meta property=\"og:image\" content=\"https:\/\/precitronics.com\/wp-content\/uploads\/2021\/01\/entrada-madaula-contact.jpg\" \/>\n\t<meta property=\"og:image:width\" content=\"1920\" \/>\n\t<meta property=\"og:image:height\" content=\"1122\" \/>\n\t<meta property=\"og:image:type\" content=\"image\/jpeg\" \/>\n<meta name=\"twitter:card\" content=\"summary_large_image\" \/>\n<meta name=\"twitter:label1\" content=\"Dur\u00e9e de lecture estim\u00e9e\" \/>\n\t<meta name=\"twitter:data1\" content=\"3 minutes\" \/>\n<script type=\"application\/ld+json\" class=\"yoast-schema-graph\">{\"@context\":\"https:\/\/schema.org\",\"@graph\":[{\"@type\":\"WebPage\",\"@id\":\"https:\/\/precitronics.com\/fr\/contact\/\",\"url\":\"https:\/\/precitronics.com\/fr\/contact\/\",\"name\":\"PRECITRONICS | Contact us | Demandes g\u00e9n\u00e9rales, t\u00e9l\u00e9phone et e-mail\",\"isPartOf\":{\"@id\":\"https:\/\/precitronics.com\/fr\/#website\"},\"primaryImageOfPage\":{\"@id\":\"https:\/\/precitronics.com\/fr\/contact\/#primaryimage\"},\"image\":{\"@id\":\"https:\/\/precitronics.com\/fr\/contact\/#primaryimage\"},\"thumbnailUrl\":\"https:\/\/precitronics.com\/wp-content\/uploads\/2021\/01\/entrada-madaula-contact.jpg\",\"datePublished\":\"2021-09-29T09:21:23+00:00\",\"dateModified\":\"2022-09-30T08:38:19+00:00\",\"description\":\"Nous contacter. Carrer Rec del Mol\u00ed, 22. Sant Fost de Campsentalles, 08105 BCN - Spain. T\u00e9l\u00e9phone +34 935 445 593 E-mail: commercial@precitronics.com\",\"breadcrumb\":{\"@id\":\"https:\/\/precitronics.com\/fr\/contact\/#breadcrumb\"},\"inLanguage\":\"fr-FR\",\"potentialAction\":[{\"@type\":\"ReadAction\",\"target\":[\"https:\/\/precitronics.com\/fr\/contact\/\"]}]},{\"@type\":\"ImageObject\",\"inLanguage\":\"fr-FR\",\"@id\":\"https:\/\/precitronics.com\/fr\/contact\/#primaryimage\",\"url\":\"https:\/\/precitronics.com\/wp-content\/uploads\/2021\/01\/entrada-madaula-contact.jpg\",\"contentUrl\":\"https:\/\/precitronics.com\/wp-content\/uploads\/2021\/01\/entrada-madaula-contact.jpg\",\"width\":1920,\"height\":1122},{\"@type\":\"BreadcrumbList\",\"@id\":\"https:\/\/precitronics.com\/fr\/contact\/#breadcrumb\",\"itemListElement\":[{\"@type\":\"ListItem\",\"position\":1,\"name\":\"Home\",\"item\":\"https:\/\/precitronics.com\/fr\/\"},{\"@type\":\"ListItem\",\"position\":2,\"name\":\"Contact\"}]},{\"@type\":\"WebSite\",\"@id\":\"https:\/\/precitronics.com\/fr\/#website\",\"url\":\"https:\/\/precitronics.com\/fr\/\",\"name\":\"PRECITRONICS\",\"description\":\"Swiss Type Technology\",\"publisher\":{\"@id\":\"https:\/\/precitronics.com\/fr\/#organization\"},\"potentialAction\":[{\"@type\":\"SearchAction\",\"target\":{\"@type\":\"EntryPoint\",\"urlTemplate\":\"https:\/\/precitronics.com\/fr\/?s={search_term_string}\"},\"query-input\":{\"@type\":\"PropertyValueSpecification\",\"valueRequired\":true,\"valueName\":\"search_term_string\"}}],\"inLanguage\":\"fr-FR\"},{\"@type\":\"Organization\",\"@id\":\"https:\/\/precitronics.com\/fr\/#organization\",\"name\":\"Precitronics\",\"url\":\"https:\/\/precitronics.com\/fr\/\",\"logo\":{\"@type\":\"ImageObject\",\"inLanguage\":\"fr-FR\",\"@id\":\"https:\/\/precitronics.com\/fr\/#\/schema\/logo\/image\/\",\"url\":\"https:\/\/precitronics.com\/wp-content\/uploads\/2020\/11\/precitronics-logo-light.svg\",\"contentUrl\":\"https:\/\/precitronics.com\/wp-content\/uploads\/2020\/11\/precitronics-logo-light.svg\",\"width\":1,\"height\":1,\"caption\":\"Precitronics\"},\"image\":{\"@id\":\"https:\/\/precitronics.com\/fr\/#\/schema\/logo\/image\/\"}}]}<\/script>\n<!-- \/ Yoast SEO plugin. -->","yoast_head_json":{"title":"PRECITRONICS | Contact us | Demandes g\u00e9n\u00e9rales, t\u00e9l\u00e9phone et e-mail","description":"Nous contacter. Carrer Rec del Mol\u00ed, 22. Sant Fost de Campsentalles, 08105 BCN - Spain. T\u00e9l\u00e9phone +34 935 445 593 E-mail: commercial@precitronics.com","robots":{"index":"index","follow":"follow","max-snippet":"max-snippet:-1","max-image-preview":"max-image-preview:large","max-video-preview":"max-video-preview:-1"},"canonical":"https:\/\/precitronics.com\/fr\/contact\/","og_locale":"fr_FR","og_type":"article","og_title":"PRECITRONICS | Contact us | Demandes g\u00e9n\u00e9rales, t\u00e9l\u00e9phone et e-mail","og_description":"Nous contacter. Carrer Rec del Mol\u00ed, 22. Sant Fost de Campsentalles, 08105 BCN - Spain. T\u00e9l\u00e9phone +34 935 445 593 E-mail: commercial@precitronics.com","og_url":"https:\/\/precitronics.com\/fr\/contact\/","og_site_name":"PRECITRONICS","article_modified_time":"2022-09-30T08:38:19+00:00","og_image":[{"width":1920,"height":1122,"url":"https:\/\/precitronics.com\/wp-content\/uploads\/2021\/01\/entrada-madaula-contact.jpg","type":"image\/jpeg"}],"twitter_card":"summary_large_image","twitter_misc":{"Dur\u00e9e de lecture estim\u00e9e":"3 minutes"},"schema":{"@context":"https:\/\/schema.org","@graph":[{"@type":"WebPage","@id":"https:\/\/precitronics.com\/fr\/contact\/","url":"https:\/\/precitronics.com\/fr\/contact\/","name":"PRECITRONICS | Contact us | Demandes g\u00e9n\u00e9rales, t\u00e9l\u00e9phone et e-mail","isPartOf":{"@id":"https:\/\/precitronics.com\/fr\/#website"},"primaryImageOfPage":{"@id":"https:\/\/precitronics.com\/fr\/contact\/#primaryimage"},"image":{"@id":"https:\/\/precitronics.com\/fr\/contact\/#primaryimage"},"thumbnailUrl":"https:\/\/precitronics.com\/wp-content\/uploads\/2021\/01\/entrada-madaula-contact.jpg","datePublished":"2021-09-29T09:21:23+00:00","dateModified":"2022-09-30T08:38:19+00:00","description":"Nous contacter. Carrer Rec del Mol\u00ed, 22. Sant Fost de Campsentalles, 08105 BCN - Spain. T\u00e9l\u00e9phone +34 935 445 593 E-mail: commercial@precitronics.com","breadcrumb":{"@id":"https:\/\/precitronics.com\/fr\/contact\/#breadcrumb"},"inLanguage":"fr-FR","potentialAction":[{"@type":"ReadAction","target":["https:\/\/precitronics.com\/fr\/contact\/"]}]},{"@type":"ImageObject","inLanguage":"fr-FR","@id":"https:\/\/precitronics.com\/fr\/contact\/#primaryimage","url":"https:\/\/precitronics.com\/wp-content\/uploads\/2021\/01\/entrada-madaula-contact.jpg","contentUrl":"https:\/\/precitronics.com\/wp-content\/uploads\/2021\/01\/entrada-madaula-contact.jpg","width":1920,"height":1122},{"@type":"BreadcrumbList","@id":"https:\/\/precitronics.com\/fr\/contact\/#breadcrumb","itemListElement":[{"@type":"ListItem","position":1,"name":"Home","item":"https:\/\/precitronics.com\/fr\/"},{"@type":"ListItem","position":2,"name":"Contact"}]},{"@type":"WebSite","@id":"https:\/\/precitronics.com\/fr\/#website","url":"https:\/\/precitronics.com\/fr\/","name":"PRECITRONICS","description":"Swiss Type Technology","publisher":{"@id":"https:\/\/precitronics.com\/fr\/#organization"},"potentialAction":[{"@type":"SearchAction","target":{"@type":"EntryPoint","urlTemplate":"https:\/\/precitronics.com\/fr\/?s={search_term_string}"},"query-input":{"@type":"PropertyValueSpecification","valueRequired":true,"valueName":"search_term_string"}}],"inLanguage":"fr-FR"},{"@type":"Organization","@id":"https:\/\/precitronics.com\/fr\/#organization","name":"Precitronics","url":"https:\/\/precitronics.com\/fr\/","logo":{"@type":"ImageObject","inLanguage":"fr-FR","@id":"https:\/\/precitronics.com\/fr\/#\/schema\/logo\/image\/","url":"https:\/\/precitronics.com\/wp-content\/uploads\/2020\/11\/precitronics-logo-light.svg","contentUrl":"https:\/\/precitronics.com\/wp-content\/uploads\/2020\/11\/precitronics-logo-light.svg","width":1,"height":1,"caption":"Precitronics"},"image":{"@id":"https:\/\/precitronics.com\/fr\/#\/schema\/logo\/image\/"}}]}},"_links":{"self":[{"href":"https:\/\/precitronics.com\/fr\/wp-json\/wp\/v2\/pages\/95734"}],"collection":[{"href":"https:\/\/precitronics.com\/fr\/wp-json\/wp\/v2\/pages"}],"about":[{"href":"https:\/\/precitronics.com\/fr\/wp-json\/wp\/v2\/types\/page"}],"author":[{"embeddable":true,"href":"https:\/\/precitronics.com\/fr\/wp-json\/wp\/v2\/users\/1"}],"replies":[{"embeddable":true,"href":"https:\/\/precitronics.com\/fr\/wp-json\/wp\/v2\/comments?post=95734"}],"version-history":[{"count":5,"href":"https:\/\/precitronics.com\/fr\/wp-json\/wp\/v2\/pages\/95734\/revisions"}],"predecessor-version":[{"id":99403,"href":"https:\/\/precitronics.com\/fr\/wp-json\/wp\/v2\/pages\/95734\/revisions\/99403"}],"wp:featuredmedia":[{"embeddable":true,"href":"https:\/\/precitronics.com\/fr\/wp-json\/wp\/v2\/media\/84823"}],"wp:attachment":[{"href":"https:\/\/precitronics.com\/fr\/wp-json\/wp\/v2\/media?parent=95734"}],"curies":[{"name":"wp","href":"https:\/\/api.w.org\/{rel}","templated":true}]}}