{"id":89239,"date":"2021-09-03T11:56:22","date_gmt":"2021-09-03T11:56:22","guid":{"rendered":"https:\/\/precitronics.com\/cookies\/"},"modified":"2021-09-03T14:10:47","modified_gmt":"2021-09-03T14:10:47","slug":"cookies","status":"publish","type":"page","link":"https:\/\/precitronics.com\/es\/cookies\/","title":{"rendered":"Cookies"},"content":{"rendered":"<div class=\"wpb-content-wrapper\"><p>[vc_row][vc_column width=\u00bb1\/1&#8243;][vc_row_inner][vc_column_inner column_width_percent=\u00bb100&#8243; gutter_size=\u00bb3&#8243; override_padding=\u00bbyes\u00bb column_padding=\u00bb2&#8243; font_family=\u00bbfont-329340&#8243; overlay_alpha=\u00bb50&#8243; shift_x=\u00bb0&#8243; shift_y=\u00bb0&#8243; shift_y_down=\u00bb0&#8243; z_index=\u00bb0&#8243; medium_width=\u00bb0&#8243; mobile_width=\u00bb0&#8243; width=\u00bb1\/1&#8243;][vc_column_text]<\/p>\n<h2>Cookies<\/h2>\n<p>En cumplimiento de lo dispuesto en el art\u00edculo 22.2 de la Ley 34\/2002, de 11 de julio, de Servicios de la Sociedad de la Informaci\u00f3n y Comercio Electr\u00f3nico, este sitio web le informa, en este apartado, sobre la <strong>pol\u00edtica de recogida y tratamiento de cookies<\/strong>.<\/p>\n<p><strong>\u00bfQU\u00c9 SON LAS COOKIES?<\/strong><\/p>\n<p>Una cookie es un archivo que se descarga en su ordenador al acceder a determinadas p\u00e1ginas web. Las cookies permiten a una p\u00e1gina web, entre otras cosas, almacenar y recuperar informaci\u00f3n sobre los h\u00e1bitos de navegaci\u00f3n de un usuario o de su equipo y, dependiendo de la informaci\u00f3n que contengan y de la forma en que utilice su equipo, se pueden utilizar para reconocer al usuario.<\/p>\n<p><strong>\u00bfQU\u00c9 TIPOS DE COOKIES UTILIZA ESTE SITIO WEB?<\/strong><\/p>\n<p>Este sitio web utiliza los siguientes tipos de cookies:<\/p>\n<p><strong>Cookies de an\u00e1lisis<\/strong>: Son aqu\u00e9llas que, bien tratadas por nosotros o por terceros, nos permiten cuantificar el n\u00famero de usuarios y as\u00ed realizar la medici\u00f3n y an\u00e1lisis estad\u00edstico de la utilizaci\u00f3n que hacen los usuarios del servicio ofertado. Para ello, se analiza su navegaci\u00f3n en nuestro sitio web con el fin de mejorar la oferta de productos o servicios que le ofrecemos.<\/p>\n<p><strong>Cookies t\u00e9cnicas<\/strong>: Son aquellas que permiten al usuario navegar por el \u00e1rea restringida y utilizar sus diferentes funciones, como por ejemplo, realizar el proceso de compra de un art\u00edculo.<\/p>\n<p><strong>Cookies de personalizaci\u00f3n<\/strong>: Son aqu\u00e9llas que permiten al usuario acceder al servicio con algunas caracter\u00edsticas de car\u00e1cter general predefinidas en funci\u00f3n de una serie de criterios en el terminal del usuario, como por ejemplo el idioma o tipo de navegador a trav\u00e9s del cual se conecta al servicio.<\/p>\n<p><strong>Cookies publicitarias<\/strong>: Son aqu\u00e9llas que, bien tratadas por este sitio web o por terceros, permiten gestionar de la forma m\u00e1s eficaz posible la oferta de los espacios publicitarios que hay en el sitio web, adaptando el contenido del anuncio al contenido del Servicio solicitado o uso que realice desde nuestro sitio web. Para ello podemos analizar sus h\u00e1bitos de navegaci\u00f3n en Internet y podemos mostrarle publicidad relacionada con su perfil de navegaci\u00f3n.<\/p>\n<p><strong>Cookies de publicidad comportamental<\/strong>: Son aqu\u00e9llas que permiten la gesti\u00f3n, de la forma m\u00e1s eficaz posible, de los espacios publicitarios que, en su caso, el editor haya incluido en una p\u00e1gina web, aplicaci\u00f3n o plataforma desde la que presta el servicio solicitado. Este tipo de cookies almacenan informaci\u00f3n sobre el comportamiento de los visitantes obtenida a trav\u00e9s de la observaci\u00f3n continuada de sus h\u00e1bitos de navegaci\u00f3n, permitiendo desarrollar un perfil espec\u00edfico para mostrar publicidad en funci\u00f3n del mismo.<\/p>\n<p><strong>DESACTIVAR LAS COOKIES.<\/strong><\/p>\n<p>Puede <strong>permitir, bloquear o eliminar las cookies<\/strong> instaladas en su equipo mediante la configuraci\u00f3n de las opciones del navegador instalado en su equipo.<\/p>\n<p>En la mayor\u00eda de navegadores web se ofrece la posibilidad de permitir, bloquear o eliminar las cookies instaladas en su equipo.<\/p>\n<p>A continuaci\u00f3n puede acceder a la configuraci\u00f3n de los navegadores web m\u00e1s frecuentes para aceptar, instalar o deshabilitar las cookies:<\/p>\n<p><a href=\"https:\/\/translate.google.com\/translate?hl=ca&amp;prev=_t&amp;sl=es&amp;tl=en&amp;u=https:\/\/support.google.com\/chrome\/answer\/95647%3Fhl%3Des\">Configurar cookies en Google Chrome<\/a><\/p>\n<p><a href=\"https:\/\/translate.google.com\/translate?hl=ca&amp;prev=_t&amp;sl=es&amp;tl=en&amp;u=http:\/\/windows.microsoft.com\/es-es\/windows7\/how-to-manage-cookies-in-internet-explorer-9\">Configurar cookies en Microsoft Internet Explorer<\/a><\/p>\n<p><a href=\"https:\/\/translate.google.com\/translate?hl=ca&amp;prev=_t&amp;sl=es&amp;tl=en&amp;u=https:\/\/support.mozilla.org\/es\/kb\/habilitar-y-deshabilitar-cookies-sitios-web-rastrear-preferencias%3Fredirectlocale%3Des%26redirectslug%3Dhabilitar-y-deshabilitar-cookies-que-los-sitios-we\">Configurar cookies en Mozilla Firefox<\/a><\/p>\n<p><a href=\"https:\/\/translate.google.com\/translate?hl=ca&amp;prev=_t&amp;sl=es&amp;tl=en&amp;u=https:\/\/support.apple.com\/es-es\/HT201265\">Configurar cookies en Safari (Apple)<\/a><\/p>\n<p><strong>COOKIES DE TERCEROS.<\/strong><\/p>\n<p>Este sitio web utiliza servicios de terceros para recopilar informaci\u00f3n con fines estad\u00edsticos y de uso web. Las cookies de Doble Click se utilizan para mejorar la publicidad incluida en el sitio web. Se utilizan para orientar la publicidad de acuerdo con el contenido que es relevante para un usuario, mejorando as\u00ed la calidad de la experiencia en su uso.<\/p>\n<p>Espec\u00edficamente, utilizamos los servicios de Google Adsense y Google Analytics para nuestras estad\u00edsticas y publicidad. Algunas cookies son esenciales para el funcionamiento del sitio, por ejemplo, el motor de b\u00fasqueda integrado.<\/p>\n<p>Nuestro sitio incluye otras funcionalidades proporcionadas por terceros. Puedes compartir f\u00e1cilmente el contenido en redes sociales como Facebook, Twitter o Google +, con los botones que hemos incluido a tal efecto.<\/p>\n<p><strong>ADVERTENCIA SOBRE ELIMINACI\u00d3N DE COOKIES.\u00a0<\/strong><\/p>\n<p>Puede eliminar y bloquear todas las cookies en este sitio, pero parte del sitio no funcionar\u00e1 o la calidad del sitio web puede verse afectada.<\/p>\n<p>Si tiene alguna duda sobre nuestra pol\u00edtica de cookies, puede contactar con este sitio web a trav\u00e9s de nuestros canales de Contacto.[\/vc_column_text][\/vc_column_inner][\/vc_row_inner][\/vc_column][\/vc_row]<\/p>\n<\/div>","protected":false},"excerpt":{"rendered":"<p>[vc_row][vc_column width=\u00bb1\/1&#8243;][vc_row_inner][vc_column_inner column_width_percent=\u00bb100&#8243; gutter_size=\u00bb3&#8243; override_padding=\u00bbyes\u00bb column_padding=\u00bb2&#8243; font_family=\u00bbfont-329340&#8243; overlay_alpha=\u00bb50&#8243; shift_x=\u00bb0&#8243; shift_y=\u00bb0&#8243; shift_y_down=\u00bb0&#8243; z_index=\u00bb0&#8243; medium_width=\u00bb0&#8243; mobile_width=\u00bb0&#8243; width=\u00bb1\/1&#8243;][vc_column_text] Cookies En cumplimiento de lo [&hellip;]<\/p>\n","protected":false},"author":1,"featured_media":0,"parent":0,"menu_order":0,"comment_status":"closed","ping_status":"closed","template":"","meta":{"_acf_changed":false,"footnotes":""},"class_list":["post-89239","page","type-page","status-publish","hentry"],"acf":[],"yoast_head":"<!-- This site is optimized with the Yoast SEO plugin v25.6 - https:\/\/yoast.com\/wordpress\/plugins\/seo\/ -->\n<title>PRECITRONICS | Cookies<\/title>\n<meta name=\"description\" content=\"Usamos cookies para optimizar nuestro sitio web para usted y poder mejorarlo continuamente.\" \/>\n<meta name=\"robots\" content=\"index, follow, max-snippet:-1, max-image-preview:large, max-video-preview:-1\" \/>\n<link rel=\"canonical\" href=\"https:\/\/precitronics.com\/es\/cookies\/\" \/>\n<meta property=\"og:locale\" content=\"es_ES\" \/>\n<meta property=\"og:type\" content=\"article\" \/>\n<meta property=\"og:title\" content=\"PRECITRONICS | Cookies\" \/>\n<meta property=\"og:description\" content=\"Usamos cookies para optimizar nuestro sitio web para usted y poder mejorarlo continuamente.\" \/>\n<meta property=\"og:url\" content=\"https:\/\/precitronics.com\/es\/cookies\/\" \/>\n<meta property=\"og:site_name\" content=\"PRECITRONICS\" \/>\n<meta property=\"article:modified_time\" content=\"2021-09-03T14:10:47+00:00\" \/>\n<meta name=\"twitter:card\" content=\"summary_large_image\" \/>\n<meta name=\"twitter:label1\" content=\"Tiempo de lectura\" \/>\n\t<meta name=\"twitter:data1\" content=\"4 minutos\" \/>\n<script type=\"application\/ld+json\" class=\"yoast-schema-graph\">{\"@context\":\"https:\/\/schema.org\",\"@graph\":[{\"@type\":\"WebPage\",\"@id\":\"https:\/\/precitronics.com\/es\/cookies\/\",\"url\":\"https:\/\/precitronics.com\/es\/cookies\/\",\"name\":\"PRECITRONICS | Cookies\",\"isPartOf\":{\"@id\":\"https:\/\/precitronics.com\/es\/#website\"},\"datePublished\":\"2021-09-03T11:56:22+00:00\",\"dateModified\":\"2021-09-03T14:10:47+00:00\",\"description\":\"Usamos cookies para optimizar nuestro sitio web para usted y poder mejorarlo continuamente.\",\"breadcrumb\":{\"@id\":\"https:\/\/precitronics.com\/es\/cookies\/#breadcrumb\"},\"inLanguage\":\"es\",\"potentialAction\":[{\"@type\":\"ReadAction\",\"target\":[\"https:\/\/precitronics.com\/es\/cookies\/\"]}]},{\"@type\":\"BreadcrumbList\",\"@id\":\"https:\/\/precitronics.com\/es\/cookies\/#breadcrumb\",\"itemListElement\":[{\"@type\":\"ListItem\",\"position\":1,\"name\":\"Home\",\"item\":\"https:\/\/precitronics.com\/es\/\"},{\"@type\":\"ListItem\",\"position\":2,\"name\":\"Cookies\"}]},{\"@type\":\"WebSite\",\"@id\":\"https:\/\/precitronics.com\/es\/#website\",\"url\":\"https:\/\/precitronics.com\/es\/\",\"name\":\"PRECITRONICS\",\"description\":\"Swiss Type Technology\",\"publisher\":{\"@id\":\"https:\/\/precitronics.com\/es\/#organization\"},\"potentialAction\":[{\"@type\":\"SearchAction\",\"target\":{\"@type\":\"EntryPoint\",\"urlTemplate\":\"https:\/\/precitronics.com\/es\/?s={search_term_string}\"},\"query-input\":{\"@type\":\"PropertyValueSpecification\",\"valueRequired\":true,\"valueName\":\"search_term_string\"}}],\"inLanguage\":\"es\"},{\"@type\":\"Organization\",\"@id\":\"https:\/\/precitronics.com\/es\/#organization\",\"name\":\"Precitronics\",\"url\":\"https:\/\/precitronics.com\/es\/\",\"logo\":{\"@type\":\"ImageObject\",\"inLanguage\":\"es\",\"@id\":\"https:\/\/precitronics.com\/es\/#\/schema\/logo\/image\/\",\"url\":\"https:\/\/precitronics.com\/wp-content\/uploads\/2020\/11\/precitronics-logo-light.svg\",\"contentUrl\":\"https:\/\/precitronics.com\/wp-content\/uploads\/2020\/11\/precitronics-logo-light.svg\",\"width\":1,\"height\":1,\"caption\":\"Precitronics\"},\"image\":{\"@id\":\"https:\/\/precitronics.com\/es\/#\/schema\/logo\/image\/\"}}]}<\/script>\n<!-- \/ Yoast SEO plugin. -->","yoast_head_json":{"title":"PRECITRONICS | Cookies","description":"Usamos cookies para optimizar nuestro sitio web para usted y poder mejorarlo continuamente.","robots":{"index":"index","follow":"follow","max-snippet":"max-snippet:-1","max-image-preview":"max-image-preview:large","max-video-preview":"max-video-preview:-1"},"canonical":"https:\/\/precitronics.com\/es\/cookies\/","og_locale":"es_ES","og_type":"article","og_title":"PRECITRONICS | Cookies","og_description":"Usamos cookies para optimizar nuestro sitio web para usted y poder mejorarlo continuamente.","og_url":"https:\/\/precitronics.com\/es\/cookies\/","og_site_name":"PRECITRONICS","article_modified_time":"2021-09-03T14:10:47+00:00","twitter_card":"summary_large_image","twitter_misc":{"Tiempo de lectura":"4 minutos"},"schema":{"@context":"https:\/\/schema.org","@graph":[{"@type":"WebPage","@id":"https:\/\/precitronics.com\/es\/cookies\/","url":"https:\/\/precitronics.com\/es\/cookies\/","name":"PRECITRONICS | Cookies","isPartOf":{"@id":"https:\/\/precitronics.com\/es\/#website"},"datePublished":"2021-09-03T11:56:22+00:00","dateModified":"2021-09-03T14:10:47+00:00","description":"Usamos cookies para optimizar nuestro sitio web para usted y poder mejorarlo continuamente.","breadcrumb":{"@id":"https:\/\/precitronics.com\/es\/cookies\/#breadcrumb"},"inLanguage":"es","potentialAction":[{"@type":"ReadAction","target":["https:\/\/precitronics.com\/es\/cookies\/"]}]},{"@type":"BreadcrumbList","@id":"https:\/\/precitronics.com\/es\/cookies\/#breadcrumb","itemListElement":[{"@type":"ListItem","position":1,"name":"Home","item":"https:\/\/precitronics.com\/es\/"},{"@type":"ListItem","position":2,"name":"Cookies"}]},{"@type":"WebSite","@id":"https:\/\/precitronics.com\/es\/#website","url":"https:\/\/precitronics.com\/es\/","name":"PRECITRONICS","description":"Swiss Type Technology","publisher":{"@id":"https:\/\/precitronics.com\/es\/#organization"},"potentialAction":[{"@type":"SearchAction","target":{"@type":"EntryPoint","urlTemplate":"https:\/\/precitronics.com\/es\/?s={search_term_string}"},"query-input":{"@type":"PropertyValueSpecification","valueRequired":true,"valueName":"search_term_string"}}],"inLanguage":"es"},{"@type":"Organization","@id":"https:\/\/precitronics.com\/es\/#organization","name":"Precitronics","url":"https:\/\/precitronics.com\/es\/","logo":{"@type":"ImageObject","inLanguage":"es","@id":"https:\/\/precitronics.com\/es\/#\/schema\/logo\/image\/","url":"https:\/\/precitronics.com\/wp-content\/uploads\/2020\/11\/precitronics-logo-light.svg","contentUrl":"https:\/\/precitronics.com\/wp-content\/uploads\/2020\/11\/precitronics-logo-light.svg","width":1,"height":1,"caption":"Precitronics"},"image":{"@id":"https:\/\/precitronics.com\/es\/#\/schema\/logo\/image\/"}}]}},"_links":{"self":[{"href":"https:\/\/precitronics.com\/es\/wp-json\/wp\/v2\/pages\/89239"}],"collection":[{"href":"https:\/\/precitronics.com\/es\/wp-json\/wp\/v2\/pages"}],"about":[{"href":"https:\/\/precitronics.com\/es\/wp-json\/wp\/v2\/types\/page"}],"author":[{"embeddable":true,"href":"https:\/\/precitronics.com\/es\/wp-json\/wp\/v2\/users\/1"}],"replies":[{"embeddable":true,"href":"https:\/\/precitronics.com\/es\/wp-json\/wp\/v2\/comments?post=89239"}],"version-history":[{"count":4,"href":"https:\/\/precitronics.com\/es\/wp-json\/wp\/v2\/pages\/89239\/revisions"}],"predecessor-version":[{"id":89293,"href":"https:\/\/precitronics.com\/es\/wp-json\/wp\/v2\/pages\/89239\/revisions\/89293"}],"wp:attachment":[{"href":"https:\/\/precitronics.com\/es\/wp-json\/wp\/v2\/media?parent=89239"}],"curies":[{"name":"wp","href":"https:\/\/api.w.org\/{rel}","templated":true}]}}