{"id":89028,"date":"2021-08-31T05:41:21","date_gmt":"2021-08-31T05:41:21","guid":{"rendered":"https:\/\/precitronics.com\/alta-presion-para-portaherramientas-motorizados-star-sr-32j-jn\/"},"modified":"2021-09-22T12:59:07","modified_gmt":"2021-09-22T12:59:07","slug":"alta-presion-para-portaherramientas-motorizados-star-sr-32j-jn","status":"publish","type":"page","link":"https:\/\/precitronics.com\/es\/alta-presion-para-portaherramientas-motorizados-star-sr-32j-jn\/","title":{"rendered":"ALTA PRESI\u00d3N para portaherramientas motorizados | Star &#8211; SR-32J\/JN"},"content":{"rendered":"<div class=\"wpb-content-wrapper\"><p>[vc_row row_height_percent=\u00bb0&#8243; override_padding=\u00bbyes\u00bb h_padding=\u00bb0&#8243; top_padding=\u00bb2&#8243; bottom_padding=\u00bb0&#8243; overlay_alpha=\u00bb50&#8243; gutter_size=\u00bb2&#8243; column_width_percent=\u00bb100&#8243; shift_y=\u00bb0&#8243; z_index=\u00bb0&#8243; top_divider=\u00bbstep\u00bb bottom_divider=\u00bbgradient\u00bb][vc_column column_width_percent=\u00bb100&#8243; align_horizontal=\u00bbalign_right\u00bb gutter_size=\u00bb2&#8243; style=\u00bblight\u00bb font_family=\u00bbfont-329340&#8243; overlay_alpha=\u00bb50&#8243; shift_x=\u00bb0&#8243; shift_y=\u00bb0&#8243; shift_y_down=\u00bb0&#8243; z_index=\u00bb0&#8243; medium_width=\u00bb0&#8243; mobile_width=\u00bb0&#8243; width=\u00bb1\/4&#8243;][\/vc_column][vc_column column_width_percent=\u00bb100&#8243; gutter_size=\u00bb3&#8243; font_family=\u00bbfont-329340&#8243; overlay_alpha=\u00bb50&#8243; shift_x=\u00bb0&#8243; shift_y=\u00bb0&#8243; shift_y_down=\u00bb0&#8243; z_index=\u00bb0&#8243; medium_width=\u00bb0&#8243; mobile_width=\u00bb0&#8243; width=\u00bb3\/4&#8243;][vc_column_text]<a href=\"#c20gangtooling\"><u>SR-32J\/JN Portaherramientas Operaci\u00f3n Principal<\/u><\/a>\u00a0\/\/ <a href=\"#c20backendtooling\"><u>SR-32J\/JN Portaherramientas Contraoperaci\u00f3n<\/u><\/a>[\/vc_column_text][\/vc_column][\/vc_row][vc_row row_height_percent=\u00bb0&#8243; override_padding=\u00bbyes\u00bb h_padding=\u00bb0&#8243; top_padding=\u00bb1&#8243; bottom_padding=\u00bb3&#8243; overlay_alpha=\u00bb50&#8243; gutter_size=\u00bb2&#8243; column_width_percent=\u00bb100&#8243; shift_y=\u00bb0&#8243; z_index=\u00bb0&#8243; top_divider=\u00bbstep\u00bb bottom_divider=\u00bbgradient\u00bb row_name=\u00bbc20gangtooling\u00bb][vc_column column_width_percent=\u00bb100&#8243; gutter_size=\u00bb2&#8243; style=\u00bblight\u00bb font_family=\u00bbfont-329340&#8243; overlay_alpha=\u00bb50&#8243; shift_x=\u00bb0&#8243; shift_y=\u00bb0&#8243; shift_y_down=\u00bb0&#8243; z_index=\u00bb0&#8243; medium_width=\u00bb0&#8243; mobile_width=\u00bb0&#8243; width=\u00bb1\/4&#8243;][vc_single_image media=\u00bb84222&#8243; media_width_percent=\u00bb30&#8243;][vc_custom_heading heading_semantic=\u00bbh3&#8243; text_font=\u00bbfont-329340&#8243; text_size=\u00bbh3&#8243; text_weight=\u00bb300&#8243; text_space=\u00bbfontspace-781688&#8243; text_color=\u00bbcolor-742106&#8243; sub_lead=\u00bbyes\u00bb sub_reduced=\u00bbyes\u00bb]STAR <strong>SR-32J\/JN &gt;<\/strong>[\/vc_custom_heading][vc_empty_space empty_h=\u00bb1&#8243;][vc_accordion active_tab=\u00bb0&#8243;][vc_accordion_tab gutter_size=\u00bb2&#8243; column_padding=\u00bb2&#8243; title=\u00bbMODELOS ACTUALES\u00bb tab_id=\u00bb1615307991-1-591615364983058&#8243;][quadmenu_vc menu=\u00bb145&#8243; theme=\u00bbcustom_theme_1&#8243;][\/vc_accordion_tab][vc_accordion_tab gutter_size=\u00bb2&#8243; column_padding=\u00bb2&#8243; title=\u00bbMODELOS DESCATALOGADOS\u00bb tab_id=\u00bb1615307991-2-261615364983058&#8243;][quadmenu_vc menu=\u00bb187&#8243; theme=\u00bbcustom_theme_1&#8243;][\/vc_accordion_tab][\/vc_accordion][vc_separator sep_color=\u00bbcolor-742106&#8243; el_height=\u00bb3px\u00bb][\/vc_column][vc_column column_width_percent=\u00bb100&#8243; gutter_size=\u00bb1&#8243; overlay_alpha=\u00bb50&#8243; shift_x=\u00bb0&#8243; shift_y=\u00bb0&#8243; shift_y_down=\u00bb0&#8243; z_index=\u00bb0&#8243; medium_width=\u00bb0&#8243; mobile_width=\u00bb0&#8243; width=\u00bb3\/4&#8243;][vc_empty_space empty_h=\u00bb2&#8243;][vc_separator sep_color=\u00bbcolor-210407&#8243;][vc_custom_heading heading_semantic=\u00bbh3&#8243; text_font=\u00bbfont-329340&#8243; text_size=\u00bbh4&#8243; text_weight=\u00bb600&#8243; text_space=\u00bbfontspace-781688&#8243; text_color=\u00bbcolor-210407&#8243; sub_lead=\u00bbyes\u00bb sub_reduced=\u00bbyes\u00bb]Portaherramientas Operaci\u00f3n Principal[\/vc_custom_heading][vc_empty_space empty_h=\u00bb2&#8243;][uncode_index el_id=\u00bbindex-438794534&#8243; isotope_mode=\u00bbfitRows\u00bb loop=\u00bbsize:50|order_by:date|order:ASC|post_type:hp-live-tooling|tax_query:152|taxonomy_count:10&#8243; gutter_size=\u00bb2&#8243; post_items=\u00bbmedia|featured|onpost|poster,date,title,text|excerpt|140,spacer|one,sep-one|extra,spacer_two|one,author|md_size|hide_qualification\u00bb hp-live-tooling_items=\u00bbmedia|featured|onpost|original,title,text|excerpt,type\u00bb screen_lg=\u00bb2000&#8243; screen_md=\u00bb600&#8243; screen_sm=\u00bb480&#8243; single_width=\u00bb2&#8243; single_shape=\u00bbround\u00bb single_overlay_color=\u00bbaccent\u00bb single_overlay_opacity=\u00bb10&#8243; single_overlay_visible=\u00bbyes\u00bb single_text_visible=\u00bbyes\u00bb single_padding=\u00bb1&#8243; single_text_reduced=\u00bbyes\u00bb single_title_dimension=\u00bbh4&#8243; single_title_weight=\u00bb600&#8243; single_border=\u00bbyes\u00bb][\/vc_column][\/vc_row][vc_row row_height_percent=\u00bb0&#8243; override_padding=\u00bbyes\u00bb h_padding=\u00bb0&#8243; top_padding=\u00bb2&#8243; bottom_padding=\u00bb3&#8243; overlay_alpha=\u00bb50&#8243; gutter_size=\u00bb2&#8243; column_width_percent=\u00bb100&#8243; shift_y=\u00bb0&#8243; z_index=\u00bb0&#8243; top_divider=\u00bbstep\u00bb bottom_divider=\u00bbgradient\u00bb row_name=\u00bbc20backendtooling\u00bb][vc_column column_width_percent=\u00bb100&#8243; gutter_size=\u00bb2&#8243; style=\u00bblight\u00bb font_family=\u00bbfont-329340&#8243; overlay_alpha=\u00bb50&#8243; shift_x=\u00bb0&#8243; shift_y=\u00bb0&#8243; shift_y_down=\u00bb0&#8243; z_index=\u00bb0&#8243; medium_width=\u00bb0&#8243; mobile_width=\u00bb0&#8243; width=\u00bb1\/4&#8243;][\/vc_column][vc_column column_width_percent=\u00bb100&#8243; gutter_size=\u00bb1&#8243; overlay_alpha=\u00bb50&#8243; shift_x=\u00bb0&#8243; shift_y=\u00bb0&#8243; shift_y_down=\u00bb0&#8243; z_index=\u00bb0&#8243; medium_width=\u00bb0&#8243; mobile_width=\u00bb0&#8243; width=\u00bb3\/4&#8243;][vc_separator sep_color=\u00bbcolor-210407&#8243;][vc_custom_heading heading_semantic=\u00bbh3&#8243; text_font=\u00bbfont-329340&#8243; text_size=\u00bbh4&#8243; text_weight=\u00bb600&#8243; text_space=\u00bbfontspace-781688&#8243; text_color=\u00bbcolor-210407&#8243; sub_lead=\u00bbyes\u00bb sub_reduced=\u00bbyes\u00bb]Portaherramientas Contraoperaci\u00f3n[\/vc_custom_heading][vc_empty_space empty_h=\u00bb2&#8243;][uncode_index el_id=\u00bbindex-438794534&#8243; isotope_mode=\u00bbfitRows\u00bb loop=\u00bbsize:20|order_by:date|order:ASC|post_type:hp-live-tooling|tax_query:153|taxonomy_count:10&#8243; gutter_size=\u00bb2&#8243; post_items=\u00bbmedia|featured|onpost|poster,date,title,text|excerpt|140,spacer|one,sep-one|extra,spacer_two|one,author|md_size|hide_qualification\u00bb hp-live-tooling_items=\u00bbmedia|featured|onpost|original,title,text|excerpt,type\u00bb screen_lg=\u00bb2000&#8243; screen_md=\u00bb600&#8243; screen_sm=\u00bb480&#8243; single_width=\u00bb2&#8243; single_shape=\u00bbround\u00bb single_overlay_color=\u00bbaccent\u00bb single_overlay_opacity=\u00bb10&#8243; single_overlay_visible=\u00bbyes\u00bb single_text_visible=\u00bbyes\u00bb single_padding=\u00bb1&#8243; single_text_reduced=\u00bbyes\u00bb single_title_dimension=\u00bbh4&#8243; single_title_weight=\u00bb600&#8243; single_border=\u00bbyes\u00bb][\/vc_column][\/vc_row]<\/p>\n<\/div>","protected":false},"excerpt":{"rendered":"<p>[vc_row row_height_percent=\u00bb0&#8243; override_padding=\u00bbyes\u00bb h_padding=\u00bb0&#8243; top_padding=\u00bb2&#8243; bottom_padding=\u00bb0&#8243; overlay_alpha=\u00bb50&#8243; gutter_size=\u00bb2&#8243; column_width_percent=\u00bb100&#8243; shift_y=\u00bb0&#8243; z_index=\u00bb0&#8243; top_divider=\u00bbstep\u00bb bottom_divider=\u00bbgradient\u00bb][vc_column column_width_percent=\u00bb100&#8243; align_horizontal=\u00bbalign_right\u00bb gutter_size=\u00bb2&#8243; style=\u00bblight\u00bb font_family=\u00bbfont-329340&#8243; overlay_alpha=\u00bb50&#8243; shift_x=\u00bb0&#8243; [&hellip;]<\/p>\n","protected":false},"author":1,"featured_media":0,"parent":0,"menu_order":0,"comment_status":"closed","ping_status":"closed","template":"","meta":{"_acf_changed":false,"footnotes":""},"class_list":["post-89028","page","type-page","status-publish","hentry","page_category-hp-star-es"],"acf":[],"yoast_head":"<!-- This site is optimized with the Yoast SEO plugin v25.6 - https:\/\/yoast.com\/wordpress\/plugins\/seo\/ -->\n<title>PRECITRONICS | ALTA PRESI\u00d3N para portaherramientas motorizados | Star - SR-32J\/JN Machines<\/title>\n<meta name=\"description\" content=\"Portaherramientas rotativos para m\u00e1quinas Star SR-32J\/JN con refrigerante a alta presi\u00f3n a trav\u00e9s de la herramienta hasta 150 bar. Dise\u00f1ado para mantener la longitud original de la herramienta.\" \/>\n<meta name=\"robots\" content=\"index, follow, max-snippet:-1, max-image-preview:large, max-video-preview:-1\" \/>\n<link rel=\"canonical\" href=\"https:\/\/precitronics.com\/es\/alta-presion-para-portaherramientas-motorizados-star-sr-32j-jn\/\" \/>\n<meta property=\"og:locale\" content=\"es_ES\" \/>\n<meta property=\"og:type\" content=\"article\" \/>\n<meta property=\"og:title\" content=\"PRECITRONICS | ALTA PRESI\u00d3N para portaherramientas motorizados | Star - SR-32J\/JN Machines\" \/>\n<meta property=\"og:description\" content=\"Portaherramientas rotativos para m\u00e1quinas Star SR-32J\/JN con refrigerante a alta presi\u00f3n a trav\u00e9s de la herramienta hasta 150 bar. Dise\u00f1ado para mantener la longitud original de la herramienta.\" \/>\n<meta property=\"og:url\" content=\"https:\/\/precitronics.com\/es\/alta-presion-para-portaherramientas-motorizados-star-sr-32j-jn\/\" \/>\n<meta property=\"og:site_name\" content=\"PRECITRONICS\" \/>\n<meta property=\"article:modified_time\" content=\"2021-09-22T12:59:07+00:00\" \/>\n<meta name=\"twitter:card\" content=\"summary_large_image\" \/>\n<meta name=\"twitter:label1\" content=\"Tiempo de lectura\" \/>\n\t<meta name=\"twitter:data1\" content=\"3 minutos\" \/>\n<script type=\"application\/ld+json\" class=\"yoast-schema-graph\">{\"@context\":\"https:\/\/schema.org\",\"@graph\":[{\"@type\":\"WebPage\",\"@id\":\"https:\/\/precitronics.com\/es\/alta-presion-para-portaherramientas-motorizados-star-sr-32j-jn\/\",\"url\":\"https:\/\/precitronics.com\/es\/alta-presion-para-portaherramientas-motorizados-star-sr-32j-jn\/\",\"name\":\"PRECITRONICS | ALTA PRESI\u00d3N para portaherramientas motorizados | Star - SR-32J\/JN Machines\",\"isPartOf\":{\"@id\":\"https:\/\/precitronics.com\/es\/#website\"},\"datePublished\":\"2021-08-31T05:41:21+00:00\",\"dateModified\":\"2021-09-22T12:59:07+00:00\",\"description\":\"Portaherramientas rotativos para m\u00e1quinas Star SR-32J\/JN con refrigerante a alta presi\u00f3n a trav\u00e9s de la herramienta hasta 150 bar. Dise\u00f1ado para mantener la longitud original de la herramienta.\",\"breadcrumb\":{\"@id\":\"https:\/\/precitronics.com\/es\/alta-presion-para-portaherramientas-motorizados-star-sr-32j-jn\/#breadcrumb\"},\"inLanguage\":\"es\",\"potentialAction\":[{\"@type\":\"ReadAction\",\"target\":[\"https:\/\/precitronics.com\/es\/alta-presion-para-portaherramientas-motorizados-star-sr-32j-jn\/\"]}]},{\"@type\":\"BreadcrumbList\",\"@id\":\"https:\/\/precitronics.com\/es\/alta-presion-para-portaherramientas-motorizados-star-sr-32j-jn\/#breadcrumb\",\"itemListElement\":[{\"@type\":\"ListItem\",\"position\":1,\"name\":\"Home\",\"item\":\"https:\/\/precitronics.com\/es\/\"},{\"@type\":\"ListItem\",\"position\":2,\"name\":\"ALTA PRESI\u00d3N para portaherramientas motorizados | Star &#8211; SR-32J\/JN\"}]},{\"@type\":\"WebSite\",\"@id\":\"https:\/\/precitronics.com\/es\/#website\",\"url\":\"https:\/\/precitronics.com\/es\/\",\"name\":\"PRECITRONICS\",\"description\":\"Swiss Type Technology\",\"publisher\":{\"@id\":\"https:\/\/precitronics.com\/es\/#organization\"},\"potentialAction\":[{\"@type\":\"SearchAction\",\"target\":{\"@type\":\"EntryPoint\",\"urlTemplate\":\"https:\/\/precitronics.com\/es\/?s={search_term_string}\"},\"query-input\":{\"@type\":\"PropertyValueSpecification\",\"valueRequired\":true,\"valueName\":\"search_term_string\"}}],\"inLanguage\":\"es\"},{\"@type\":\"Organization\",\"@id\":\"https:\/\/precitronics.com\/es\/#organization\",\"name\":\"Precitronics\",\"url\":\"https:\/\/precitronics.com\/es\/\",\"logo\":{\"@type\":\"ImageObject\",\"inLanguage\":\"es\",\"@id\":\"https:\/\/precitronics.com\/es\/#\/schema\/logo\/image\/\",\"url\":\"https:\/\/precitronics.com\/wp-content\/uploads\/2020\/11\/precitronics-logo-light.svg\",\"contentUrl\":\"https:\/\/precitronics.com\/wp-content\/uploads\/2020\/11\/precitronics-logo-light.svg\",\"width\":1,\"height\":1,\"caption\":\"Precitronics\"},\"image\":{\"@id\":\"https:\/\/precitronics.com\/es\/#\/schema\/logo\/image\/\"}}]}<\/script>\n<!-- \/ Yoast SEO plugin. -->","yoast_head_json":{"title":"PRECITRONICS | ALTA PRESI\u00d3N para portaherramientas motorizados | Star - SR-32J\/JN Machines","description":"Portaherramientas rotativos para m\u00e1quinas Star SR-32J\/JN con refrigerante a alta presi\u00f3n a trav\u00e9s de la herramienta hasta 150 bar. Dise\u00f1ado para mantener la longitud original de la herramienta.","robots":{"index":"index","follow":"follow","max-snippet":"max-snippet:-1","max-image-preview":"max-image-preview:large","max-video-preview":"max-video-preview:-1"},"canonical":"https:\/\/precitronics.com\/es\/alta-presion-para-portaherramientas-motorizados-star-sr-32j-jn\/","og_locale":"es_ES","og_type":"article","og_title":"PRECITRONICS | ALTA PRESI\u00d3N para portaherramientas motorizados | Star - SR-32J\/JN Machines","og_description":"Portaherramientas rotativos para m\u00e1quinas Star SR-32J\/JN con refrigerante a alta presi\u00f3n a trav\u00e9s de la herramienta hasta 150 bar. Dise\u00f1ado para mantener la longitud original de la herramienta.","og_url":"https:\/\/precitronics.com\/es\/alta-presion-para-portaherramientas-motorizados-star-sr-32j-jn\/","og_site_name":"PRECITRONICS","article_modified_time":"2021-09-22T12:59:07+00:00","twitter_card":"summary_large_image","twitter_misc":{"Tiempo de lectura":"3 minutos"},"schema":{"@context":"https:\/\/schema.org","@graph":[{"@type":"WebPage","@id":"https:\/\/precitronics.com\/es\/alta-presion-para-portaherramientas-motorizados-star-sr-32j-jn\/","url":"https:\/\/precitronics.com\/es\/alta-presion-para-portaherramientas-motorizados-star-sr-32j-jn\/","name":"PRECITRONICS | ALTA PRESI\u00d3N para portaherramientas motorizados | Star - SR-32J\/JN Machines","isPartOf":{"@id":"https:\/\/precitronics.com\/es\/#website"},"datePublished":"2021-08-31T05:41:21+00:00","dateModified":"2021-09-22T12:59:07+00:00","description":"Portaherramientas rotativos para m\u00e1quinas Star SR-32J\/JN con refrigerante a alta presi\u00f3n a trav\u00e9s de la herramienta hasta 150 bar. Dise\u00f1ado para mantener la longitud original de la herramienta.","breadcrumb":{"@id":"https:\/\/precitronics.com\/es\/alta-presion-para-portaherramientas-motorizados-star-sr-32j-jn\/#breadcrumb"},"inLanguage":"es","potentialAction":[{"@type":"ReadAction","target":["https:\/\/precitronics.com\/es\/alta-presion-para-portaherramientas-motorizados-star-sr-32j-jn\/"]}]},{"@type":"BreadcrumbList","@id":"https:\/\/precitronics.com\/es\/alta-presion-para-portaherramientas-motorizados-star-sr-32j-jn\/#breadcrumb","itemListElement":[{"@type":"ListItem","position":1,"name":"Home","item":"https:\/\/precitronics.com\/es\/"},{"@type":"ListItem","position":2,"name":"ALTA PRESI\u00d3N para portaherramientas motorizados | Star &#8211; SR-32J\/JN"}]},{"@type":"WebSite","@id":"https:\/\/precitronics.com\/es\/#website","url":"https:\/\/precitronics.com\/es\/","name":"PRECITRONICS","description":"Swiss Type Technology","publisher":{"@id":"https:\/\/precitronics.com\/es\/#organization"},"potentialAction":[{"@type":"SearchAction","target":{"@type":"EntryPoint","urlTemplate":"https:\/\/precitronics.com\/es\/?s={search_term_string}"},"query-input":{"@type":"PropertyValueSpecification","valueRequired":true,"valueName":"search_term_string"}}],"inLanguage":"es"},{"@type":"Organization","@id":"https:\/\/precitronics.com\/es\/#organization","name":"Precitronics","url":"https:\/\/precitronics.com\/es\/","logo":{"@type":"ImageObject","inLanguage":"es","@id":"https:\/\/precitronics.com\/es\/#\/schema\/logo\/image\/","url":"https:\/\/precitronics.com\/wp-content\/uploads\/2020\/11\/precitronics-logo-light.svg","contentUrl":"https:\/\/precitronics.com\/wp-content\/uploads\/2020\/11\/precitronics-logo-light.svg","width":1,"height":1,"caption":"Precitronics"},"image":{"@id":"https:\/\/precitronics.com\/es\/#\/schema\/logo\/image\/"}}]}},"_links":{"self":[{"href":"https:\/\/precitronics.com\/es\/wp-json\/wp\/v2\/pages\/89028"}],"collection":[{"href":"https:\/\/precitronics.com\/es\/wp-json\/wp\/v2\/pages"}],"about":[{"href":"https:\/\/precitronics.com\/es\/wp-json\/wp\/v2\/types\/page"}],"author":[{"embeddable":true,"href":"https:\/\/precitronics.com\/es\/wp-json\/wp\/v2\/users\/1"}],"replies":[{"embeddable":true,"href":"https:\/\/precitronics.com\/es\/wp-json\/wp\/v2\/comments?post=89028"}],"version-history":[{"count":4,"href":"https:\/\/precitronics.com\/es\/wp-json\/wp\/v2\/pages\/89028\/revisions"}],"predecessor-version":[{"id":94733,"href":"https:\/\/precitronics.com\/es\/wp-json\/wp\/v2\/pages\/89028\/revisions\/94733"}],"wp:attachment":[{"href":"https:\/\/precitronics.com\/es\/wp-json\/wp\/v2\/media?parent=89028"}],"curies":[{"name":"wp","href":"https:\/\/api.w.org\/{rel}","templated":true}]}}