{"id":88916,"date":"2021-08-30T10:44:22","date_gmt":"2021-08-30T10:44:22","guid":{"rendered":"https:\/\/precitronics.com\/descargas\/"},"modified":"2021-09-27T12:41:44","modified_gmt":"2021-09-27T12:41:44","slug":"descargas","status":"publish","type":"page","link":"https:\/\/precitronics.com\/es\/descargas\/","title":{"rendered":"Descargas"},"content":{"rendered":"<div class=\"wpb-content-wrapper\"><p>[vc_row unlock_row_content=\u00bbyes\u00bb row_height_percent=\u00bb70&#8243; override_padding=\u00bbyes\u00bb h_padding=\u00bb2&#8243; top_padding=\u00bb1&#8243; bottom_padding=\u00bb2&#8243; overlay_alpha=\u00bb50&#8243; gutter_size=\u00bb4&#8243; column_width_use_pixel=\u00bbyes\u00bb shift_y=\u00bb0&#8243; z_index=\u00bb0&#8243; top_divider=\u00bbstep\u00bb el_class=\u00bbinverted-device-order\u00bb column_width_pixel=\u00bb1600&#8243;][vc_column column_width_percent=\u00bb100&#8243; gutter_size=\u00bb3&#8243; override_padding=\u00bbyes\u00bb column_padding=\u00bb2&#8243; font_family=\u00bbfont-329340&#8243; overlay_alpha=\u00bb50&#8243; shift_x=\u00bb0&#8243; shift_y=\u00bb0&#8243; shift_y_down=\u00bb0&#8243; z_index=\u00bb0&#8243; medium_width=\u00bb0&#8243; mobile_width=\u00bb0&#8243; sticky=\u00bbyes\u00bb width=\u00bb1\/3&#8243;][vc_custom_heading heading_semantic=\u00bbh3&#8243; text_font=\u00bbfont-329340&#8243; text_size=\u00bbh1&#8243; text_weight=\u00bb200&#8243; text_height=\u00bbfontheight-179065&#8243; text_space=\u00bbfontspace-781688&#8243;]<span style=\"color: #a6192e;\">Descargas<\/span>[\/vc_custom_heading][vc_column_text text_lead=\u00bbyes\u00bb]\u00bfDesea informaci\u00f3n <strong>completa sobre nuestra gama de productos<\/strong> o busca alg\u00fan art\u00edculo en particular? <strong>Descargue nuestra informaci\u00f3n actual<\/strong> con archivos PDF.[\/vc_column_text][\/vc_column][vc_column column_width_percent=\u00bb100&#8243; gutter_size=\u00bb3&#8243; override_padding=\u00bbyes\u00bb column_padding=\u00bb2&#8243; style=\u00bblight\u00bb font_family=\u00bbfont-329340&#8243; back_color=\u00bbcolor-lxmt\u00bb overlay_alpha=\u00bb50&#8243; shift_x=\u00bb0&#8243; shift_y=\u00bb0&#8243; shift_y_down=\u00bb0&#8243; z_index=\u00bb0&#8243; medium_width=\u00bb0&#8243; mobile_width=\u00bb0&#8243; width=\u00bb2\/3&#8243;][vc_row_inner][vc_column_inner width=\u00bb1\/1&#8243;][vc_separator sep_color=\u00bbcolor-210407&#8243;][vc_custom_heading text_color=\u00bbcolor-742106&#8243; heading_semantic=\u00bbh3&#8243; text_font=\u00bbfont-329340&#8243; text_size=\u00bbh3&#8243; text_weight=\u00bb300&#8243; text_space=\u00bbfontspace-781688&#8243; sub_lead=\u00bbyes\u00bb sub_reduced=\u00bbyes\u00bb]Familia <strong>Husillos de alta frecuencia<\/strong> &gt;[\/vc_custom_heading][\/vc_column_inner][\/vc_row_inner][vc_row_inner][vc_column_inner width=\u00bb1\/1&#8243;][vc_icon display=\u00bbinline\u00bb icon_image=\u00bb84990&#8243; media_size=\u00bb220&#8243; heading_semantic=\u00bbh4&#8243; text_size=\u00bbh4&#8243; linked_title=\u00bbyes\u00bb text_reduced=\u00bbyes\u00bb title=\u00bbHusillos de alta frecuencia\u00bb link=\u00bburl:http%3A%2F%2Fprecitronics.com%2Fwp-content%2Fuploads%2F2021%2F02%2FHIGH-FREQUENCY-SPINDLES-FOR-SWISS-TYPE-LATHES.pdf|target:_blank\u00bb]Para tornos de<br \/>\ncabezal m\u00f3vil[\/vc_icon][vc_icon display=\u00bbinline\u00bb icon_image=\u00bb88253&#8243; media_size=\u00bb220&#8243; heading_semantic=\u00bbh4&#8243; text_size=\u00bbh4&#8243; linked_title=\u00bbyes\u00bb text_reduced=\u00bbyes\u00bb title=\u00bbSerie AS\u00bb link=\u00bburl:http%3A%2F%2Fprecitronics.com%2Fwp-content%2Fuploads%2F2021%2F07%2FAS-Series.pdf|target:_blank\u00bb]ATC Intercambiable<br \/>\nHusillos de alta frecuencia[\/vc_icon][\/vc_column_inner][\/vc_row_inner][vc_row_inner][vc_column_inner width=\u00bb1\/1&#8243;][vc_separator sep_color=\u00bbcolor-210407&#8243;][vc_custom_heading text_color=\u00bbcolor-742106&#8243; heading_semantic=\u00bbh3&#8243; text_font=\u00bbfont-329340&#8243; text_size=\u00bbh3&#8243; text_weight=\u00bb300&#8243; text_space=\u00bbfontspace-781688&#8243; sub_lead=\u00bbyes\u00bb sub_reduced=\u00bbyes\u00bb]Familia <strong>TOHP<\/strong> &gt;[\/vc_custom_heading][\/vc_column_inner][\/vc_row_inner][vc_row_inner][vc_column_inner column_width_percent=\u00bb100&#8243; gutter_size=\u00bb3&#8243; expand_height=\u00bbyes\u00bb overlay_alpha=\u00bb50&#8243; shift_x=\u00bb0&#8243; shift_y=\u00bb0&#8243; shift_y_down=\u00bb0&#8243; z_index=\u00bb0&#8243; medium_width=\u00bb0&#8243; mobile_width=\u00bb0&#8243; width=\u00bb1\/1&#8243;][vc_icon display=\u00bbinline\u00bb icon_image=\u00bb88256&#8243; media_size=\u00bb220&#8243; heading_semantic=\u00bbh4&#8243; text_size=\u00bbh4&#8243; linked_title=\u00bbyes\u00bb text_reduced=\u00bbyes\u00bb title=\u00bbPortaherramientas TOHP\u00bb link=\u00bburl:https%3A%2F%2Fprecitronics.com%2Fwp-content%2Fuploads%2F2021%2F09%2FTOHP-Live-tools_ES.pdf|target:_blank\u00bb uncode_shortcode_id=\u00bb832742&#8243;]Citizen, Star, Tornos,<br \/>\nTsugami &amp; otros[\/vc_icon][vc_icon display=\u00bbinline\u00bb icon_image=\u00bb84996&#8243; media_size=\u00bb220&#8243; heading_semantic=\u00bbh4&#8243; text_size=\u00bbh4&#8243; linked_title=\u00bbyes\u00bb text_reduced=\u00bbyes\u00bb title=\u00bbProyecto DS TOHP\u00bb link=\u00bburl:https%3A%2F%2Fprecitronics.com%2Fwp-content%2Fuploads%2F2021%2F09%2FDS-TOHP_ES.pdf|target:_blank\u00bb uncode_shortcode_id=\u00bb192007&#8243;]Programa de portaherramientas<br \/>\na muy alta presi\u00f3n[\/vc_icon][\/vc_column_inner][\/vc_row_inner][vc_row_inner][vc_column_inner width=\u00bb1\/1&#8243;][vc_separator sep_color=\u00bbcolor-210407&#8243;][vc_custom_heading text_color=\u00bbcolor-742106&#8243; heading_semantic=\u00bbh3&#8243; text_font=\u00bbfont-329340&#8243; text_size=\u00bbh3&#8243; text_weight=\u00bb300&#8243; text_space=\u00bbfontspace-781688&#8243; sub_lead=\u00bbyes\u00bb sub_reduced=\u00bbyes\u00bb]<strong>Bombas<\/strong> &gt;[\/vc_custom_heading][\/vc_column_inner][\/vc_row_inner][vc_row_inner][vc_column_inner width=\u00bb1\/1&#8243;][vc_icon display=\u00bbinline\u00bb icon_image=\u00bb88259&#8243; media_size=\u00bb220&#8243; heading_semantic=\u00bbh4&#8243; text_size=\u00bbh4&#8243; linked_title=\u00bbyes\u00bb text_reduced=\u00bbyes\u00bb title=\u00bbPM Bombas de alta presi\u00f3n\u00bb link=\u00bburl:https%3A%2F%2Fprecitronics.com%2Fwp-content%2Fuploads%2F2021%2F09%2FPM-High-Pressure-Pumps_ES.pdf|target:_blank\u00bb uncode_shortcode_id=\u00bb213599&#8243;]De 70 a 135 Bares[\/vc_icon][vc_icon display=\u00bbinline\u00bb icon_image=\u00bb88268&#8243; media_size=\u00bb220&#8243; heading_semantic=\u00bbh4&#8243; text_size=\u00bbh4&#8243; linked_title=\u00bbyes\u00bb text_reduced=\u00bbyes\u00bb title=\u00bbPM 9D-SBF\u00bb link=\u00bburl:https%3A%2F%2Fprecitronics.com%2Fwp-content%2Fuploads%2F2021%2F09%2FPM-9D-SBF-Technical-Specs_ES.pdf|target:_blank\u00bb uncode_shortcode_id=\u00bb201443&#8243;]Especificaciones t\u00e9cnicas[\/vc_icon][vc_icon display=\u00bbinline\u00bb icon_image=\u00bb88269&#8243; media_size=\u00bb220&#8243; heading_semantic=\u00bbh4&#8243; text_size=\u00bbh4&#8243; linked_title=\u00bbyes\u00bb text_reduced=\u00bbyes\u00bb title=\u00bbPM 9D-SCE\u00bb link=\u00bburl:https%3A%2F%2Fprecitronics.com%2Fwp-content%2Fuploads%2F2021%2F09%2FPM-9D-SCE-Technical-Specs_ES.pdf|target:_blank\u00bb uncode_shortcode_id=\u00bb278160&#8243;]Especificaciones t\u00e9cnicas[\/vc_icon][\/vc_column_inner][\/vc_row_inner][vc_row_inner][vc_column_inner width=\u00bb1\/1&#8243;][vc_icon display=\u00bbinline\u00bb icon_image=\u00bb88270&#8243; media_size=\u00bb220&#8243; heading_semantic=\u00bbh4&#8243; text_size=\u00bbh4&#8243; linked_title=\u00bbyes\u00bb text_reduced=\u00bbyes\u00bb title=\u00bbPM 20C\u00bb link=\u00bburl:https%3A%2F%2Fprecitronics.com%2Fwp-content%2Fuploads%2F2021%2F09%2FPM-20C-Technical-Specs_ES.pdf|target:_blank\u00bb uncode_shortcode_id=\u00bb193098&#8243;]Especificaciones t\u00e9cnicas[\/vc_icon][vc_icon display=\u00bbinline\u00bb icon_image=\u00bb88272&#8243; media_size=\u00bb220&#8243; heading_semantic=\u00bbh4&#8243; text_size=\u00bbh4&#8243; linked_title=\u00bbyes\u00bb text_reduced=\u00bbyes\u00bb title=\u00bbPM 50C-SBF\u00bb link=\u00bburl:https%3A%2F%2Fprecitronics.com%2Fwp-content%2Fuploads%2F2021%2F09%2FPM-50C-SBF-Technical-Specs_ES.pdf|target:_blank\u00bb uncode_shortcode_id=\u00bb152870&#8243;]Especificaciones t\u00e9cnicas[\/vc_icon][vc_icon display=\u00bbinline\u00bb icon_image=\u00bb88271&#8243; media_size=\u00bb220&#8243; heading_semantic=\u00bbh4&#8243; text_size=\u00bbh4&#8243; linked_title=\u00bbyes\u00bb text_reduced=\u00bbyes\u00bb title=\u00bbPM 50C-SCE\u00bb link=\u00bburl:https%3A%2F%2Fprecitronics.com%2Fwp-content%2Fuploads%2F2021%2F09%2FPM-50C-SCE-Technical-Specs_ES.pdf|target:_blank\u00bb uncode_shortcode_id=\u00bb639302&#8243;]Especificaciones t\u00e9cnicas[\/vc_icon][\/vc_column_inner][\/vc_row_inner][vc_row_inner][vc_column_inner width=\u00bb1\/1&#8243;][vc_icon display=\u00bbinline\u00bb icon_image=\u00bb88273&#8243; media_size=\u00bb220&#8243; heading_semantic=\u00bbh4&#8243; text_size=\u00bbh4&#8243; linked_title=\u00bbyes\u00bb text_reduced=\u00bbyes\u00bb title=\u00bbPM 150M-SBF\u00bb link=\u00bburl:https%3A%2F%2Fprecitronics.com%2Fwp-content%2Fuploads%2F2021%2F09%2FPM-150M-SBF-Technical-Specs_ES.pdf|target:_blank\u00bb uncode_shortcode_id=\u00bb984669&#8243;]Especificaciones t\u00e9cnicas[\/vc_icon][vc_icon display=\u00bbinline\u00bb icon_image=\u00bb88274&#8243; media_size=\u00bb220&#8243; heading_semantic=\u00bbh4&#8243; text_size=\u00bbh4&#8243; linked_title=\u00bbyes\u00bb text_reduced=\u00bbyes\u00bb title=\u00bbPM 150M-SCE\u00bb link=\u00bburl:https%3A%2F%2Fprecitronics.com%2Fwp-content%2Fuploads%2F2021%2F09%2FPM-150M-SCE-Technical-Specs_ES.pdf|target:_blank\u00bb uncode_shortcode_id=\u00bb325706&#8243;]Especificaciones t\u00e9cnicas[\/vc_icon][\/vc_column_inner][\/vc_row_inner][vc_row_inner][vc_column_inner width=\u00bb1\/1&#8243;][vc_separator sep_color=\u00bbcolor-210407&#8243;][vc_custom_heading text_color=\u00bbcolor-742106&#8243; heading_semantic=\u00bbh3&#8243; text_font=\u00bbfont-329340&#8243; text_size=\u00bbh3&#8243; text_weight=\u00bb300&#8243; text_space=\u00bbfontspace-781688&#8243; sub_lead=\u00bbyes\u00bb sub_reduced=\u00bbyes\u00bb]<strong>Accesorios<\/strong> &gt;[\/vc_custom_heading][\/vc_column_inner][\/vc_row_inner][vc_row_inner][vc_column_inner width=\u00bb1\/1&#8243;][vc_icon display=\u00bbinline\u00bb icon_image=\u00bb85022&#8243; media_size=\u00bb220&#8243; heading_semantic=\u00bbh4&#8243; text_size=\u00bbh4&#8243; linked_title=\u00bbyes\u00bb text_reduced=\u00bbyes\u00bb title=\u00bbAccesorios\u00bb link=\u00bburl:http%3A%2F%2Fprecitronics.com%2Fwp-content%2Fuploads%2F2021%2F04%2FAccesories_EN.pdf|target:_blank\u00bb]Seguridad y mejora<br \/>\nde la productividad[\/vc_icon][\/vc_column_inner][\/vc_row_inner][vc_row_inner][vc_column_inner width=\u00bb1\/1&#8243;][vc_separator sep_color=\u00bbcolor-210407&#8243;][vc_custom_heading text_color=\u00bbcolor-742106&#8243; heading_semantic=\u00bbh3&#8243; text_font=\u00bbfont-329340&#8243; text_size=\u00bbh3&#8243; text_weight=\u00bb300&#8243; text_space=\u00bbfontspace-781688&#8243; sub_lead=\u00bbyes\u00bb sub_reduced=\u00bbyes\u00bb]<b>Colibri <\/b>&gt;[\/vc_custom_heading][\/vc_column_inner][\/vc_row_inner][vc_row_inner][vc_column_inner width=\u00bb1\/1&#8243;][vc_icon display=\u00bbinline\u00bb icon_image=\u00bb88505&#8243; media_size=\u00bb220&#8243; heading_semantic=\u00bbh4&#8243; text_size=\u00bbh4&#8243; linked_title=\u00bbyes\u00bb text_reduced=\u00bbyes\u00bb title=\u00bbColibri\u00bb link=\u00bburl:http%3A%2F%2Fprecitronics.com%2Fwp-content%2Fuploads%2F2021%2F07%2FColibri-Jet-Spindles_EN.pdf|target:_blank\u00bb]Husillos Jet[\/vc_icon][\/vc_column_inner][\/vc_row_inner][\/vc_column][\/vc_row]<\/p>\n<\/div>","protected":false},"excerpt":{"rendered":"<p>[vc_row unlock_row_content=\u00bbyes\u00bb row_height_percent=\u00bb70&#8243; override_padding=\u00bbyes\u00bb h_padding=\u00bb2&#8243; top_padding=\u00bb1&#8243; bottom_padding=\u00bb2&#8243; overlay_alpha=\u00bb50&#8243; gutter_size=\u00bb4&#8243; column_width_use_pixel=\u00bbyes\u00bb shift_y=\u00bb0&#8243; z_index=\u00bb0&#8243; top_divider=\u00bbstep\u00bb el_class=\u00bbinverted-device-order\u00bb column_width_pixel=\u00bb1600&#8243;][vc_column column_width_percent=\u00bb100&#8243; gutter_size=\u00bb3&#8243; override_padding=\u00bbyes\u00bb column_padding=\u00bb2&#8243; font_family=\u00bbfont-329340&#8243; [&hellip;]<\/p>\n","protected":false},"author":1,"featured_media":0,"parent":0,"menu_order":0,"comment_status":"closed","ping_status":"closed","template":"","meta":{"_acf_changed":false,"footnotes":""},"class_list":["post-88916","page","type-page","status-publish","hentry"],"acf":[],"yoast_head":"<!-- This site is optimized with the Yoast SEO plugin v25.6 - https:\/\/yoast.com\/wordpress\/plugins\/seo\/ -->\n<title>PRECITRONICS | Descargas | Cat\u00e1logos y datos t\u00e9cnicos<\/title>\n<meta name=\"description\" content=\"En la siguiente secci\u00f3n se pueden descargar todos los cat\u00e1logos y datos t\u00e9cnicos de Precitronics en formato PDF.\" \/>\n<meta name=\"robots\" content=\"index, follow, max-snippet:-1, max-image-preview:large, max-video-preview:-1\" \/>\n<link rel=\"canonical\" href=\"https:\/\/precitronics.com\/es\/descargas\/\" \/>\n<meta property=\"og:locale\" content=\"es_ES\" \/>\n<meta property=\"og:type\" content=\"article\" \/>\n<meta property=\"og:title\" content=\"PRECITRONICS | Descargas | Cat\u00e1logos y datos t\u00e9cnicos\" \/>\n<meta property=\"og:description\" content=\"En la siguiente secci\u00f3n se pueden descargar todos los cat\u00e1logos y datos t\u00e9cnicos de Precitronics en formato PDF.\" \/>\n<meta property=\"og:url\" content=\"https:\/\/precitronics.com\/es\/descargas\/\" \/>\n<meta property=\"og:site_name\" content=\"PRECITRONICS\" \/>\n<meta property=\"article:modified_time\" content=\"2021-09-27T12:41:44+00:00\" \/>\n<meta name=\"twitter:card\" content=\"summary_large_image\" \/>\n<meta name=\"twitter:label1\" content=\"Tiempo de lectura\" \/>\n\t<meta name=\"twitter:data1\" content=\"2 minutos\" \/>\n<script type=\"application\/ld+json\" class=\"yoast-schema-graph\">{\"@context\":\"https:\/\/schema.org\",\"@graph\":[{\"@type\":\"WebPage\",\"@id\":\"https:\/\/precitronics.com\/es\/descargas\/\",\"url\":\"https:\/\/precitronics.com\/es\/descargas\/\",\"name\":\"PRECITRONICS | Descargas | Cat\u00e1logos y datos t\u00e9cnicos\",\"isPartOf\":{\"@id\":\"https:\/\/precitronics.com\/es\/#website\"},\"datePublished\":\"2021-08-30T10:44:22+00:00\",\"dateModified\":\"2021-09-27T12:41:44+00:00\",\"description\":\"En la siguiente secci\u00f3n se pueden descargar todos los cat\u00e1logos y datos t\u00e9cnicos de Precitronics en formato PDF.\",\"breadcrumb\":{\"@id\":\"https:\/\/precitronics.com\/es\/descargas\/#breadcrumb\"},\"inLanguage\":\"es\",\"potentialAction\":[{\"@type\":\"ReadAction\",\"target\":[\"https:\/\/precitronics.com\/es\/descargas\/\"]}]},{\"@type\":\"BreadcrumbList\",\"@id\":\"https:\/\/precitronics.com\/es\/descargas\/#breadcrumb\",\"itemListElement\":[{\"@type\":\"ListItem\",\"position\":1,\"name\":\"Home\",\"item\":\"https:\/\/precitronics.com\/es\/\"},{\"@type\":\"ListItem\",\"position\":2,\"name\":\"Descargas\"}]},{\"@type\":\"WebSite\",\"@id\":\"https:\/\/precitronics.com\/es\/#website\",\"url\":\"https:\/\/precitronics.com\/es\/\",\"name\":\"PRECITRONICS\",\"description\":\"Swiss Type Technology\",\"publisher\":{\"@id\":\"https:\/\/precitronics.com\/es\/#organization\"},\"potentialAction\":[{\"@type\":\"SearchAction\",\"target\":{\"@type\":\"EntryPoint\",\"urlTemplate\":\"https:\/\/precitronics.com\/es\/?s={search_term_string}\"},\"query-input\":{\"@type\":\"PropertyValueSpecification\",\"valueRequired\":true,\"valueName\":\"search_term_string\"}}],\"inLanguage\":\"es\"},{\"@type\":\"Organization\",\"@id\":\"https:\/\/precitronics.com\/es\/#organization\",\"name\":\"Precitronics\",\"url\":\"https:\/\/precitronics.com\/es\/\",\"logo\":{\"@type\":\"ImageObject\",\"inLanguage\":\"es\",\"@id\":\"https:\/\/precitronics.com\/es\/#\/schema\/logo\/image\/\",\"url\":\"https:\/\/precitronics.com\/wp-content\/uploads\/2020\/11\/precitronics-logo-light.svg\",\"contentUrl\":\"https:\/\/precitronics.com\/wp-content\/uploads\/2020\/11\/precitronics-logo-light.svg\",\"width\":1,\"height\":1,\"caption\":\"Precitronics\"},\"image\":{\"@id\":\"https:\/\/precitronics.com\/es\/#\/schema\/logo\/image\/\"}}]}<\/script>\n<!-- \/ Yoast SEO plugin. -->","yoast_head_json":{"title":"PRECITRONICS | Descargas | Cat\u00e1logos y datos t\u00e9cnicos","description":"En la siguiente secci\u00f3n se pueden descargar todos los cat\u00e1logos y datos t\u00e9cnicos de Precitronics en formato PDF.","robots":{"index":"index","follow":"follow","max-snippet":"max-snippet:-1","max-image-preview":"max-image-preview:large","max-video-preview":"max-video-preview:-1"},"canonical":"https:\/\/precitronics.com\/es\/descargas\/","og_locale":"es_ES","og_type":"article","og_title":"PRECITRONICS | Descargas | Cat\u00e1logos y datos t\u00e9cnicos","og_description":"En la siguiente secci\u00f3n se pueden descargar todos los cat\u00e1logos y datos t\u00e9cnicos de Precitronics en formato PDF.","og_url":"https:\/\/precitronics.com\/es\/descargas\/","og_site_name":"PRECITRONICS","article_modified_time":"2021-09-27T12:41:44+00:00","twitter_card":"summary_large_image","twitter_misc":{"Tiempo de lectura":"2 minutos"},"schema":{"@context":"https:\/\/schema.org","@graph":[{"@type":"WebPage","@id":"https:\/\/precitronics.com\/es\/descargas\/","url":"https:\/\/precitronics.com\/es\/descargas\/","name":"PRECITRONICS | Descargas | Cat\u00e1logos y datos t\u00e9cnicos","isPartOf":{"@id":"https:\/\/precitronics.com\/es\/#website"},"datePublished":"2021-08-30T10:44:22+00:00","dateModified":"2021-09-27T12:41:44+00:00","description":"En la siguiente secci\u00f3n se pueden descargar todos los cat\u00e1logos y datos t\u00e9cnicos de Precitronics en formato PDF.","breadcrumb":{"@id":"https:\/\/precitronics.com\/es\/descargas\/#breadcrumb"},"inLanguage":"es","potentialAction":[{"@type":"ReadAction","target":["https:\/\/precitronics.com\/es\/descargas\/"]}]},{"@type":"BreadcrumbList","@id":"https:\/\/precitronics.com\/es\/descargas\/#breadcrumb","itemListElement":[{"@type":"ListItem","position":1,"name":"Home","item":"https:\/\/precitronics.com\/es\/"},{"@type":"ListItem","position":2,"name":"Descargas"}]},{"@type":"WebSite","@id":"https:\/\/precitronics.com\/es\/#website","url":"https:\/\/precitronics.com\/es\/","name":"PRECITRONICS","description":"Swiss Type Technology","publisher":{"@id":"https:\/\/precitronics.com\/es\/#organization"},"potentialAction":[{"@type":"SearchAction","target":{"@type":"EntryPoint","urlTemplate":"https:\/\/precitronics.com\/es\/?s={search_term_string}"},"query-input":{"@type":"PropertyValueSpecification","valueRequired":true,"valueName":"search_term_string"}}],"inLanguage":"es"},{"@type":"Organization","@id":"https:\/\/precitronics.com\/es\/#organization","name":"Precitronics","url":"https:\/\/precitronics.com\/es\/","logo":{"@type":"ImageObject","inLanguage":"es","@id":"https:\/\/precitronics.com\/es\/#\/schema\/logo\/image\/","url":"https:\/\/precitronics.com\/wp-content\/uploads\/2020\/11\/precitronics-logo-light.svg","contentUrl":"https:\/\/precitronics.com\/wp-content\/uploads\/2020\/11\/precitronics-logo-light.svg","width":1,"height":1,"caption":"Precitronics"},"image":{"@id":"https:\/\/precitronics.com\/es\/#\/schema\/logo\/image\/"}}]}},"_links":{"self":[{"href":"https:\/\/precitronics.com\/es\/wp-json\/wp\/v2\/pages\/88916"}],"collection":[{"href":"https:\/\/precitronics.com\/es\/wp-json\/wp\/v2\/pages"}],"about":[{"href":"https:\/\/precitronics.com\/es\/wp-json\/wp\/v2\/types\/page"}],"author":[{"embeddable":true,"href":"https:\/\/precitronics.com\/es\/wp-json\/wp\/v2\/users\/1"}],"replies":[{"embeddable":true,"href":"https:\/\/precitronics.com\/es\/wp-json\/wp\/v2\/comments?post=88916"}],"version-history":[{"count":9,"href":"https:\/\/precitronics.com\/es\/wp-json\/wp\/v2\/pages\/88916\/revisions"}],"predecessor-version":[{"id":95634,"href":"https:\/\/precitronics.com\/es\/wp-json\/wp\/v2\/pages\/88916\/revisions\/95634"}],"wp:attachment":[{"href":"https:\/\/precitronics.com\/es\/wp-json\/wp\/v2\/media?parent=88916"}],"curies":[{"name":"wp","href":"https:\/\/api.w.org\/{rel}","templated":true}]}}