{"id":88893,"date":"2021-07-21T09:18:23","date_gmt":"2021-07-21T09:18:23","guid":{"rendered":"http:\/\/precitronics.com\/contacto\/"},"modified":"2021-07-21T09:19:45","modified_gmt":"2021-07-21T09:19:45","slug":"contacto","status":"publish","type":"page","link":"https:\/\/precitronics.com\/es\/contacto\/","title":{"rendered":"Contacto"},"content":{"rendered":"<div class=\"wpb-content-wrapper\"><p>[vc_row row_height_percent=\u00bb0&#8243; override_padding=\u00bbyes\u00bb h_padding=\u00bb2&#8243; top_padding=\u00bb0&#8243; bottom_padding=\u00bb0&#8243; overlay_alpha=\u00bb50&#8243; gutter_size=\u00bb3&#8243; column_width_percent=\u00bb100&#8243; shift_y=\u00bb0&#8243; z_index=\u00bb0&#8243;][vc_column column_width_percent=\u00bb100&#8243; gutter_size=\u00bb3&#8243; override_padding=\u00bbyes\u00bb column_padding=\u00bb3&#8243; back_color=\u00bbcolor-xsdn\u00bb overlay_alpha=\u00bb50&#8243; shift_x=\u00bb0&#8243; shift_y=\u00bb-4&#8243; shift_y_fixed=\u00bbyes\u00bb shift_y_down=\u00bb0&#8243; z_index=\u00bb0&#8243; medium_width=\u00bb0&#8243; mobile_width=\u00bb0&#8243; width=\u00bb1\/1&#8243;][vc_row_inner row_inner_height_percent=\u00bb0&#8243; overlay_alpha=\u00bb50&#8243; equal_height=\u00bbyes\u00bb gutter_size=\u00bb0&#8243; shift_y=\u00bb0&#8243;][vc_column_inner column_width_percent=\u00bb100&#8243; position_vertical=\u00bbmiddle\u00bb align_horizontal=\u00bbalign_right\u00bb gutter_size=\u00bb3&#8243; override_padding=\u00bbyes\u00bb column_padding=\u00bb2&#8243; overlay_alpha=\u00bb50&#8243; border_color=\u00bbcolor-gyho\u00bb border_style=\u00bbsolid\u00bb shift_x=\u00bb0&#8243; shift_y=\u00bb0&#8243; shift_y_down=\u00bb0&#8243; z_index=\u00bb0&#8243; medium_width=\u00bb2&#8243; align_mobile=\u00bbalign_center_mobile\u00bb mobile_width=\u00bb0&#8243; width=\u00bb3\/12&#8243; css=\u00bb.vc_custom_1495102345881{border-right-width: 1px !important;}\u00bb][vc_custom_heading heading_semantic=\u00bbh3&#8243; text_size=\u00bbh3&#8243; text_weight=\u00bb200&#8243; text_transform=\u00bbuppercase\u00bb text_space=\u00bbfontspace-781688&#8243; text_color=\u00bbcolor-742106&#8243;]Contacte con nosotros[\/vc_custom_heading][\/vc_column_inner][vc_column_inner column_width_percent=\u00bb100&#8243; position_vertical=\u00bbmiddle\u00bb gutter_size=\u00bb3&#8243; override_padding=\u00bbyes\u00bb column_padding=\u00bb2&#8243; overlay_alpha=\u00bb50&#8243; shift_x=\u00bb0&#8243; shift_y=\u00bb0&#8243; shift_y_down=\u00bb0&#8243; z_index=\u00bb0&#8243; medium_width=\u00bb6&#8243; align_mobile=\u00bbalign_center_mobile\u00bb mobile_width=\u00bb0&#8243; width=\u00bb9\/12&#8243;][vc_custom_heading text_size=\u00bbfontsize-155944&#8243; text_weight=\u00bb200&#8243; text_space=\u00bbfontspace-781688&#8243;]\u00bfTiene alguna pregunta sobre nuestros productos? Cu\u00e9ntanos tu proyecto.[\/vc_custom_heading][\/vc_column_inner][\/vc_row_inner][\/vc_column][\/vc_row][vc_row row_height_percent=\u00bb0&#8243; override_padding=\u00bbyes\u00bb h_padding=\u00bb2&#8243; top_padding=\u00bb0&#8243; bottom_padding=\u00bb4&#8243; overlay_alpha=\u00bb50&#8243; equal_height=\u00bbyes\u00bb gutter_size=\u00bb0&#8243; column_width_percent=\u00bb100&#8243; shift_y=\u00bb0&#8243; z_index=\u00bb0&#8243;][vc_column column_width_percent=\u00bb100&#8243; align_horizontal=\u00bbalign_center\u00bb gutter_size=\u00bb2&#8243; override_padding=\u00bbyes\u00bb column_padding=\u00bb3&#8243; font_family=\u00bbfont-202503&#8243; overlay_alpha=\u00bb50&#8243; border_color=\u00bbcolor-gyho\u00bb border_style=\u00bbsolid\u00bb shift_x=\u00bb0&#8243; shift_y=\u00bb0&#8243; shift_y_down=\u00bb0&#8243; z_index=\u00bb0&#8243; medium_width=\u00bb3&#8243; mobile_width=\u00bb0&#8243; width=\u00bb1\/1&#8243; css=\u00bb.vc_custom_1495111950280{border-right-width: 1px !important;}\u00bb][vc_icon icon=\u00bbfa fa-desktop2&#8243; icon_color=\u00bbcolor-742106&#8243; size=\u00bbfa-3x\u00bb text_size=\u00bbh2&#8243; text_weight=\u00bb400&#8243; text_space=\u00bbfontspace-111509&#8243; text_lead=\u00bbyes\u00bb title=\u00bbDepartmento comercial\u00bb][\/vc_icon][vc_column_text text_lead=\u00bbyes\u00bb]<a href=\"&quot;mailto:commercial@precitronics.com\">commercial@precitronics.com<\/a>[\/vc_column_text][\/vc_column][\/vc_row][vc_row unlock_row=\u00bb\u00bb row_height_percent=\u00bb50&#8243; override_padding=\u00bbyes\u00bb h_padding=\u00bb0&#8243; top_padding=\u00bb0&#8243; bottom_padding=\u00bb4&#8243; overlay_alpha=\u00bb100&#8243; gutter_size=\u00bb100&#8243; column_width_percent=\u00bb100&#8243; shift_y=\u00bb0&#8243; z_index=\u00bb0&#8243; row_height_use_pixel=\u00bbyes\u00bb style=\u00bbinherited\u00bb row_height_pixel=\u00bb300&#8243;][vc_column column_width_percent=\u00bb100&#8243; position_horizontal=\u00bbleft\u00bb expand_height=\u00bbyes\u00bb overlay_alpha=\u00bb100&#8243; medium_width=\u00bb0&#8243; width=\u00bb1\/1&#8243; zoom_width=\u00bb0&#8243; zoom_height=\u00bb0&#8243;][vc_column_text text_lead=\u00bbyes\u00bb]<iframe style=\"border: 0;\" tabindex=\"0\" src=\"https:\/\/www.google.com\/maps\/embed?pb=!1m18!1m12!1m3!1d2986.87712989554!2d2.221313916151031!3d41.528602095190394!2m3!1f0!2f0!3f0!3m2!1i1024!2i768!4f13.1!3m3!1m2!1s0x12a4b95e749ddded%3A0xe67e3b3ec6293422!2sMadaula%2C%20S.A.!5e0!3m2!1sca!2ses!4v1611240929273!5m2!1sca!2ses\" width=\"100%\" height=\"400\" frameborder=\"0\" allowfullscreen=\"allowfullscreen\" aria-hidden=\"false\"><\/iframe>[\/vc_column_text][\/vc_column][\/vc_row][vc_row row_height_percent=\u00bb0&#8243; override_padding=\u00bbyes\u00bb h_padding=\u00bb0&#8243; top_padding=\u00bb0&#8243; bottom_padding=\u00bb4&#8243; overlay_alpha=\u00bb50&#8243; gutter_size=\u00bb3&#8243; column_width_percent=\u00bb100&#8243; shift_y=\u00bb0&#8243; z_index=\u00bb0&#8243;][vc_column column_width_use_pixel=\u00bbyes\u00bb gutter_size=\u00bb3&#8243; font_family=\u00bbfont-329340&#8243; overlay_alpha=\u00bb50&#8243; shift_x=\u00bb0&#8243; shift_y=\u00bb0&#8243; shift_y_down=\u00bb0&#8243; z_index=\u00bb0&#8243; medium_width=\u00bb0&#8243; align_mobile=\u00bbalign_center_mobile\u00bb mobile_width=\u00bb0&#8243; width=\u00bb1\/1&#8243; column_width_pixel=\u00bb800&#8243;][vc_row_inner][vc_column_inner column_width_percent=\u00bb100&#8243; align_horizontal=\u00bbalign_center\u00bb gutter_size=\u00bb2&#8243; overlay_alpha=\u00bb50&#8243; shift_x=\u00bb0&#8243; shift_y=\u00bb0&#8243; shift_y_down=\u00bb0&#8243; z_index=\u00bb0&#8243; medium_width=\u00bb0&#8243; mobile_width=\u00bb0&#8243; width=\u00bb1\/1&#8243;]\n<div class=\"wpcf7 no-js\" id=\"wpcf7-f88906-o1\" lang=\"es-ES\" dir=\"ltr\" data-wpcf7-id=\"88906\">\n<div class=\"screen-reader-response\"><p role=\"status\" aria-live=\"polite\" aria-atomic=\"true\"><\/p> <ul><\/ul><\/div>\n<form action=\"\/es\/wp-json\/wp\/v2\/pages\/88893#wpcf7-f88906-o1\" method=\"post\" class=\"wpcf7-form init input-background\" aria-label=\"Formulario de contacto\" novalidate=\"novalidate\" data-status=\"init\">\n<div style=\"display: none;\">\n<input type=\"hidden\" name=\"_wpcf7\" value=\"88906\" \/>\n<input type=\"hidden\" name=\"_wpcf7_version\" value=\"6.0.6\" \/>\n<input type=\"hidden\" name=\"_wpcf7_locale\" value=\"es_ES\" \/>\n<input type=\"hidden\" name=\"_wpcf7_unit_tag\" value=\"wpcf7-f88906-o1\" \/>\n<input type=\"hidden\" name=\"_wpcf7_container_post\" value=\"0\" \/>\n<input type=\"hidden\" name=\"_wpcf7_posted_data_hash\" value=\"\" \/>\n<input type=\"hidden\" name=\"_wpcf7_recaptcha_response\" value=\"\" \/>\n<\/div>\n<p><span class=\"wpcf7-form-control-wrap\" data-name=\"your-fullname\"><input size=\"40\" maxlength=\"400\" class=\"wpcf7-form-control wpcf7-text wpcf7-validates-as-required form-fluid\" aria-required=\"true\" aria-invalid=\"false\" placeholder=\"Nombre y apellidos\" value=\"\" type=\"text\" name=\"your-fullname\" \/><\/span>\n<\/p>\n<div class=\"wpcf7-inline-wrapper\">\n\t<p class=\"wpcf7-inline-field\"><span class=\"wpcf7-form-control-wrap\" data-name=\"your-email\"><input size=\"40\" maxlength=\"400\" class=\"wpcf7-form-control wpcf7-email wpcf7-validates-as-required wpcf7-text wpcf7-validates-as-email\" aria-required=\"true\" aria-invalid=\"false\" placeholder=\"Email\" value=\"\" type=\"email\" name=\"your-email\" \/><\/span>\n\t<\/p>\n\t<p class=\"wpcf7-inline-field\"><span class=\"wpcf7-form-control-wrap\" data-name=\"your-telephone\"><input size=\"40\" maxlength=\"400\" class=\"wpcf7-form-control wpcf7-text wpcf7-validates-as-required form-fluid\" aria-required=\"true\" aria-invalid=\"false\" placeholder=\"Tel\u00e9fono\" value=\"\" type=\"text\" name=\"your-telephone\" \/><\/span>\n\t<\/p>\n<\/div>\n<p><span class=\"wpcf7-form-control-wrap\" data-name=\"your-company\"><input size=\"40\" maxlength=\"400\" class=\"wpcf7-form-control wpcf7-text wpcf7-validates-as-required form-fluid\" aria-required=\"true\" aria-invalid=\"false\" placeholder=\"Empresa\" value=\"\" type=\"text\" name=\"your-company\" \/><\/span>\n<\/p>\n<p><span class=\"wpcf7-form-control-wrap\" data-name=\"menu-640\"><select class=\"wpcf7-form-control wpcf7-select\" aria-invalid=\"false\" name=\"menu-640\"><option value=\"Departmento para contactar &gt;\">Departmento para contactar &gt;<\/option><option value=\"Comercial\">Comercial<\/option><option value=\"Ingenieria\">Ingenieria<\/option><option value=\"Servicio t\u00e9cnico\">Servicio t\u00e9cnico<\/option><option value=\"Administraci\u00f3n\">Administraci\u00f3n<\/option><option value=\"General\">General<\/option><\/select><\/span>\n<\/p>\n<p><span class=\"wpcf7-form-control-wrap\" data-name=\"your-subject\"><input size=\"40\" maxlength=\"400\" class=\"wpcf7-form-control wpcf7-text wpcf7-validates-as-required form-fluid\" aria-required=\"true\" aria-invalid=\"false\" placeholder=\"Asunto\" value=\"\" type=\"text\" name=\"your-subject\" \/><\/span>\n<\/p>\n<p><span class=\"wpcf7-form-control-wrap\" data-name=\"your-message\"><textarea cols=\"40\" rows=\"8\" maxlength=\"2000\" class=\"wpcf7-form-control wpcf7-textarea\" aria-invalid=\"false\" placeholder=\"Mensaje\" name=\"your-message\"><\/textarea><\/span>\n<\/p>\n<center>\n<span class=\"wpcf7-form-control-wrap recaptcha\" data-name=\"recaptcha\"><span data-sitekey=\"6Lc18dsaAAAAAHU5PU7zzNwFrtuMTnzVn0CgZ6Y_\" class=\"wpcf7-form-control wpcf7-recaptcha g-recaptcha\"><\/span>\r\n<noscript>\r\n\t<div class=\"grecaptcha-noscript\">\r\n\t\t<iframe src=\"https:\/\/www.google.com\/recaptcha\/api\/fallback?k=6Lc18dsaAAAAAHU5PU7zzNwFrtuMTnzVn0CgZ6Y_\" frameborder=\"0\" scrolling=\"no\" width=\"310\" height=\"430\">\r\n\t\t<\/iframe>\r\n\t\t<textarea name=\"g-recaptcha-response\" rows=\"3\" cols=\"40\" placeholder=\"Aqu\u00ed la respuesta de reCAPTCHA\">\r\n\t\t<\/textarea>\r\n\t<\/div>\r\n<\/noscript>\r\n<\/span>\n<\/center>\n<p><span class=\"wpcf7-form-control-wrap\" data-name=\"accept-this-1\"><span class=\"wpcf7-form-control wpcf7-acceptance\"><span class=\"wpcf7-list-item\"><label><input type=\"checkbox\" name=\"accept-this-1\" value=\"1\" aria-invalid=\"false\" \/><span class=\"wpcf7-list-item-label\">He le\u00eddo y acepto la <a href=\"https:\/\/precitronics.com\/es\/politica-de-privacidad\/\">Pol\u00edtica de privacidad <\/a><\/span><\/label><\/span><\/span><\/span>\n<\/p>\n<p><input class=\"wpcf7-form-control wpcf7-submit has-spinner btn btn-accent\" type=\"submit\" value=\"Enviar\" \/>\n<\/p><div class=\"wpcf7-response-output\" aria-hidden=\"true\"><\/div>\n<\/form>\n<\/div>\n[\/vc_column_inner][\/vc_row_inner][\/vc_column][\/vc_row]<\/p>\n<\/div>","protected":false},"excerpt":{"rendered":"<p>[vc_row row_height_percent=\u00bb0&#8243; override_padding=\u00bbyes\u00bb h_padding=\u00bb2&#8243; top_padding=\u00bb0&#8243; bottom_padding=\u00bb0&#8243; overlay_alpha=\u00bb50&#8243; gutter_size=\u00bb3&#8243; column_width_percent=\u00bb100&#8243; shift_y=\u00bb0&#8243; z_index=\u00bb0&#8243;][vc_column column_width_percent=\u00bb100&#8243; gutter_size=\u00bb3&#8243; override_padding=\u00bbyes\u00bb column_padding=\u00bb3&#8243; back_color=\u00bbcolor-xsdn\u00bb overlay_alpha=\u00bb50&#8243; shift_x=\u00bb0&#8243; shift_y=\u00bb-4&#8243; shift_y_fixed=\u00bbyes\u00bb [&hellip;]<\/p>\n","protected":false},"author":1,"featured_media":84823,"parent":0,"menu_order":0,"comment_status":"closed","ping_status":"closed","template":"","meta":{"_acf_changed":false,"footnotes":""},"class_list":["post-88893","page","type-page","status-publish","has-post-thumbnail","hentry"],"acf":[],"yoast_head":"<!-- This site is optimized with the Yoast SEO plugin v25.6 - https:\/\/yoast.com\/wordpress\/plugins\/seo\/ -->\n<title>PRECITRONICS | Contacto us | Consultas generales, tel\u00e9fono y correo electr\u00f3nico<\/title>\n<meta name=\"description\" content=\"Contacte con nosotros. Carrer Rec del Mol\u00ed, 22. Sant Fost de Campsentalles, 08105 BCN - Spain. Tel\u00e9fono+34 935 445 593 Direcci\u00f3n de correo electr\u00f3nico: commercial@precitronics.com\" \/>\n<meta name=\"robots\" content=\"index, follow, max-snippet:-1, max-image-preview:large, max-video-preview:-1\" \/>\n<link rel=\"canonical\" href=\"https:\/\/precitronics.com\/es\/contacto\/\" \/>\n<meta property=\"og:locale\" content=\"es_ES\" \/>\n<meta property=\"og:type\" content=\"article\" \/>\n<meta property=\"og:title\" content=\"PRECITRONICS | Contacto us | Consultas generales, tel\u00e9fono y correo electr\u00f3nico\" \/>\n<meta property=\"og:description\" content=\"Contacte con nosotros. Carrer Rec del Mol\u00ed, 22. Sant Fost de Campsentalles, 08105 BCN - Spain. Tel\u00e9fono+34 935 445 593 Direcci\u00f3n de correo electr\u00f3nico: commercial@precitronics.com\" \/>\n<meta property=\"og:url\" content=\"https:\/\/precitronics.com\/es\/contacto\/\" \/>\n<meta property=\"og:site_name\" content=\"PRECITRONICS\" \/>\n<meta property=\"article:modified_time\" content=\"2021-07-21T09:19:45+00:00\" \/>\n<meta property=\"og:image\" content=\"https:\/\/precitronics.com\/wp-content\/uploads\/2021\/01\/entrada-madaula-contact.jpg\" \/>\n\t<meta property=\"og:image:width\" content=\"1920\" \/>\n\t<meta property=\"og:image:height\" content=\"1122\" \/>\n\t<meta property=\"og:image:type\" content=\"image\/jpeg\" \/>\n<meta name=\"twitter:card\" content=\"summary_large_image\" \/>\n<meta name=\"twitter:label1\" content=\"Tiempo de lectura\" \/>\n\t<meta name=\"twitter:data1\" content=\"3 minutos\" \/>\n<script type=\"application\/ld+json\" class=\"yoast-schema-graph\">{\"@context\":\"https:\/\/schema.org\",\"@graph\":[{\"@type\":\"WebPage\",\"@id\":\"https:\/\/precitronics.com\/es\/contacto\/\",\"url\":\"https:\/\/precitronics.com\/es\/contacto\/\",\"name\":\"PRECITRONICS | Contacto us | Consultas generales, tel\u00e9fono y correo electr\u00f3nico\",\"isPartOf\":{\"@id\":\"https:\/\/precitronics.com\/es\/#website\"},\"primaryImageOfPage\":{\"@id\":\"https:\/\/precitronics.com\/es\/contacto\/#primaryimage\"},\"image\":{\"@id\":\"https:\/\/precitronics.com\/es\/contacto\/#primaryimage\"},\"thumbnailUrl\":\"https:\/\/precitronics.com\/wp-content\/uploads\/2021\/01\/entrada-madaula-contact.jpg\",\"datePublished\":\"2021-07-21T09:18:23+00:00\",\"dateModified\":\"2021-07-21T09:19:45+00:00\",\"description\":\"Contacte con nosotros. Carrer Rec del Mol\u00ed, 22. Sant Fost de Campsentalles, 08105 BCN - Spain. Tel\u00e9fono+34 935 445 593 Direcci\u00f3n de correo electr\u00f3nico: commercial@precitronics.com\",\"breadcrumb\":{\"@id\":\"https:\/\/precitronics.com\/es\/contacto\/#breadcrumb\"},\"inLanguage\":\"es\",\"potentialAction\":[{\"@type\":\"ReadAction\",\"target\":[\"https:\/\/precitronics.com\/es\/contacto\/\"]}]},{\"@type\":\"ImageObject\",\"inLanguage\":\"es\",\"@id\":\"https:\/\/precitronics.com\/es\/contacto\/#primaryimage\",\"url\":\"https:\/\/precitronics.com\/wp-content\/uploads\/2021\/01\/entrada-madaula-contact.jpg\",\"contentUrl\":\"https:\/\/precitronics.com\/wp-content\/uploads\/2021\/01\/entrada-madaula-contact.jpg\",\"width\":1920,\"height\":1122},{\"@type\":\"BreadcrumbList\",\"@id\":\"https:\/\/precitronics.com\/es\/contacto\/#breadcrumb\",\"itemListElement\":[{\"@type\":\"ListItem\",\"position\":1,\"name\":\"Home\",\"item\":\"https:\/\/precitronics.com\/es\/\"},{\"@type\":\"ListItem\",\"position\":2,\"name\":\"Contacto\"}]},{\"@type\":\"WebSite\",\"@id\":\"https:\/\/precitronics.com\/es\/#website\",\"url\":\"https:\/\/precitronics.com\/es\/\",\"name\":\"PRECITRONICS\",\"description\":\"Swiss Type Technology\",\"publisher\":{\"@id\":\"https:\/\/precitronics.com\/es\/#organization\"},\"potentialAction\":[{\"@type\":\"SearchAction\",\"target\":{\"@type\":\"EntryPoint\",\"urlTemplate\":\"https:\/\/precitronics.com\/es\/?s={search_term_string}\"},\"query-input\":{\"@type\":\"PropertyValueSpecification\",\"valueRequired\":true,\"valueName\":\"search_term_string\"}}],\"inLanguage\":\"es\"},{\"@type\":\"Organization\",\"@id\":\"https:\/\/precitronics.com\/es\/#organization\",\"name\":\"Precitronics\",\"url\":\"https:\/\/precitronics.com\/es\/\",\"logo\":{\"@type\":\"ImageObject\",\"inLanguage\":\"es\",\"@id\":\"https:\/\/precitronics.com\/es\/#\/schema\/logo\/image\/\",\"url\":\"https:\/\/precitronics.com\/wp-content\/uploads\/2020\/11\/precitronics-logo-light.svg\",\"contentUrl\":\"https:\/\/precitronics.com\/wp-content\/uploads\/2020\/11\/precitronics-logo-light.svg\",\"width\":1,\"height\":1,\"caption\":\"Precitronics\"},\"image\":{\"@id\":\"https:\/\/precitronics.com\/es\/#\/schema\/logo\/image\/\"}}]}<\/script>\n<!-- \/ Yoast SEO plugin. -->","yoast_head_json":{"title":"PRECITRONICS | Contacto us | Consultas generales, tel\u00e9fono y correo electr\u00f3nico","description":"Contacte con nosotros. Carrer Rec del Mol\u00ed, 22. Sant Fost de Campsentalles, 08105 BCN - Spain. Tel\u00e9fono+34 935 445 593 Direcci\u00f3n de correo electr\u00f3nico: commercial@precitronics.com","robots":{"index":"index","follow":"follow","max-snippet":"max-snippet:-1","max-image-preview":"max-image-preview:large","max-video-preview":"max-video-preview:-1"},"canonical":"https:\/\/precitronics.com\/es\/contacto\/","og_locale":"es_ES","og_type":"article","og_title":"PRECITRONICS | Contacto us | Consultas generales, tel\u00e9fono y correo electr\u00f3nico","og_description":"Contacte con nosotros. Carrer Rec del Mol\u00ed, 22. Sant Fost de Campsentalles, 08105 BCN - Spain. Tel\u00e9fono+34 935 445 593 Direcci\u00f3n de correo electr\u00f3nico: commercial@precitronics.com","og_url":"https:\/\/precitronics.com\/es\/contacto\/","og_site_name":"PRECITRONICS","article_modified_time":"2021-07-21T09:19:45+00:00","og_image":[{"width":1920,"height":1122,"url":"https:\/\/precitronics.com\/wp-content\/uploads\/2021\/01\/entrada-madaula-contact.jpg","type":"image\/jpeg"}],"twitter_card":"summary_large_image","twitter_misc":{"Tiempo de lectura":"3 minutos"},"schema":{"@context":"https:\/\/schema.org","@graph":[{"@type":"WebPage","@id":"https:\/\/precitronics.com\/es\/contacto\/","url":"https:\/\/precitronics.com\/es\/contacto\/","name":"PRECITRONICS | Contacto us | Consultas generales, tel\u00e9fono y correo electr\u00f3nico","isPartOf":{"@id":"https:\/\/precitronics.com\/es\/#website"},"primaryImageOfPage":{"@id":"https:\/\/precitronics.com\/es\/contacto\/#primaryimage"},"image":{"@id":"https:\/\/precitronics.com\/es\/contacto\/#primaryimage"},"thumbnailUrl":"https:\/\/precitronics.com\/wp-content\/uploads\/2021\/01\/entrada-madaula-contact.jpg","datePublished":"2021-07-21T09:18:23+00:00","dateModified":"2021-07-21T09:19:45+00:00","description":"Contacte con nosotros. Carrer Rec del Mol\u00ed, 22. Sant Fost de Campsentalles, 08105 BCN - Spain. Tel\u00e9fono+34 935 445 593 Direcci\u00f3n de correo electr\u00f3nico: commercial@precitronics.com","breadcrumb":{"@id":"https:\/\/precitronics.com\/es\/contacto\/#breadcrumb"},"inLanguage":"es","potentialAction":[{"@type":"ReadAction","target":["https:\/\/precitronics.com\/es\/contacto\/"]}]},{"@type":"ImageObject","inLanguage":"es","@id":"https:\/\/precitronics.com\/es\/contacto\/#primaryimage","url":"https:\/\/precitronics.com\/wp-content\/uploads\/2021\/01\/entrada-madaula-contact.jpg","contentUrl":"https:\/\/precitronics.com\/wp-content\/uploads\/2021\/01\/entrada-madaula-contact.jpg","width":1920,"height":1122},{"@type":"BreadcrumbList","@id":"https:\/\/precitronics.com\/es\/contacto\/#breadcrumb","itemListElement":[{"@type":"ListItem","position":1,"name":"Home","item":"https:\/\/precitronics.com\/es\/"},{"@type":"ListItem","position":2,"name":"Contacto"}]},{"@type":"WebSite","@id":"https:\/\/precitronics.com\/es\/#website","url":"https:\/\/precitronics.com\/es\/","name":"PRECITRONICS","description":"Swiss Type Technology","publisher":{"@id":"https:\/\/precitronics.com\/es\/#organization"},"potentialAction":[{"@type":"SearchAction","target":{"@type":"EntryPoint","urlTemplate":"https:\/\/precitronics.com\/es\/?s={search_term_string}"},"query-input":{"@type":"PropertyValueSpecification","valueRequired":true,"valueName":"search_term_string"}}],"inLanguage":"es"},{"@type":"Organization","@id":"https:\/\/precitronics.com\/es\/#organization","name":"Precitronics","url":"https:\/\/precitronics.com\/es\/","logo":{"@type":"ImageObject","inLanguage":"es","@id":"https:\/\/precitronics.com\/es\/#\/schema\/logo\/image\/","url":"https:\/\/precitronics.com\/wp-content\/uploads\/2020\/11\/precitronics-logo-light.svg","contentUrl":"https:\/\/precitronics.com\/wp-content\/uploads\/2020\/11\/precitronics-logo-light.svg","width":1,"height":1,"caption":"Precitronics"},"image":{"@id":"https:\/\/precitronics.com\/es\/#\/schema\/logo\/image\/"}}]}},"_links":{"self":[{"href":"https:\/\/precitronics.com\/es\/wp-json\/wp\/v2\/pages\/88893"}],"collection":[{"href":"https:\/\/precitronics.com\/es\/wp-json\/wp\/v2\/pages"}],"about":[{"href":"https:\/\/precitronics.com\/es\/wp-json\/wp\/v2\/types\/page"}],"author":[{"embeddable":true,"href":"https:\/\/precitronics.com\/es\/wp-json\/wp\/v2\/users\/1"}],"replies":[{"embeddable":true,"href":"https:\/\/precitronics.com\/es\/wp-json\/wp\/v2\/comments?post=88893"}],"version-history":[{"count":2,"href":"https:\/\/precitronics.com\/es\/wp-json\/wp\/v2\/pages\/88893\/revisions"}],"predecessor-version":[{"id":88895,"href":"https:\/\/precitronics.com\/es\/wp-json\/wp\/v2\/pages\/88893\/revisions\/88895"}],"wp:featuredmedia":[{"embeddable":true,"href":"https:\/\/precitronics.com\/es\/wp-json\/wp\/v2\/media\/84823"}],"wp:attachment":[{"href":"https:\/\/precitronics.com\/es\/wp-json\/wp\/v2\/media?parent=88893"}],"curies":[{"name":"wp","href":"https:\/\/api.w.org\/{rel}","templated":true}]}}